{"id":2598,"date":"2022-03-17T11:28:09","date_gmt":"2022-03-17T10:28:09","guid":{"rendered":"https:\/\/amb.hu\/home\/"},"modified":"2026-04-01T14:23:09","modified_gmt":"2026-04-01T12:23:09","slug":"fooldal","status":"publish","type":"page","link":"https:\/\/amb.hu\/hu\/","title":{"rendered":"F\u0151oldal"},"content":{"rendered":"\t\t<div data-elementor-type=\"wp-page\" data-elementor-id=\"2598\" class=\"elementor elementor-2598 elementor-10\" data-elementor-post-type=\"page\">\n\t\t\t\t\t\t<section class=\"elementor-section elementor-top-section elementor-element elementor-element-366c263 elementor-section-boxed elementor-section-height-default elementor-section-height-default\" data-id=\"366c263\" data-element_type=\"section\" data-e-type=\"section\">\n\t\t\t\t\t\t<div class=\"elementor-container elementor-column-gap-default\">\n\t\t\t\t\t<div class=\"elementor-column elementor-col-100 elementor-top-column elementor-element elementor-element-8248789\" data-id=\"8248789\" data-element_type=\"column\" data-e-type=\"column\">\n\t\t\t<div class=\"elementor-widget-wrap elementor-element-populated\">\n\t\t\t\t\t\t<div class=\"elementor-element elementor-element-5c4e459 elementor-widget elementor-widget-video\" data-id=\"5c4e459\" data-element_type=\"widget\" data-e-type=\"widget\" data-settings=\"{&quot;youtube_url&quot;:&quot;https:\\\/\\\/www.youtube.com\\\/watch?v=43ywKBs-jM4&quot;,&quot;autoplay&quot;:&quot;yes&quot;,&quot;play_on_mobile&quot;:&quot;yes&quot;,&quot;mute&quot;:&quot;yes&quot;,&quot;video_type&quot;:&quot;youtube&quot;,&quot;controls&quot;:&quot;yes&quot;}\" data-widget_type=\"video.default\">\n\t\t\t\t<div class=\"elementor-widget-container\">\n\t\t\t\t\t\t\t<div class=\"elementor-wrapper elementor-open-inline\">\n\t\t\t<div class=\"elementor-video\"><\/div>\t\t<\/div>\n\t\t\t\t\t\t<\/div>\n\t\t\t\t<\/div>\n\t\t\t\t\t<\/div>\n\t\t<\/div>\n\t\t\t\t\t<\/div>\n\t\t<\/section>\n\t\t\t\t<section class=\"elementor-section elementor-top-section elementor-element elementor-element-db2c723 elementor-section-boxed elementor-section-height-default elementor-section-height-default\" data-id=\"db2c723\" data-element_type=\"section\" data-e-type=\"section\">\n\t\t\t\t\t\t<div class=\"elementor-container elementor-column-gap-default\">\n\t\t\t\t\t<div class=\"elementor-column elementor-col-50 elementor-top-column elementor-element elementor-element-737eccc\" data-id=\"737eccc\" data-element_type=\"column\" data-e-type=\"column\">\n\t\t\t<div class=\"elementor-widget-wrap elementor-element-populated\">\n\t\t\t\t\t\t<div class=\"elementor-element elementor-element-b720682 elementor-widget elementor-widget-text-editor\" data-id=\"b720682\" data-element_type=\"widget\" data-e-type=\"widget\" data-widget_type=\"text-editor.default\">\n\t\t\t\t<div class=\"elementor-widget-container\">\n\t\t\t\t\t\t\t\t\t<p>A 2011-ben l\u00e9trej\u00f6tt <strong>ART MARKET BUDAPEST<\/strong>\u00a0nemzetk\u00f6zi kort\u00e1rs k\u00e9pz\u0151m\u0171v\u00e9szeti v\u00e1s\u00e1r olyan egyed\u00fcl\u00e1ll\u00f3 m\u0171v\u00e9szeti kompoz\u00edci\u00f3t mutat be Eur\u00f3pa kultur\u00e1lis szempontb\u00f3l egyik legizgalmasabb r\u00e9gi\u00f3j\u00e1ban \u00e9s v\u00e1ros\u00e1ban, amely kiemelten kezeli az \u00fajszer\u0171, inspir\u00e1l\u00f3 m\u0171v\u00e9szeti tartalmakat, a j\u00f6v\u0151 \u00e9pp most felemelked\u0151 szt\u00e1rjait, olyan friss m\u0171v\u00e9szeti inspir\u00e1ci\u00f3kra \u00e9p\u00edt, amelyek \u00e9pp annyira t\u00e1pl\u00e1lkozhatnak a felt\u00f6rekv\u0151 r\u00e9gi\u00f3k \u2013 kiemelten a poszt-kommunista kelet-eur\u00f3pai orsz\u00e1gok \u2013, mint a\u00a0fejlett Nyugat \u00faj, progressz\u00edv gener\u00e1ci\u00f3j\u00e1nak m\u0171v\u00e9szet\u00e9b\u0151l vagy m\u00e1s kontinensek Eur\u00f3p\u00e1ban m\u00e9g kev\u00e9ss\u00e9 felfedezett m\u0171v\u00e9szeti v\u00e1laszt\u00e9k\u00e1b\u00f3l.<\/p>\t\t\t\t\t\t\t\t<\/div>\n\t\t\t\t<\/div>\n\t\t\t\t\t<\/div>\n\t\t<\/div>\n\t\t\t\t<div class=\"elementor-column elementor-col-50 elementor-top-column elementor-element elementor-element-43e0a9e\" data-id=\"43e0a9e\" data-element_type=\"column\" data-e-type=\"column\">\n\t\t\t<div class=\"elementor-widget-wrap elementor-element-populated\">\n\t\t\t\t\t\t<div class=\"elementor-element elementor-element-aaf13a2 elementor-widget elementor-widget-text-editor\" data-id=\"aaf13a2\" data-element_type=\"widget\" data-e-type=\"widget\" data-widget_type=\"text-editor.default\">\n\t\t\t\t<div class=\"elementor-widget-container\">\n\t\t\t\t\t\t\t\t\t<p>Az\u00a0<span style=\"font-weight: bolder;\">ART MARKET BUDAPEST<\/span> ir\u00e1nti jelent\u0151s nemzetk\u00f6zi \u00e9rdekl\u0151d\u00e9s, az eddig 5 kontinens t\u00f6bb mint 50 orsz\u00e1g\u00e1b\u00f3l \u00e9rkezett ki\u00e1ll\u00edt\u00f3k \u00e9s az \u00e9vente n\u00f6vekv\u0151, 30.000 k\u00f6r\u00fcli l\u00e1togat\u00f3t sz\u00e1ml\u00e1l\u00f3 nemzetk\u00f6zi k\u00f6z\u00f6ns\u00e9g egy\u00e9rtelm\u0171v\u00e9 tette, hogy a m\u0171v\u00e9szeti vil\u00e1gnak \u00e9s a sz\u00e9les k\u00f6z\u00f6ns\u00e9gnek egyar\u00e1nt ig\u00e9nye van egy ilyen k\u00fcl\u00f6nleges m\u0171v\u00e9szeti platformra, amely friss impulzusokkal szolg\u00e1l mind az eur\u00f3pai, mind a glob\u00e1lis m\u0171v\u00e9szeti sz\u00ednt\u00e9r sz\u00e1m\u00e1ra.<\/p><p><strong>\u00a0<\/strong><\/p>\t\t\t\t\t\t\t\t<\/div>\n\t\t\t\t<\/div>\n\t\t\t\t\t<\/div>\n\t\t<\/div>\n\t\t\t\t\t<\/div>\n\t\t<\/section>\n\t\t\t\t<\/div>\n\t\t","protected":false},"excerpt":{"rendered":"<p>https:\/\/www.youtube.com\/watch?v=43ywKBs-jM4 A 2011-ben l\u00e9trej\u00f6tt ART MARKET BUDAPEST\u00a0nemzetk\u00f6zi kort\u00e1rs k\u00e9pz\u0151m\u0171v\u00e9szeti v\u00e1s\u00e1r olyan egyed\u00fcl\u00e1ll\u00f3 m\u0171v\u00e9szeti kompoz\u00edci\u00f3t mutat be Eur\u00f3pa kultur\u00e1lis szempontb\u00f3l egyik legizgalmasabb r\u00e9gi\u00f3j\u00e1ban \u00e9s v\u00e1ros\u00e1ban, amely kiemelten kezeli az \u00fajszer\u0171, inspir\u00e1l\u00f3 m\u0171v\u00e9szeti tartalmakat, a j\u00f6v\u0151 \u00e9pp most felemelked\u0151 szt\u00e1rjait, olyan friss m\u0171v\u00e9szeti inspir\u00e1ci\u00f3kra \u00e9p\u00edt, amelyek \u00e9pp annyira t\u00e1pl\u00e1lkozhatnak a felt\u00f6rekv\u0151 r\u00e9gi\u00f3k \u2013 kiemelten a poszt-kommunista kelet-eur\u00f3pai [&hellip;]<\/p>\n","protected":false},"author":1,"featured_media":0,"parent":0,"menu_order":0,"comment_status":"closed","ping_status":"closed","template":"","meta":{"footnotes":""},"class_list":["post-2598","page","type-page","status-publish","hentry"],"yoast_head":"<!-- This site is optimized with the Yoast SEO plugin v27.3 - https:\/\/yoast.com\/product\/yoast-seo-wordpress\/ -->\n<title>Art Market Budapest | NEMZETK\u00d6ZI KORT\u00c1RS M\u0170V\u00c9SZETI V\u00c1S\u00c1R<\/title>\n<meta name=\"robots\" content=\"index, follow, max-snippet:-1, max-image-preview:large, max-video-preview:-1\" \/>\n<link rel=\"canonical\" href=\"https:\/\/amb.hu\/hu\/\" \/>\n<meta property=\"og:locale\" content=\"hu_HU\" \/>\n<meta property=\"og:type\" content=\"article\" \/>\n<meta property=\"og:title\" content=\"Art Market Budapest | NEMZETK\u00d6ZI KORT\u00c1RS M\u0170V\u00c9SZETI V\u00c1S\u00c1R\" \/>\n<meta property=\"og:description\" content=\"https:\/\/www.youtube.com\/watch?v=43ywKBs-jM4 A 2011-ben l\u00e9trej\u00f6tt ART MARKET BUDAPEST\u00a0nemzetk\u00f6zi kort\u00e1rs k\u00e9pz\u0151m\u0171v\u00e9szeti v\u00e1s\u00e1r olyan egyed\u00fcl\u00e1ll\u00f3 m\u0171v\u00e9szeti kompoz\u00edci\u00f3t mutat be Eur\u00f3pa kultur\u00e1lis szempontb\u00f3l egyik legizgalmasabb r\u00e9gi\u00f3j\u00e1ban \u00e9s v\u00e1ros\u00e1ban, amely kiemelten kezeli az \u00fajszer\u0171, inspir\u00e1l\u00f3 m\u0171v\u00e9szeti tartalmakat, a j\u00f6v\u0151 \u00e9pp most felemelked\u0151 szt\u00e1rjait, olyan friss m\u0171v\u00e9szeti inspir\u00e1ci\u00f3kra \u00e9p\u00edt, amelyek \u00e9pp annyira t\u00e1pl\u00e1lkozhatnak a felt\u00f6rekv\u0151 r\u00e9gi\u00f3k \u2013 kiemelten a poszt-kommunista kelet-eur\u00f3pai [&hellip;]\" \/>\n<meta property=\"og:url\" content=\"https:\/\/amb.hu\/hu\/\" \/>\n<meta property=\"og:site_name\" content=\"Art Market Budapest\" \/>\n<meta property=\"article:publisher\" content=\"https:\/\/www.facebook.com\/ArtMarketBudapest\/\" \/>\n<meta property=\"article:modified_time\" content=\"2026-04-01T12:23:09+00:00\" \/>\n<meta property=\"og:image\" content=\"https:\/\/amb.hu\/wp-content\/uploads\/2023\/01\/amb-facebook.png\" \/>\n\t<meta property=\"og:image:width\" content=\"1200\" \/>\n\t<meta property=\"og:image:height\" content=\"630\" \/>\n\t<meta property=\"og:image:type\" content=\"image\/png\" \/>\n<meta name=\"twitter:card\" content=\"summary_large_image\" \/>\n<meta name=\"twitter:label1\" content=\"Becs\u00fclt olvas\u00e1si id\u0151\" \/>\n\t<meta name=\"twitter:data1\" content=\"1 perc\" \/>\n<script type=\"application\/ld+json\" class=\"yoast-schema-graph\">{\"@context\":\"https:\\\/\\\/schema.org\",\"@graph\":[{\"@type\":\"WebPage\",\"@id\":\"https:\\\/\\\/amb.hu\\\/hu\\\/\",\"url\":\"https:\\\/\\\/amb.hu\\\/hu\\\/\",\"name\":\"Art Market Budapest | NEMZETK\u00d6ZI KORT\u00c1RS M\u0170V\u00c9SZETI V\u00c1S\u00c1R\",\"isPartOf\":{\"@id\":\"https:\\\/\\\/amb.hu\\\/hu\\\/#website\"},\"datePublished\":\"2022-03-17T10:28:09+00:00\",\"dateModified\":\"2026-04-01T12:23:09+00:00\",\"breadcrumb\":{\"@id\":\"https:\\\/\\\/amb.hu\\\/hu\\\/#breadcrumb\"},\"inLanguage\":\"hu\",\"potentialAction\":[{\"@type\":\"ReadAction\",\"target\":[\"https:\\\/\\\/amb.hu\\\/hu\\\/\"]}]},{\"@type\":\"BreadcrumbList\",\"@id\":\"https:\\\/\\\/amb.hu\\\/hu\\\/#breadcrumb\",\"itemListElement\":[{\"@type\":\"ListItem\",\"position\":1,\"name\":\"Kezd\u0151lap\",\"item\":\"https:\\\/\\\/amb.hu\\\/hu\\\/\"},{\"@type\":\"ListItem\",\"position\":2,\"name\":\"F\u0151oldal\"}]},{\"@type\":\"WebSite\",\"@id\":\"https:\\\/\\\/amb.hu\\\/hu\\\/#website\",\"url\":\"https:\\\/\\\/amb.hu\\\/hu\\\/\",\"name\":\"Art Market Budapest\",\"description\":\"International Contemporary Art Fair\",\"publisher\":{\"@id\":\"https:\\\/\\\/amb.hu\\\/hu\\\/#organization\"},\"potentialAction\":[{\"@type\":\"SearchAction\",\"target\":{\"@type\":\"EntryPoint\",\"urlTemplate\":\"https:\\\/\\\/amb.hu\\\/hu\\\/?s={search_term_string}\"},\"query-input\":{\"@type\":\"PropertyValueSpecification\",\"valueRequired\":true,\"valueName\":\"search_term_string\"}}],\"inLanguage\":\"hu\"},{\"@type\":\"Organization\",\"@id\":\"https:\\\/\\\/amb.hu\\\/hu\\\/#organization\",\"name\":\"Art Market Budapest\",\"url\":\"https:\\\/\\\/amb.hu\\\/hu\\\/\",\"logo\":{\"@type\":\"ImageObject\",\"inLanguage\":\"hu\",\"@id\":\"https:\\\/\\\/amb.hu\\\/hu\\\/#\\\/schema\\\/logo\\\/image\\\/\",\"url\":\"https:\\\/\\\/amb.hu\\\/wp-content\\\/uploads\\\/2022\\\/08\\\/logo-art-market-budapest.svg\",\"contentUrl\":\"https:\\\/\\\/amb.hu\\\/wp-content\\\/uploads\\\/2022\\\/08\\\/logo-art-market-budapest.svg\",\"width\":159,\"height\":63,\"caption\":\"Art Market Budapest\"},\"image\":{\"@id\":\"https:\\\/\\\/amb.hu\\\/hu\\\/#\\\/schema\\\/logo\\\/image\\\/\"},\"sameAs\":[\"https:\\\/\\\/www.facebook.com\\\/ArtMarketBudapest\\\/\",\"https:\\\/\\\/www.instagram.com\\\/artmarketbudapest\\\/\"]}]}<\/script>\n<!-- \/ Yoast SEO plugin. -->","yoast_head_json":{"title":"Art Market Budapest | NEMZETK\u00d6ZI KORT\u00c1RS M\u0170V\u00c9SZETI V\u00c1S\u00c1R","robots":{"index":"index","follow":"follow","max-snippet":"max-snippet:-1","max-image-preview":"max-image-preview:large","max-video-preview":"max-video-preview:-1"},"canonical":"https:\/\/amb.hu\/hu\/","og_locale":"hu_HU","og_type":"article","og_title":"Art Market Budapest | NEMZETK\u00d6ZI KORT\u00c1RS M\u0170V\u00c9SZETI V\u00c1S\u00c1R","og_description":"https:\/\/www.youtube.com\/watch?v=43ywKBs-jM4 A 2011-ben l\u00e9trej\u00f6tt ART MARKET BUDAPEST\u00a0nemzetk\u00f6zi kort\u00e1rs k\u00e9pz\u0151m\u0171v\u00e9szeti v\u00e1s\u00e1r olyan egyed\u00fcl\u00e1ll\u00f3 m\u0171v\u00e9szeti kompoz\u00edci\u00f3t mutat be Eur\u00f3pa kultur\u00e1lis szempontb\u00f3l egyik legizgalmasabb r\u00e9gi\u00f3j\u00e1ban \u00e9s v\u00e1ros\u00e1ban, amely kiemelten kezeli az \u00fajszer\u0171, inspir\u00e1l\u00f3 m\u0171v\u00e9szeti tartalmakat, a j\u00f6v\u0151 \u00e9pp most felemelked\u0151 szt\u00e1rjait, olyan friss m\u0171v\u00e9szeti inspir\u00e1ci\u00f3kra \u00e9p\u00edt, amelyek \u00e9pp annyira t\u00e1pl\u00e1lkozhatnak a felt\u00f6rekv\u0151 r\u00e9gi\u00f3k \u2013 kiemelten a poszt-kommunista kelet-eur\u00f3pai [&hellip;]","og_url":"https:\/\/amb.hu\/hu\/","og_site_name":"Art Market Budapest","article_publisher":"https:\/\/www.facebook.com\/ArtMarketBudapest\/","article_modified_time":"2026-04-01T12:23:09+00:00","og_image":[{"width":1200,"height":630,"url":"https:\/\/amb.hu\/wp-content\/uploads\/2023\/01\/amb-facebook.png","type":"image\/png"}],"twitter_card":"summary_large_image","twitter_misc":{"Becs\u00fclt olvas\u00e1si id\u0151":"1 perc"},"schema":{"@context":"https:\/\/schema.org","@graph":[{"@type":"WebPage","@id":"https:\/\/amb.hu\/hu\/","url":"https:\/\/amb.hu\/hu\/","name":"Art Market Budapest | NEMZETK\u00d6ZI KORT\u00c1RS M\u0170V\u00c9SZETI V\u00c1S\u00c1R","isPartOf":{"@id":"https:\/\/amb.hu\/hu\/#website"},"datePublished":"2022-03-17T10:28:09+00:00","dateModified":"2026-04-01T12:23:09+00:00","breadcrumb":{"@id":"https:\/\/amb.hu\/hu\/#breadcrumb"},"inLanguage":"hu","potentialAction":[{"@type":"ReadAction","target":["https:\/\/amb.hu\/hu\/"]}]},{"@type":"BreadcrumbList","@id":"https:\/\/amb.hu\/hu\/#breadcrumb","itemListElement":[{"@type":"ListItem","position":1,"name":"Kezd\u0151lap","item":"https:\/\/amb.hu\/hu\/"},{"@type":"ListItem","position":2,"name":"F\u0151oldal"}]},{"@type":"WebSite","@id":"https:\/\/amb.hu\/hu\/#website","url":"https:\/\/amb.hu\/hu\/","name":"Art Market Budapest","description":"International Contemporary Art Fair","publisher":{"@id":"https:\/\/amb.hu\/hu\/#organization"},"potentialAction":[{"@type":"SearchAction","target":{"@type":"EntryPoint","urlTemplate":"https:\/\/amb.hu\/hu\/?s={search_term_string}"},"query-input":{"@type":"PropertyValueSpecification","valueRequired":true,"valueName":"search_term_string"}}],"inLanguage":"hu"},{"@type":"Organization","@id":"https:\/\/amb.hu\/hu\/#organization","name":"Art Market Budapest","url":"https:\/\/amb.hu\/hu\/","logo":{"@type":"ImageObject","inLanguage":"hu","@id":"https:\/\/amb.hu\/hu\/#\/schema\/logo\/image\/","url":"https:\/\/amb.hu\/wp-content\/uploads\/2022\/08\/logo-art-market-budapest.svg","contentUrl":"https:\/\/amb.hu\/wp-content\/uploads\/2022\/08\/logo-art-market-budapest.svg","width":159,"height":63,"caption":"Art Market Budapest"},"image":{"@id":"https:\/\/amb.hu\/hu\/#\/schema\/logo\/image\/"},"sameAs":["https:\/\/www.facebook.com\/ArtMarketBudapest\/","https:\/\/www.instagram.com\/artmarketbudapest\/"]}]}},"_links":{"self":[{"href":"https:\/\/amb.hu\/hu\/wp-json\/wp\/v2\/pages\/2598","targetHints":{"allow":["GET"]}}],"collection":[{"href":"https:\/\/amb.hu\/hu\/wp-json\/wp\/v2\/pages"}],"about":[{"href":"https:\/\/amb.hu\/hu\/wp-json\/wp\/v2\/types\/page"}],"author":[{"embeddable":true,"href":"https:\/\/amb.hu\/hu\/wp-json\/wp\/v2\/users\/1"}],"replies":[{"embeddable":true,"href":"https:\/\/amb.hu\/hu\/wp-json\/wp\/v2\/comments?post=2598"}],"version-history":[{"count":0,"href":"https:\/\/amb.hu\/hu\/wp-json\/wp\/v2\/pages\/2598\/revisions"}],"wp:attachment":[{"href":"https:\/\/amb.hu\/hu\/wp-json\/wp\/v2\/media?parent=2598"}],"curies":[{"name":"wp","href":"https:\/\/api.w.org\/{rel}","templated":true}]}}