{"id":2605,"date":"2022-12-22T15:39:27","date_gmt":"2022-12-22T14:39:27","guid":{"rendered":"https:\/\/amb.hu\/team\/"},"modified":"2024-10-28T22:39:44","modified_gmt":"2024-10-28T21:39:44","slug":"team","status":"publish","type":"page","link":"https:\/\/amb.hu\/hu\/rolunk\/team\/","title":{"rendered":"Team"},"content":{"rendered":"\t\t<div data-elementor-type=\"wp-page\" data-elementor-id=\"2605\" class=\"elementor elementor-2605 elementor-1080\" data-elementor-post-type=\"page\">\n\t\t\t\t\t\t<section class=\"elementor-section elementor-top-section elementor-element elementor-element-0190005 elementor-section-boxed elementor-section-height-default elementor-section-height-default\" data-id=\"0190005\" data-element_type=\"section\" data-e-type=\"section\">\n\t\t\t\t\t\t<div class=\"elementor-container elementor-column-gap-default\">\n\t\t\t\t\t<div class=\"elementor-column elementor-col-100 elementor-top-column elementor-element elementor-element-54b7bb2\" data-id=\"54b7bb2\" data-element_type=\"column\" data-e-type=\"column\">\n\t\t\t<div class=\"elementor-widget-wrap elementor-element-populated\">\n\t\t\t\t\t\t<div class=\"elementor-element elementor-element-430252b elementor-widget elementor-widget-image\" data-id=\"430252b\" data-element_type=\"widget\" data-e-type=\"widget\" data-widget_type=\"image.default\">\n\t\t\t\t<div class=\"elementor-widget-container\">\n\t\t\t\t\t\t\t\t\t\t\t\t\t\t\t<img fetchpriority=\"high\" decoding=\"async\" width=\"800\" height=\"602\" src=\"https:\/\/amb.hu\/wp-content\/uploads\/2024\/10\/2024_logofal_web-2-1024x771.jpg\" class=\"attachment-large size-large wp-image-5575\" alt=\"\" srcset=\"https:\/\/amb.hu\/wp-content\/uploads\/2024\/10\/2024_logofal_web-2-1024x771.jpg 1024w, https:\/\/amb.hu\/wp-content\/uploads\/2024\/10\/2024_logofal_web-2-300x226.jpg 300w, https:\/\/amb.hu\/wp-content\/uploads\/2024\/10\/2024_logofal_web-2-768x578.jpg 768w, https:\/\/amb.hu\/wp-content\/uploads\/2024\/10\/2024_logofal_web-2-1536x1156.jpg 1536w, https:\/\/amb.hu\/wp-content\/uploads\/2024\/10\/2024_logofal_web-2.jpg 1920w\" sizes=\"(max-width: 800px) 100vw, 800px\" \/>\t\t\t\t\t\t\t\t\t\t\t\t\t\t\t<\/div>\n\t\t\t\t<\/div>\n\t\t\t\t\t<\/div>\n\t\t<\/div>\n\t\t\t\t\t<\/div>\n\t\t<\/section>\n\t\t\t\t<section class=\"elementor-section elementor-top-section elementor-element elementor-element-4bdae6a elementor-section-boxed elementor-section-height-default elementor-section-height-default\" data-id=\"4bdae6a\" data-element_type=\"section\" data-e-type=\"section\">\n\t\t\t\t\t\t<div class=\"elementor-container elementor-column-gap-default\">\n\t\t\t\t\t<div class=\"elementor-column elementor-col-50 elementor-top-column elementor-element elementor-element-0ace473\" data-id=\"0ace473\" data-element_type=\"column\" data-e-type=\"column\">\n\t\t\t<div class=\"elementor-widget-wrap elementor-element-populated\">\n\t\t\t\t\t\t<div class=\"elementor-element elementor-element-a3c1356 elementor-widget elementor-widget-text-editor\" data-id=\"a3c1356\" data-element_type=\"widget\" data-e-type=\"widget\" data-widget_type=\"text-editor.default\">\n\t\t\t\t<div class=\"elementor-widget-container\">\n\t\t\t\t\t\t\t\t\t<p><strong>V\u00c1S\u00c1RIGAZGAT\u00d3S\u00c1G<\/strong><\/p><p><strong>LED\u00c9NYI Attila<br \/><\/strong>igazgat\u00f3<\/p><p><strong>KOV\u00c1CS \u00c9va<br \/><\/strong>operat\u00edv igazgat\u00f3<\/p><p><strong>J\u00c1RAI Anna<br \/><\/strong>ki\u00e1ll\u00edt\u00f3i kapcsolatok<\/p><p>PROGRAMOK<br \/>sCulture: <strong>MAKL\u00c1RY Lilla<\/strong><br \/>Art Photo Budapest:<strong>\u00a0Dejan SLUGA, Photon<\/strong><br \/>m\u0171v\u00e9szet pedag\u00f3gia: <strong>P\u00c9NZES Bor\u00f3ka<\/strong><\/p><p>Heged\u0171 u. 9.<br \/>1061 Budapest<br \/>+36 1 239 0007<br \/><a href=\"mailto:info@amb.hu\">info@amb.hu<br \/><\/a><a href=\"http:\/\/www.amb.hu\/\">www.amb.hu<br \/><\/a><strong><span style=\"color: #d81e55;\">www.facebook.com\/ArtMarketBudapest<\/span><\/strong><br \/><strong><span style=\"color: #d81e55;\">https:\/\/www.youtube.com\/channel\/UCnQPOaCDPK7z-_6s-uv7xHQ<br \/>https:\/\/www.instagram.com\/ArtMarketBudapest\/<\/span><\/strong><\/p>\t\t\t\t\t\t\t\t<\/div>\n\t\t\t\t<\/div>\n\t\t\t\t\t<\/div>\n\t\t<\/div>\n\t\t\t\t<div class=\"elementor-column elementor-col-50 elementor-top-column elementor-element elementor-element-e20fad0\" data-id=\"e20fad0\" data-element_type=\"column\" data-e-type=\"column\">\n\t\t\t<div class=\"elementor-widget-wrap elementor-element-populated\">\n\t\t\t\t\t\t<div class=\"elementor-element elementor-element-d298dca elementor-widget elementor-widget-text-editor\" data-id=\"d298dca\" data-element_type=\"widget\" data-e-type=\"widget\" data-widget_type=\"text-editor.default\">\n\t\t\t\t<div class=\"elementor-widget-container\">\n\t\t\t\t\t\t\t\t\t<p><b>SZERVEZ\u0150K<\/b><\/p><p>TERVEZ\u00c9S &amp; TECHNIKAI KOORDIN\u00c1CI\u00d3<br \/>(\u00e9p\u00edt\u00e9sz)\u00a0<strong>RIMASZOMBATI Erika<\/strong><\/p><p>NEMZETK\u00d6ZI KAPCSOLATOK<br \/>(konzulens)<strong>\u00a0SOMHEGYI Zolt\u00e1n<\/strong><\/p><p>PR &amp; KOMMUNIK\u00c1CI\u00d3<br \/><strong>FLORENCE LIFESTYLE AGENCY<br \/><\/strong><\/p><p>\u00d6NK\u00c9NTES PROGRAM<br \/><strong style=\"color: var( --e-global-color-text );\">\u0150RY Eszter<\/strong><\/p><p>SZERVEZ\u0150PARTNER<br \/><strong>EDGE Communications Kft.<\/strong><\/p>\t\t\t\t\t\t\t\t<\/div>\n\t\t\t\t<\/div>\n\t\t\t\t\t<\/div>\n\t\t<\/div>\n\t\t\t\t\t<\/div>\n\t\t<\/section>\n\t\t\t\t<\/div>\n\t\t","protected":false},"excerpt":{"rendered":"<p>V\u00c1S\u00c1RIGAZGAT\u00d3S\u00c1G LED\u00c9NYI Attilaigazgat\u00f3 KOV\u00c1CS \u00c9vaoperat\u00edv igazgat\u00f3 J\u00c1RAI Annaki\u00e1ll\u00edt\u00f3i kapcsolatok PROGRAMOKsCulture: MAKL\u00c1RY LillaArt Photo Budapest:\u00a0Dejan SLUGA, Photonm\u0171v\u00e9szet pedag\u00f3gia: P\u00c9NZES Bor\u00f3ka Heged\u0171 u. 9.1061 Budapest+36 1 239 0007info@amb.huwww.amb.huwww.facebook.com\/ArtMarketBudapesthttps:\/\/www.youtube.com\/channel\/UCnQPOaCDPK7z-_6s-uv7xHQhttps:\/\/www.instagram.com\/ArtMarketBudapest\/ SZERVEZ\u0150K TERVEZ\u00c9S &amp; TECHNIKAI KOORDIN\u00c1CI\u00d3(\u00e9p\u00edt\u00e9sz)\u00a0RIMASZOMBATI Erika NEMZETK\u00d6ZI KAPCSOLATOK(konzulens)\u00a0SOMHEGYI Zolt\u00e1n PR &amp; KOMMUNIK\u00c1CI\u00d3FLORENCE LIFESTYLE AGENCY \u00d6NK\u00c9NTES PROGRAM\u0150RY Eszter SZERVEZ\u0150PARTNEREDGE Communications Kft.<\/p>\n","protected":false},"author":5,"featured_media":0,"parent":2703,"menu_order":0,"comment_status":"closed","ping_status":"closed","template":"","meta":{"footnotes":""},"class_list":["post-2605","page","type-page","status-publish","hentry"],"yoast_head":"<!-- This site is optimized with the Yoast SEO plugin v27.3 - https:\/\/yoast.com\/product\/yoast-seo-wordpress\/ -->\n<title>Team - Art Market Budapest<\/title>\n<meta name=\"robots\" content=\"index, follow, max-snippet:-1, max-image-preview:large, max-video-preview:-1\" \/>\n<link rel=\"canonical\" href=\"https:\/\/amb.hu\/hu\/rolunk\/team\/\" \/>\n<meta property=\"og:locale\" content=\"hu_HU\" \/>\n<meta property=\"og:type\" content=\"article\" \/>\n<meta property=\"og:title\" content=\"Team - Art Market Budapest\" \/>\n<meta property=\"og:description\" content=\"V\u00c1S\u00c1RIGAZGAT\u00d3S\u00c1G LED\u00c9NYI Attilaigazgat\u00f3 KOV\u00c1CS \u00c9vaoperat\u00edv igazgat\u00f3 J\u00c1RAI Annaki\u00e1ll\u00edt\u00f3i kapcsolatok PROGRAMOKsCulture: MAKL\u00c1RY LillaArt Photo Budapest:\u00a0Dejan SLUGA, Photonm\u0171v\u00e9szet pedag\u00f3gia: P\u00c9NZES Bor\u00f3ka Heged\u0171 u. 9.1061 Budapest+36 1 239 0007info@amb.huwww.amb.huwww.facebook.com\/ArtMarketBudapesthttps:\/\/www.youtube.com\/channel\/UCnQPOaCDPK7z-_6s-uv7xHQhttps:\/\/www.instagram.com\/ArtMarketBudapest\/ SZERVEZ\u0150K TERVEZ\u00c9S &amp; TECHNIKAI KOORDIN\u00c1CI\u00d3(\u00e9p\u00edt\u00e9sz)\u00a0RIMASZOMBATI Erika NEMZETK\u00d6ZI KAPCSOLATOK(konzulens)\u00a0SOMHEGYI Zolt\u00e1n PR &amp; KOMMUNIK\u00c1CI\u00d3FLORENCE LIFESTYLE AGENCY \u00d6NK\u00c9NTES PROGRAM\u0150RY Eszter SZERVEZ\u0150PARTNEREDGE Communications Kft.\" \/>\n<meta property=\"og:url\" content=\"https:\/\/amb.hu\/hu\/rolunk\/team\/\" \/>\n<meta property=\"og:site_name\" content=\"Art Market Budapest\" \/>\n<meta property=\"article:publisher\" content=\"https:\/\/www.facebook.com\/ArtMarketBudapest\/\" \/>\n<meta property=\"article:modified_time\" content=\"2024-10-28T21:39:44+00:00\" \/>\n<meta property=\"og:image\" content=\"https:\/\/amb.hu\/wp-content\/uploads\/2024\/10\/2024_logofal_web-2.jpg\" \/>\n\t<meta property=\"og:image:width\" content=\"1920\" \/>\n\t<meta property=\"og:image:height\" content=\"1445\" \/>\n\t<meta property=\"og:image:type\" content=\"image\/jpeg\" \/>\n<meta name=\"twitter:card\" content=\"summary_large_image\" \/>\n<meta name=\"twitter:label1\" content=\"Becs\u00fclt olvas\u00e1si id\u0151\" \/>\n\t<meta name=\"twitter:data1\" content=\"1 perc\" \/>\n<script type=\"application\/ld+json\" class=\"yoast-schema-graph\">{\"@context\":\"https:\\\/\\\/schema.org\",\"@graph\":[{\"@type\":\"WebPage\",\"@id\":\"https:\\\/\\\/amb.hu\\\/hu\\\/rolunk\\\/team\\\/\",\"url\":\"https:\\\/\\\/amb.hu\\\/hu\\\/rolunk\\\/team\\\/\",\"name\":\"Team - Art Market Budapest\",\"isPartOf\":{\"@id\":\"https:\\\/\\\/amb.hu\\\/hu\\\/#website\"},\"primaryImageOfPage\":{\"@id\":\"https:\\\/\\\/amb.hu\\\/hu\\\/rolunk\\\/team\\\/#primaryimage\"},\"image\":{\"@id\":\"https:\\\/\\\/amb.hu\\\/hu\\\/rolunk\\\/team\\\/#primaryimage\"},\"thumbnailUrl\":\"https:\\\/\\\/amb.hu\\\/wp-content\\\/uploads\\\/2024\\\/10\\\/2024_logofal_web-2-1024x771.jpg\",\"datePublished\":\"2022-12-22T14:39:27+00:00\",\"dateModified\":\"2024-10-28T21:39:44+00:00\",\"breadcrumb\":{\"@id\":\"https:\\\/\\\/amb.hu\\\/hu\\\/rolunk\\\/team\\\/#breadcrumb\"},\"inLanguage\":\"hu\",\"potentialAction\":[{\"@type\":\"ReadAction\",\"target\":[\"https:\\\/\\\/amb.hu\\\/hu\\\/rolunk\\\/team\\\/\"]}]},{\"@type\":\"ImageObject\",\"inLanguage\":\"hu\",\"@id\":\"https:\\\/\\\/amb.hu\\\/hu\\\/rolunk\\\/team\\\/#primaryimage\",\"url\":\"https:\\\/\\\/amb.hu\\\/wp-content\\\/uploads\\\/2024\\\/10\\\/2024_logofal_web-2-1024x771.jpg\",\"contentUrl\":\"https:\\\/\\\/amb.hu\\\/wp-content\\\/uploads\\\/2024\\\/10\\\/2024_logofal_web-2-1024x771.jpg\"},{\"@type\":\"BreadcrumbList\",\"@id\":\"https:\\\/\\\/amb.hu\\\/hu\\\/rolunk\\\/team\\\/#breadcrumb\",\"itemListElement\":[{\"@type\":\"ListItem\",\"position\":1,\"name\":\"Kezd\u0151lap\",\"item\":\"https:\\\/\\\/amb.hu\\\/hu\\\/\"},{\"@type\":\"ListItem\",\"position\":2,\"name\":\"R\u00f3lunk\",\"item\":\"https:\\\/\\\/amb.hu\\\/hu\\\/rolunk\\\/\"},{\"@type\":\"ListItem\",\"position\":3,\"name\":\"Team\"}]},{\"@type\":\"WebSite\",\"@id\":\"https:\\\/\\\/amb.hu\\\/hu\\\/#website\",\"url\":\"https:\\\/\\\/amb.hu\\\/hu\\\/\",\"name\":\"Art Market Budapest\",\"description\":\"International Contemporary Art Fair\",\"publisher\":{\"@id\":\"https:\\\/\\\/amb.hu\\\/hu\\\/#organization\"},\"potentialAction\":[{\"@type\":\"SearchAction\",\"target\":{\"@type\":\"EntryPoint\",\"urlTemplate\":\"https:\\\/\\\/amb.hu\\\/hu\\\/?s={search_term_string}\"},\"query-input\":{\"@type\":\"PropertyValueSpecification\",\"valueRequired\":true,\"valueName\":\"search_term_string\"}}],\"inLanguage\":\"hu\"},{\"@type\":\"Organization\",\"@id\":\"https:\\\/\\\/amb.hu\\\/hu\\\/#organization\",\"name\":\"Art Market Budapest\",\"url\":\"https:\\\/\\\/amb.hu\\\/hu\\\/\",\"logo\":{\"@type\":\"ImageObject\",\"inLanguage\":\"hu\",\"@id\":\"https:\\\/\\\/amb.hu\\\/hu\\\/#\\\/schema\\\/logo\\\/image\\\/\",\"url\":\"https:\\\/\\\/amb.hu\\\/wp-content\\\/uploads\\\/2022\\\/08\\\/logo-art-market-budapest.svg\",\"contentUrl\":\"https:\\\/\\\/amb.hu\\\/wp-content\\\/uploads\\\/2022\\\/08\\\/logo-art-market-budapest.svg\",\"width\":159,\"height\":63,\"caption\":\"Art Market Budapest\"},\"image\":{\"@id\":\"https:\\\/\\\/amb.hu\\\/hu\\\/#\\\/schema\\\/logo\\\/image\\\/\"},\"sameAs\":[\"https:\\\/\\\/www.facebook.com\\\/ArtMarketBudapest\\\/\",\"https:\\\/\\\/www.instagram.com\\\/artmarketbudapest\\\/\"]}]}<\/script>\n<!-- \/ Yoast SEO plugin. -->","yoast_head_json":{"title":"Team - Art Market Budapest","robots":{"index":"index","follow":"follow","max-snippet":"max-snippet:-1","max-image-preview":"max-image-preview:large","max-video-preview":"max-video-preview:-1"},"canonical":"https:\/\/amb.hu\/hu\/rolunk\/team\/","og_locale":"hu_HU","og_type":"article","og_title":"Team - Art Market Budapest","og_description":"V\u00c1S\u00c1RIGAZGAT\u00d3S\u00c1G LED\u00c9NYI Attilaigazgat\u00f3 KOV\u00c1CS \u00c9vaoperat\u00edv igazgat\u00f3 J\u00c1RAI Annaki\u00e1ll\u00edt\u00f3i kapcsolatok PROGRAMOKsCulture: MAKL\u00c1RY LillaArt Photo Budapest:\u00a0Dejan SLUGA, Photonm\u0171v\u00e9szet pedag\u00f3gia: P\u00c9NZES Bor\u00f3ka Heged\u0171 u. 9.1061 Budapest+36 1 239 0007info@amb.huwww.amb.huwww.facebook.com\/ArtMarketBudapesthttps:\/\/www.youtube.com\/channel\/UCnQPOaCDPK7z-_6s-uv7xHQhttps:\/\/www.instagram.com\/ArtMarketBudapest\/ SZERVEZ\u0150K TERVEZ\u00c9S &amp; TECHNIKAI KOORDIN\u00c1CI\u00d3(\u00e9p\u00edt\u00e9sz)\u00a0RIMASZOMBATI Erika NEMZETK\u00d6ZI KAPCSOLATOK(konzulens)\u00a0SOMHEGYI Zolt\u00e1n PR &amp; KOMMUNIK\u00c1CI\u00d3FLORENCE LIFESTYLE AGENCY \u00d6NK\u00c9NTES PROGRAM\u0150RY Eszter SZERVEZ\u0150PARTNEREDGE Communications Kft.","og_url":"https:\/\/amb.hu\/hu\/rolunk\/team\/","og_site_name":"Art Market Budapest","article_publisher":"https:\/\/www.facebook.com\/ArtMarketBudapest\/","article_modified_time":"2024-10-28T21:39:44+00:00","og_image":[{"width":1920,"height":1445,"url":"https:\/\/amb.hu\/wp-content\/uploads\/2024\/10\/2024_logofal_web-2.jpg","type":"image\/jpeg"}],"twitter_card":"summary_large_image","twitter_misc":{"Becs\u00fclt olvas\u00e1si id\u0151":"1 perc"},"schema":{"@context":"https:\/\/schema.org","@graph":[{"@type":"WebPage","@id":"https:\/\/amb.hu\/hu\/rolunk\/team\/","url":"https:\/\/amb.hu\/hu\/rolunk\/team\/","name":"Team - Art Market Budapest","isPartOf":{"@id":"https:\/\/amb.hu\/hu\/#website"},"primaryImageOfPage":{"@id":"https:\/\/amb.hu\/hu\/rolunk\/team\/#primaryimage"},"image":{"@id":"https:\/\/amb.hu\/hu\/rolunk\/team\/#primaryimage"},"thumbnailUrl":"https:\/\/amb.hu\/wp-content\/uploads\/2024\/10\/2024_logofal_web-2-1024x771.jpg","datePublished":"2022-12-22T14:39:27+00:00","dateModified":"2024-10-28T21:39:44+00:00","breadcrumb":{"@id":"https:\/\/amb.hu\/hu\/rolunk\/team\/#breadcrumb"},"inLanguage":"hu","potentialAction":[{"@type":"ReadAction","target":["https:\/\/amb.hu\/hu\/rolunk\/team\/"]}]},{"@type":"ImageObject","inLanguage":"hu","@id":"https:\/\/amb.hu\/hu\/rolunk\/team\/#primaryimage","url":"https:\/\/amb.hu\/wp-content\/uploads\/2024\/10\/2024_logofal_web-2-1024x771.jpg","contentUrl":"https:\/\/amb.hu\/wp-content\/uploads\/2024\/10\/2024_logofal_web-2-1024x771.jpg"},{"@type":"BreadcrumbList","@id":"https:\/\/amb.hu\/hu\/rolunk\/team\/#breadcrumb","itemListElement":[{"@type":"ListItem","position":1,"name":"Kezd\u0151lap","item":"https:\/\/amb.hu\/hu\/"},{"@type":"ListItem","position":2,"name":"R\u00f3lunk","item":"https:\/\/amb.hu\/hu\/rolunk\/"},{"@type":"ListItem","position":3,"name":"Team"}]},{"@type":"WebSite","@id":"https:\/\/amb.hu\/hu\/#website","url":"https:\/\/amb.hu\/hu\/","name":"Art Market Budapest","description":"International Contemporary Art Fair","publisher":{"@id":"https:\/\/amb.hu\/hu\/#organization"},"potentialAction":[{"@type":"SearchAction","target":{"@type":"EntryPoint","urlTemplate":"https:\/\/amb.hu\/hu\/?s={search_term_string}"},"query-input":{"@type":"PropertyValueSpecification","valueRequired":true,"valueName":"search_term_string"}}],"inLanguage":"hu"},{"@type":"Organization","@id":"https:\/\/amb.hu\/hu\/#organization","name":"Art Market Budapest","url":"https:\/\/amb.hu\/hu\/","logo":{"@type":"ImageObject","inLanguage":"hu","@id":"https:\/\/amb.hu\/hu\/#\/schema\/logo\/image\/","url":"https:\/\/amb.hu\/wp-content\/uploads\/2022\/08\/logo-art-market-budapest.svg","contentUrl":"https:\/\/amb.hu\/wp-content\/uploads\/2022\/08\/logo-art-market-budapest.svg","width":159,"height":63,"caption":"Art Market Budapest"},"image":{"@id":"https:\/\/amb.hu\/hu\/#\/schema\/logo\/image\/"},"sameAs":["https:\/\/www.facebook.com\/ArtMarketBudapest\/","https:\/\/www.instagram.com\/artmarketbudapest\/"]}]}},"_links":{"self":[{"href":"https:\/\/amb.hu\/hu\/wp-json\/wp\/v2\/pages\/2605","targetHints":{"allow":["GET"]}}],"collection":[{"href":"https:\/\/amb.hu\/hu\/wp-json\/wp\/v2\/pages"}],"about":[{"href":"https:\/\/amb.hu\/hu\/wp-json\/wp\/v2\/types\/page"}],"author":[{"embeddable":true,"href":"https:\/\/amb.hu\/hu\/wp-json\/wp\/v2\/users\/5"}],"replies":[{"embeddable":true,"href":"https:\/\/amb.hu\/hu\/wp-json\/wp\/v2\/comments?post=2605"}],"version-history":[{"count":0,"href":"https:\/\/amb.hu\/hu\/wp-json\/wp\/v2\/pages\/2605\/revisions"}],"up":[{"embeddable":true,"href":"https:\/\/amb.hu\/hu\/wp-json\/wp\/v2\/pages\/2703"}],"wp:attachment":[{"href":"https:\/\/amb.hu\/hu\/wp-json\/wp\/v2\/media?parent=2605"}],"curies":[{"name":"wp","href":"https:\/\/api.w.org\/{rel}","templated":true}]}}