{"id":2615,"date":"2022-12-22T15:44:23","date_gmt":"2022-12-22T14:44:23","guid":{"rendered":"https:\/\/amb.hu\/board\/"},"modified":"2025-07-21T13:22:35","modified_gmt":"2025-07-21T11:22:35","slug":"szakmai-testulet","status":"publish","type":"page","link":"https:\/\/amb.hu\/hu\/rolunk\/szakmai-testulet\/","title":{"rendered":"Board"},"content":{"rendered":"\t\t<div data-elementor-type=\"wp-page\" data-elementor-id=\"2615\" class=\"elementor elementor-2615 elementor-1094\" data-elementor-post-type=\"page\">\n\t\t\t\t\t\t<section class=\"elementor-section elementor-top-section elementor-element elementor-element-3c17f81 elementor-section-boxed elementor-section-height-default elementor-section-height-default\" data-id=\"3c17f81\" data-element_type=\"section\" data-e-type=\"section\">\n\t\t\t\t\t\t<div class=\"elementor-container elementor-column-gap-default\">\n\t\t\t\t\t<div class=\"elementor-column elementor-col-50 elementor-top-column elementor-element elementor-element-9c2aecc\" data-id=\"9c2aecc\" data-element_type=\"column\" data-e-type=\"column\">\n\t\t\t<div class=\"elementor-widget-wrap elementor-element-populated\">\n\t\t\t\t\t\t<div class=\"elementor-element elementor-element-7670773 elementor-widget elementor-widget-heading\" data-id=\"7670773\" data-element_type=\"widget\" data-e-type=\"widget\" data-widget_type=\"heading.default\">\n\t\t\t\t<div class=\"elementor-widget-container\">\n\t\t\t\t\t<h1 class=\"elementor-heading-title elementor-size-default\">BOARD<\/h1>\t\t\t\t<\/div>\n\t\t\t\t<\/div>\n\t\t\t\t<section class=\"elementor-section elementor-inner-section elementor-element elementor-element-b4e2ff2 elementor-section-boxed elementor-section-height-default elementor-section-height-default\" data-id=\"b4e2ff2\" data-element_type=\"section\" data-e-type=\"section\">\n\t\t\t\t\t\t<div class=\"elementor-container elementor-column-gap-default\">\n\t\t\t\t\t<div class=\"elementor-column elementor-col-50 elementor-inner-column elementor-element elementor-element-15db910\" data-id=\"15db910\" data-element_type=\"column\" data-e-type=\"column\">\n\t\t\t<div class=\"elementor-widget-wrap elementor-element-populated\">\n\t\t\t\t\t\t<div class=\"elementor-element elementor-element-21887a3 elementor-widget elementor-widget-image\" data-id=\"21887a3\" data-element_type=\"widget\" data-e-type=\"widget\" data-widget_type=\"image.default\">\n\t\t\t\t<div class=\"elementor-widget-container\">\n\t\t\t\t\t\t\t\t\t\t\t\t\t\t\t<img decoding=\"async\" width=\"193\" height=\"185\" src=\"https:\/\/amb.hu\/wp-content\/uploads\/2022\/12\/nicole-f-loeser.webp\" class=\"attachment-full size-full wp-image-2054\" alt=\"\" \/>\t\t\t\t\t\t\t\t\t\t\t\t\t\t\t<\/div>\n\t\t\t\t<\/div>\n\t\t\t\t\t<\/div>\n\t\t<\/div>\n\t\t\t\t<div class=\"elementor-column elementor-col-50 elementor-inner-column elementor-element elementor-element-1681135\" data-id=\"1681135\" data-element_type=\"column\" data-e-type=\"column\">\n\t\t\t<div class=\"elementor-widget-wrap elementor-element-populated\">\n\t\t\t\t\t\t<div class=\"elementor-element elementor-element-73745c2 elementor-widget elementor-widget-heading\" data-id=\"73745c2\" data-element_type=\"widget\" data-e-type=\"widget\" data-widget_type=\"heading.default\">\n\t\t\t\t<div class=\"elementor-widget-container\">\n\t\t\t\t\t<h3 class=\"elementor-heading-title elementor-size-default\">Nicole F. LOESER\n<\/h3>\t\t\t\t<\/div>\n\t\t\t\t<\/div>\n\t\t\t\t<div class=\"elementor-element elementor-element-fda2487 elementor-widget elementor-widget-text-editor\" data-id=\"fda2487\" data-element_type=\"widget\" data-e-type=\"widget\" data-widget_type=\"text-editor.default\">\n\t\t\t\t<div class=\"elementor-widget-container\">\n\t\t\t\t\t\t\t\t\t<p>Gal\u00e9riavezet\u0151,<br \/>Whiteconcepts Gallery, Berlin<\/p>\t\t\t\t\t\t\t\t<\/div>\n\t\t\t\t<\/div>\n\t\t\t\t<div class=\"elementor-element elementor-element-37fe5e3 elementor-widget elementor-widget-text-editor\" data-id=\"37fe5e3\" data-element_type=\"widget\" data-e-type=\"widget\" data-widget_type=\"text-editor.default\">\n\t\t\t\t<div class=\"elementor-widget-container\">\n\t\t\t\t\t\t\t\t\t<p>Nicole F. Loeser Berlinben \u00e9l\u0151 f\u00fcggetlen kur\u00e1tor \u00e9s m\u0171v\u00e9szeti menedzser, ebben a min\u0151s\u00e9g\u00e9ben Eur\u00f3paszerte t\u00f6bb mint t\u00edz \u00e9ve egy\u00fcttm\u0171k\u00f6d\u0151 partnere sz\u00e1mos m\u0171v\u00e9szeti int\u00e9zm\u00e9nynek. <br \/>A WHITECONCEPTS Gal\u00e9ri\u00e1t 2009-ben alap\u00edtotta, aminek az\u00f3ta is vezet\u0151je.<\/p>\t\t\t\t\t\t\t\t<\/div>\n\t\t\t\t<\/div>\n\t\t\t\t\t<\/div>\n\t\t<\/div>\n\t\t\t\t\t<\/div>\n\t\t<\/section>\n\t\t\t\t<section class=\"elementor-section elementor-inner-section elementor-element elementor-element-e1bcbf4 elementor-section-boxed elementor-section-height-default elementor-section-height-default\" data-id=\"e1bcbf4\" data-element_type=\"section\" data-e-type=\"section\">\n\t\t\t\t\t\t<div class=\"elementor-container elementor-column-gap-default\">\n\t\t\t\t\t<div class=\"elementor-column elementor-col-50 elementor-inner-column elementor-element elementor-element-47657fa\" data-id=\"47657fa\" data-element_type=\"column\" data-e-type=\"column\">\n\t\t\t<div class=\"elementor-widget-wrap elementor-element-populated\">\n\t\t\t\t\t\t<div class=\"elementor-element elementor-element-594991f elementor-widget elementor-widget-image\" data-id=\"594991f\" data-element_type=\"widget\" data-e-type=\"widget\" data-widget_type=\"image.default\">\n\t\t\t\t<div class=\"elementor-widget-container\">\n\t\t\t\t\t\t\t\t\t\t\t\t\t\t\t<img fetchpriority=\"high\" decoding=\"async\" width=\"600\" height=\"600\" src=\"https:\/\/amb.hu\/wp-content\/uploads\/2025\/07\/PKE-Gaspar-Szilard.med_.jpg\" class=\"attachment-full size-full wp-image-6105\" alt=\"\" srcset=\"https:\/\/amb.hu\/wp-content\/uploads\/2025\/07\/PKE-Gaspar-Szilard.med_.jpg 600w, https:\/\/amb.hu\/wp-content\/uploads\/2025\/07\/PKE-Gaspar-Szilard.med_-300x300.jpg 300w, https:\/\/amb.hu\/wp-content\/uploads\/2025\/07\/PKE-Gaspar-Szilard.med_-150x150.jpg 150w\" sizes=\"(max-width: 600px) 100vw, 600px\" \/>\t\t\t\t\t\t\t\t\t\t\t\t\t\t\t<\/div>\n\t\t\t\t<\/div>\n\t\t\t\t\t<\/div>\n\t\t<\/div>\n\t\t\t\t<div class=\"elementor-column elementor-col-50 elementor-inner-column elementor-element elementor-element-2660b67\" data-id=\"2660b67\" data-element_type=\"column\" data-e-type=\"column\">\n\t\t\t<div class=\"elementor-widget-wrap elementor-element-populated\">\n\t\t\t\t\t\t<div class=\"elementor-element elementor-element-e2f9df3 elementor-widget elementor-widget-heading\" data-id=\"e2f9df3\" data-element_type=\"widget\" data-e-type=\"widget\" data-widget_type=\"heading.default\">\n\t\t\t\t<div class=\"elementor-widget-container\">\n\t\t\t\t\t<h3 class=\"elementor-heading-title elementor-size-default\">G\u00c1SP\u00c1R Szil\u00e1rd\n<\/h3>\t\t\t\t<\/div>\n\t\t\t\t<\/div>\n\t\t\t\t<div class=\"elementor-element elementor-element-4be02f1 elementor-widget elementor-widget-text-editor\" data-id=\"4be02f1\" data-element_type=\"widget\" data-e-type=\"widget\" data-widget_type=\"text-editor.default\">\n\t\t\t\t<div class=\"elementor-widget-container\">\n\t\t\t\t\t\t\t\t\t<p>Gal\u00e9riavezet\u0151,<br \/>Viewing Room17, Kolozsv\u00e1r<\/p>\t\t\t\t\t\t\t\t<\/div>\n\t\t\t\t<\/div>\n\t\t\t\t<div class=\"elementor-element elementor-element-ee06ac8 elementor-widget elementor-widget-text-editor\" data-id=\"ee06ac8\" data-element_type=\"widget\" data-e-type=\"widget\" data-widget_type=\"text-editor.default\">\n\t\t\t\t<div class=\"elementor-widget-container\">\n\t\t\t\t\t\t\t\t\t<p><span class=\"il\" style=\"font-family: Arial, sans-serif; font-size: 13.3333px;\">G\u00e1sp\u00e1r<\/span><span style=\"font-family: Arial, sans-serif; font-size: 13.3333px;\">\u00a0<\/span><span class=\"il\" style=\"font-family: Arial, sans-serif; font-size: 13.3333px;\">Szil\u00e1rd<\/span><span style=\"font-family: Arial, sans-serif; font-size: 13.3333px;\">\u00a0gal\u00e9riavezet\u0151, m\u0171v\u00e9szeti menedzser \u00e9s a Kolozsv\u00e1ri Iskola m\u0171v\u00e9sze. 2020-ban Viewing Room 17 n\u00e9ven rom\u00e1n \u00e9s nemzetk\u00f6zi m\u0171v\u00e9szeket egyar\u00e1nt k\u00e9pvisel\u0151 gal\u00e9ri\u00e1t alap\u00edtott. A Viewing Room 17 nemcsak ki\u00e1ll\u00edt\u00e1soknak \u00e9s m\u0171v\u00e9szeti esem\u00e9nyeknek otthont ad\u00f3 gal\u00e9riak\u00e9nt, hanem a kort\u00e1rs m\u0171v\u00e9szetet n\u00e9pszer\u0171s\u00edt\u0151 k\u00f6zpontk\u00e9nt is m\u0171k\u00f6dik, amelynek Szamos programja a m\u0171v\u00e9szek szakmai fejl\u0151d\u00e9s\u00e9hez ny\u00fajt t\u00e1mogat\u00e1st.<\/span><\/p>\t\t\t\t\t\t\t\t<\/div>\n\t\t\t\t<\/div>\n\t\t\t\t\t<\/div>\n\t\t<\/div>\n\t\t\t\t\t<\/div>\n\t\t<\/section>\n\t\t\t\t<section class=\"elementor-section elementor-inner-section elementor-element elementor-element-7feb6e5 elementor-section-boxed elementor-section-height-default elementor-section-height-default\" data-id=\"7feb6e5\" data-element_type=\"section\" data-e-type=\"section\">\n\t\t\t\t\t\t<div class=\"elementor-container elementor-column-gap-default\">\n\t\t\t\t\t<div class=\"elementor-column elementor-col-50 elementor-inner-column elementor-element elementor-element-9b8a404\" data-id=\"9b8a404\" data-element_type=\"column\" data-e-type=\"column\">\n\t\t\t<div class=\"elementor-widget-wrap elementor-element-populated\">\n\t\t\t\t\t\t<div class=\"elementor-element elementor-element-22cd422 elementor-widget elementor-widget-image\" data-id=\"22cd422\" data-element_type=\"widget\" data-e-type=\"widget\" data-widget_type=\"image.default\">\n\t\t\t\t<div class=\"elementor-widget-container\">\n\t\t\t\t\t\t\t\t\t\t\t\t\t\t\t<img decoding=\"async\" src=\"https:\/\/amb.hu\/wp-content\/uploads\/2023\/07\/Untitled-design-1-1.png\" title=\"Untitled design (1)\" alt=\"Untitled design (1)\" loading=\"lazy\" \/>\t\t\t\t\t\t\t\t\t\t\t\t\t\t\t<\/div>\n\t\t\t\t<\/div>\n\t\t\t\t\t<\/div>\n\t\t<\/div>\n\t\t\t\t<div class=\"elementor-column elementor-col-50 elementor-inner-column elementor-element elementor-element-6f27ba8\" data-id=\"6f27ba8\" data-element_type=\"column\" data-e-type=\"column\">\n\t\t\t<div class=\"elementor-widget-wrap elementor-element-populated\">\n\t\t\t\t\t\t<div class=\"elementor-element elementor-element-2505aff elementor-widget elementor-widget-heading\" data-id=\"2505aff\" data-element_type=\"widget\" data-e-type=\"widget\" data-widget_type=\"heading.default\">\n\t\t\t\t<div class=\"elementor-widget-container\">\n\t\t\t\t\t<h3 class=\"elementor-heading-title elementor-size-default\">Vesna LATINOVIC<\/h3>\t\t\t\t<\/div>\n\t\t\t\t<\/div>\n\t\t\t\t<div class=\"elementor-element elementor-element-c2f5891 elementor-widget elementor-widget-text-editor\" data-id=\"c2f5891\" data-element_type=\"widget\" data-e-type=\"widget\" data-widget_type=\"text-editor.default\">\n\t\t\t\t<div class=\"elementor-widget-container\">\n\t\t\t\t\t\t\t\t\t<p>Gal\u00e9riavezet\u0151,<br \/>Bel Art Gallery, \u00dajvid\u00e9k<\/p>\t\t\t\t\t\t\t\t<\/div>\n\t\t\t\t<\/div>\n\t\t\t\t<div class=\"elementor-element elementor-element-db51447 elementor-widget elementor-widget-text-editor\" data-id=\"db51447\" data-element_type=\"widget\" data-e-type=\"widget\" data-widget_type=\"text-editor.default\">\n\t\t\t\t<div class=\"elementor-widget-container\">\n\t\t\t\t\t\t\t\t\t<p>Vesna Latinovi\u0107 \u00fajvid\u00e9ki gal\u00e9riatulajdonos, 25 \u00e9ves tapasztalattal rendelkezik a m\u0171v\u00e9szeti menedzsment \u00e9s a kultur\u00e1lis diplom\u00e1cia ter\u00fclet\u00e9n. Alap\u00edt\u00f3 igazgat\u00f3ja a Danube Dialogues Kort\u00e1rs M\u0171v\u00e9szeti Fesztiv\u00e1lnak, amely a Duna r\u00e9gi\u00f3 gal\u00e9ri\u00e1i, int\u00e9zm\u00e9nyei, m\u0171v\u00e9szei \u00e9s kur\u00e1torai k\u00f6z\u00f6tti egy\u00fcttm\u0171k\u00f6d\u00e9sre \u00e9s cser\u00e9re \u00f6sszpontos\u00edt.<\/p>\t\t\t\t\t\t\t\t<\/div>\n\t\t\t\t<\/div>\n\t\t\t\t\t<\/div>\n\t\t<\/div>\n\t\t\t\t\t<\/div>\n\t\t<\/section>\n\t\t\t\t<section class=\"elementor-section elementor-inner-section elementor-element elementor-element-0f0d16d elementor-section-boxed elementor-section-height-default elementor-section-height-default\" data-id=\"0f0d16d\" data-element_type=\"section\" data-e-type=\"section\">\n\t\t\t\t\t\t<div class=\"elementor-container elementor-column-gap-default\">\n\t\t\t\t\t<div class=\"elementor-column elementor-col-50 elementor-inner-column elementor-element elementor-element-3c32476\" data-id=\"3c32476\" data-element_type=\"column\" data-e-type=\"column\">\n\t\t\t<div class=\"elementor-widget-wrap elementor-element-populated\">\n\t\t\t\t\t\t<div class=\"elementor-element elementor-element-530da0c elementor-widget elementor-widget-image\" data-id=\"530da0c\" data-element_type=\"widget\" data-e-type=\"widget\" data-widget_type=\"image.default\">\n\t\t\t\t<div class=\"elementor-widget-container\">\n\t\t\t\t\t\t\t\t\t\t\t\t\t\t\t<img decoding=\"async\" width=\"192\" height=\"240\" src=\"https:\/\/amb.hu\/wp-content\/uploads\/2022\/12\/dejan-sluga.webp\" class=\"attachment-full size-full wp-image-2052\" alt=\"\" \/>\t\t\t\t\t\t\t\t\t\t\t\t\t\t\t<\/div>\n\t\t\t\t<\/div>\n\t\t\t\t\t<\/div>\n\t\t<\/div>\n\t\t\t\t<div class=\"elementor-column elementor-col-50 elementor-inner-column elementor-element elementor-element-a47c379\" data-id=\"a47c379\" data-element_type=\"column\" data-e-type=\"column\">\n\t\t\t<div class=\"elementor-widget-wrap elementor-element-populated\">\n\t\t\t\t\t\t<div class=\"elementor-element elementor-element-a67594a elementor-widget elementor-widget-heading\" data-id=\"a67594a\" data-element_type=\"widget\" data-e-type=\"widget\" data-widget_type=\"heading.default\">\n\t\t\t\t<div class=\"elementor-widget-container\">\n\t\t\t\t\t<h3 class=\"elementor-heading-title elementor-size-default\">Dejan SLUGA\n<\/h3>\t\t\t\t<\/div>\n\t\t\t\t<\/div>\n\t\t\t\t<div class=\"elementor-element elementor-element-9384c92 elementor-widget elementor-widget-text-editor\" data-id=\"9384c92\" data-element_type=\"widget\" data-e-type=\"widget\" data-widget_type=\"text-editor.default\">\n\t\t\t\t<div class=\"elementor-widget-container\">\n\t\t\t\t\t\t\t\t\t<p>Gal\u00e9riavezet\u0151,<br \/>Photon Gallery, Ljubljana<\/p>\t\t\t\t\t\t\t\t<\/div>\n\t\t\t\t<\/div>\n\t\t\t\t<div class=\"elementor-element elementor-element-0c92da7 elementor-widget elementor-widget-text-editor\" data-id=\"0c92da7\" data-element_type=\"widget\" data-e-type=\"widget\" data-widget_type=\"text-editor.default\">\n\t\t\t\t<div class=\"elementor-widget-container\">\n\t\t\t\t\t\t\t\t\t<div class=\"et_pb_column et_pb_column_3_5 et_pb_column_12 et_pb_css_mix_blend_mode_passthrough\"><div class=\"et_pb_module et_pb_text et_pb_text_4 et_pb_text_align_left et_pb_bg_layout_light\"><div class=\"et_pb_text_inner\"><p>Dejan Sluga 2003-ban alap\u00edtotta a Photon Gal\u00e9ri\u00e1t Ljubljan\u00e1ban, majd k\u00e9s\u0151bb a Kort\u00e1rs Fotogr\u00e1fiai K\u00f6zpontot azzal a c\u00e9llal, hogy bemutassa \u00e9s t\u00e1mogassa a k\u00f6z\u00e9p-kelet-eur\u00f3pai fot\u00f3m\u0171v\u00e9szeket. A Photon b\u00e9csi kirendelts\u00e9ge 2013-ban ny\u00edlt meg, \u00e9s 2024-ben z\u00e1rt be. 2005-ben megalap\u00edtotta a ljubljanai\u00a0 \u2018Photonic Moments \u2013 Month of Photography\u2019 fesztiv\u00e1lt is, amely 2018-ig az European Month of Photography h\u00e1l\u00f3zat\u00e1nak tagja volt. Emellett tan\u00e1csad\u00f3k\u00e9nt dolgozik az Art Photo Budapest sz\u00e1m\u00e1ra.<\/p><\/div><\/div><\/div>\t\t\t\t\t\t\t\t<\/div>\n\t\t\t\t<\/div>\n\t\t\t\t\t<\/div>\n\t\t<\/div>\n\t\t\t\t\t<\/div>\n\t\t<\/section>\n\t\t\t\t\t<\/div>\n\t\t<\/div>\n\t\t\t\t<div class=\"elementor-column elementor-col-50 elementor-top-column elementor-element elementor-element-9e5fca1 elementor-hidden-tablet elementor-hidden-mobile\" data-id=\"9e5fca1\" data-element_type=\"column\" data-e-type=\"column\">\n\t\t\t<div class=\"elementor-widget-wrap\">\n\t\t\t\t\t\t\t<\/div>\n\t\t<\/div>\n\t\t\t\t\t<\/div>\n\t\t<\/section>\n\t\t\t\t<\/div>\n\t\t","protected":false},"excerpt":{"rendered":"<p>BOARD Nicole F. LOESER Gal\u00e9riavezet\u0151,Whiteconcepts Gallery, Berlin Nicole F. Loeser Berlinben \u00e9l\u0151 f\u00fcggetlen kur\u00e1tor \u00e9s m\u0171v\u00e9szeti menedzser, ebben a min\u0151s\u00e9g\u00e9ben Eur\u00f3paszerte t\u00f6bb mint t\u00edz \u00e9ve egy\u00fcttm\u0171k\u00f6d\u0151 partnere sz\u00e1mos m\u0171v\u00e9szeti int\u00e9zm\u00e9nynek. A WHITECONCEPTS Gal\u00e9ri\u00e1t 2009-ben alap\u00edtotta, aminek az\u00f3ta is vezet\u0151je. G\u00c1SP\u00c1R Szil\u00e1rd Gal\u00e9riavezet\u0151,Viewing Room17, Kolozsv\u00e1r G\u00e1sp\u00e1r\u00a0Szil\u00e1rd\u00a0gal\u00e9riavezet\u0151, m\u0171v\u00e9szeti menedzser \u00e9s a Kolozsv\u00e1ri Iskola m\u0171v\u00e9sze. 2020-ban Viewing Room [&hellip;]<\/p>\n","protected":false},"author":5,"featured_media":0,"parent":2703,"menu_order":0,"comment_status":"closed","ping_status":"closed","template":"","meta":{"footnotes":""},"class_list":["post-2615","page","type-page","status-publish","hentry"],"yoast_head":"<!-- This site is optimized with the Yoast SEO plugin v27.3 - https:\/\/yoast.com\/product\/yoast-seo-wordpress\/ -->\n<title>Board - Art Market Budapest<\/title>\n<meta name=\"robots\" content=\"index, follow, max-snippet:-1, max-image-preview:large, max-video-preview:-1\" \/>\n<link rel=\"canonical\" href=\"https:\/\/amb.hu\/hu\/rolunk\/szakmai-testulet\/\" \/>\n<meta property=\"og:locale\" content=\"hu_HU\" \/>\n<meta property=\"og:type\" content=\"article\" \/>\n<meta property=\"og:title\" content=\"Board - Art Market Budapest\" \/>\n<meta property=\"og:description\" content=\"BOARD Nicole F. LOESER Gal\u00e9riavezet\u0151,Whiteconcepts Gallery, Berlin Nicole F. Loeser Berlinben \u00e9l\u0151 f\u00fcggetlen kur\u00e1tor \u00e9s m\u0171v\u00e9szeti menedzser, ebben a min\u0151s\u00e9g\u00e9ben Eur\u00f3paszerte t\u00f6bb mint t\u00edz \u00e9ve egy\u00fcttm\u0171k\u00f6d\u0151 partnere sz\u00e1mos m\u0171v\u00e9szeti int\u00e9zm\u00e9nynek. A WHITECONCEPTS Gal\u00e9ri\u00e1t 2009-ben alap\u00edtotta, aminek az\u00f3ta is vezet\u0151je. G\u00c1SP\u00c1R Szil\u00e1rd Gal\u00e9riavezet\u0151,Viewing Room17, Kolozsv\u00e1r G\u00e1sp\u00e1r\u00a0Szil\u00e1rd\u00a0gal\u00e9riavezet\u0151, m\u0171v\u00e9szeti menedzser \u00e9s a Kolozsv\u00e1ri Iskola m\u0171v\u00e9sze. 2020-ban Viewing Room [&hellip;]\" \/>\n<meta property=\"og:url\" content=\"https:\/\/amb.hu\/hu\/rolunk\/szakmai-testulet\/\" \/>\n<meta property=\"og:site_name\" content=\"Art Market Budapest\" \/>\n<meta property=\"article:publisher\" content=\"https:\/\/www.facebook.com\/ArtMarketBudapest\/\" \/>\n<meta property=\"article:modified_time\" content=\"2025-07-21T11:22:35+00:00\" \/>\n<meta property=\"og:image\" content=\"https:\/\/amb.hu\/wp-content\/uploads\/2022\/12\/nicole-f-loeser.webp\" \/>\n\t<meta property=\"og:image:width\" content=\"193\" \/>\n\t<meta property=\"og:image:height\" content=\"185\" \/>\n\t<meta property=\"og:image:type\" content=\"image\/webp\" \/>\n<meta name=\"twitter:card\" content=\"summary_large_image\" \/>\n<meta name=\"twitter:label1\" content=\"Becs\u00fclt olvas\u00e1si id\u0151\" \/>\n\t<meta name=\"twitter:data1\" content=\"2 perc\" \/>\n<script type=\"application\/ld+json\" class=\"yoast-schema-graph\">{\"@context\":\"https:\\\/\\\/schema.org\",\"@graph\":[{\"@type\":\"WebPage\",\"@id\":\"https:\\\/\\\/amb.hu\\\/hu\\\/rolunk\\\/szakmai-testulet\\\/\",\"url\":\"https:\\\/\\\/amb.hu\\\/hu\\\/rolunk\\\/szakmai-testulet\\\/\",\"name\":\"Board - Art Market Budapest\",\"isPartOf\":{\"@id\":\"https:\\\/\\\/amb.hu\\\/hu\\\/#website\"},\"primaryImageOfPage\":{\"@id\":\"https:\\\/\\\/amb.hu\\\/hu\\\/rolunk\\\/szakmai-testulet\\\/#primaryimage\"},\"image\":{\"@id\":\"https:\\\/\\\/amb.hu\\\/hu\\\/rolunk\\\/szakmai-testulet\\\/#primaryimage\"},\"thumbnailUrl\":\"https:\\\/\\\/amb.hu\\\/wp-content\\\/uploads\\\/2022\\\/12\\\/nicole-f-loeser.webp\",\"datePublished\":\"2022-12-22T14:44:23+00:00\",\"dateModified\":\"2025-07-21T11:22:35+00:00\",\"breadcrumb\":{\"@id\":\"https:\\\/\\\/amb.hu\\\/hu\\\/rolunk\\\/szakmai-testulet\\\/#breadcrumb\"},\"inLanguage\":\"hu\",\"potentialAction\":[{\"@type\":\"ReadAction\",\"target\":[\"https:\\\/\\\/amb.hu\\\/hu\\\/rolunk\\\/szakmai-testulet\\\/\"]}]},{\"@type\":\"ImageObject\",\"inLanguage\":\"hu\",\"@id\":\"https:\\\/\\\/amb.hu\\\/hu\\\/rolunk\\\/szakmai-testulet\\\/#primaryimage\",\"url\":\"https:\\\/\\\/amb.hu\\\/wp-content\\\/uploads\\\/2022\\\/12\\\/nicole-f-loeser.webp\",\"contentUrl\":\"https:\\\/\\\/amb.hu\\\/wp-content\\\/uploads\\\/2022\\\/12\\\/nicole-f-loeser.webp\"},{\"@type\":\"BreadcrumbList\",\"@id\":\"https:\\\/\\\/amb.hu\\\/hu\\\/rolunk\\\/szakmai-testulet\\\/#breadcrumb\",\"itemListElement\":[{\"@type\":\"ListItem\",\"position\":1,\"name\":\"Kezd\u0151lap\",\"item\":\"https:\\\/\\\/amb.hu\\\/hu\\\/\"},{\"@type\":\"ListItem\",\"position\":2,\"name\":\"R\u00f3lunk\",\"item\":\"https:\\\/\\\/amb.hu\\\/hu\\\/rolunk\\\/\"},{\"@type\":\"ListItem\",\"position\":3,\"name\":\"Board\"}]},{\"@type\":\"WebSite\",\"@id\":\"https:\\\/\\\/amb.hu\\\/hu\\\/#website\",\"url\":\"https:\\\/\\\/amb.hu\\\/hu\\\/\",\"name\":\"Art Market Budapest\",\"description\":\"International Contemporary Art Fair\",\"publisher\":{\"@id\":\"https:\\\/\\\/amb.hu\\\/hu\\\/#organization\"},\"potentialAction\":[{\"@type\":\"SearchAction\",\"target\":{\"@type\":\"EntryPoint\",\"urlTemplate\":\"https:\\\/\\\/amb.hu\\\/hu\\\/?s={search_term_string}\"},\"query-input\":{\"@type\":\"PropertyValueSpecification\",\"valueRequired\":true,\"valueName\":\"search_term_string\"}}],\"inLanguage\":\"hu\"},{\"@type\":\"Organization\",\"@id\":\"https:\\\/\\\/amb.hu\\\/hu\\\/#organization\",\"name\":\"Art Market Budapest\",\"url\":\"https:\\\/\\\/amb.hu\\\/hu\\\/\",\"logo\":{\"@type\":\"ImageObject\",\"inLanguage\":\"hu\",\"@id\":\"https:\\\/\\\/amb.hu\\\/hu\\\/#\\\/schema\\\/logo\\\/image\\\/\",\"url\":\"https:\\\/\\\/amb.hu\\\/wp-content\\\/uploads\\\/2022\\\/08\\\/logo-art-market-budapest.svg\",\"contentUrl\":\"https:\\\/\\\/amb.hu\\\/wp-content\\\/uploads\\\/2022\\\/08\\\/logo-art-market-budapest.svg\",\"width\":159,\"height\":63,\"caption\":\"Art Market Budapest\"},\"image\":{\"@id\":\"https:\\\/\\\/amb.hu\\\/hu\\\/#\\\/schema\\\/logo\\\/image\\\/\"},\"sameAs\":[\"https:\\\/\\\/www.facebook.com\\\/ArtMarketBudapest\\\/\",\"https:\\\/\\\/www.instagram.com\\\/artmarketbudapest\\\/\"]}]}<\/script>\n<!-- \/ Yoast SEO plugin. -->","yoast_head_json":{"title":"Board - Art Market Budapest","robots":{"index":"index","follow":"follow","max-snippet":"max-snippet:-1","max-image-preview":"max-image-preview:large","max-video-preview":"max-video-preview:-1"},"canonical":"https:\/\/amb.hu\/hu\/rolunk\/szakmai-testulet\/","og_locale":"hu_HU","og_type":"article","og_title":"Board - Art Market Budapest","og_description":"BOARD Nicole F. LOESER Gal\u00e9riavezet\u0151,Whiteconcepts Gallery, Berlin Nicole F. Loeser Berlinben \u00e9l\u0151 f\u00fcggetlen kur\u00e1tor \u00e9s m\u0171v\u00e9szeti menedzser, ebben a min\u0151s\u00e9g\u00e9ben Eur\u00f3paszerte t\u00f6bb mint t\u00edz \u00e9ve egy\u00fcttm\u0171k\u00f6d\u0151 partnere sz\u00e1mos m\u0171v\u00e9szeti int\u00e9zm\u00e9nynek. A WHITECONCEPTS Gal\u00e9ri\u00e1t 2009-ben alap\u00edtotta, aminek az\u00f3ta is vezet\u0151je. G\u00c1SP\u00c1R Szil\u00e1rd Gal\u00e9riavezet\u0151,Viewing Room17, Kolozsv\u00e1r G\u00e1sp\u00e1r\u00a0Szil\u00e1rd\u00a0gal\u00e9riavezet\u0151, m\u0171v\u00e9szeti menedzser \u00e9s a Kolozsv\u00e1ri Iskola m\u0171v\u00e9sze. 2020-ban Viewing Room [&hellip;]","og_url":"https:\/\/amb.hu\/hu\/rolunk\/szakmai-testulet\/","og_site_name":"Art Market Budapest","article_publisher":"https:\/\/www.facebook.com\/ArtMarketBudapest\/","article_modified_time":"2025-07-21T11:22:35+00:00","og_image":[{"width":193,"height":185,"url":"https:\/\/amb.hu\/wp-content\/uploads\/2022\/12\/nicole-f-loeser.webp","type":"image\/webp"}],"twitter_card":"summary_large_image","twitter_misc":{"Becs\u00fclt olvas\u00e1si id\u0151":"2 perc"},"schema":{"@context":"https:\/\/schema.org","@graph":[{"@type":"WebPage","@id":"https:\/\/amb.hu\/hu\/rolunk\/szakmai-testulet\/","url":"https:\/\/amb.hu\/hu\/rolunk\/szakmai-testulet\/","name":"Board - Art Market Budapest","isPartOf":{"@id":"https:\/\/amb.hu\/hu\/#website"},"primaryImageOfPage":{"@id":"https:\/\/amb.hu\/hu\/rolunk\/szakmai-testulet\/#primaryimage"},"image":{"@id":"https:\/\/amb.hu\/hu\/rolunk\/szakmai-testulet\/#primaryimage"},"thumbnailUrl":"https:\/\/amb.hu\/wp-content\/uploads\/2022\/12\/nicole-f-loeser.webp","datePublished":"2022-12-22T14:44:23+00:00","dateModified":"2025-07-21T11:22:35+00:00","breadcrumb":{"@id":"https:\/\/amb.hu\/hu\/rolunk\/szakmai-testulet\/#breadcrumb"},"inLanguage":"hu","potentialAction":[{"@type":"ReadAction","target":["https:\/\/amb.hu\/hu\/rolunk\/szakmai-testulet\/"]}]},{"@type":"ImageObject","inLanguage":"hu","@id":"https:\/\/amb.hu\/hu\/rolunk\/szakmai-testulet\/#primaryimage","url":"https:\/\/amb.hu\/wp-content\/uploads\/2022\/12\/nicole-f-loeser.webp","contentUrl":"https:\/\/amb.hu\/wp-content\/uploads\/2022\/12\/nicole-f-loeser.webp"},{"@type":"BreadcrumbList","@id":"https:\/\/amb.hu\/hu\/rolunk\/szakmai-testulet\/#breadcrumb","itemListElement":[{"@type":"ListItem","position":1,"name":"Kezd\u0151lap","item":"https:\/\/amb.hu\/hu\/"},{"@type":"ListItem","position":2,"name":"R\u00f3lunk","item":"https:\/\/amb.hu\/hu\/rolunk\/"},{"@type":"ListItem","position":3,"name":"Board"}]},{"@type":"WebSite","@id":"https:\/\/amb.hu\/hu\/#website","url":"https:\/\/amb.hu\/hu\/","name":"Art Market Budapest","description":"International Contemporary Art Fair","publisher":{"@id":"https:\/\/amb.hu\/hu\/#organization"},"potentialAction":[{"@type":"SearchAction","target":{"@type":"EntryPoint","urlTemplate":"https:\/\/amb.hu\/hu\/?s={search_term_string}"},"query-input":{"@type":"PropertyValueSpecification","valueRequired":true,"valueName":"search_term_string"}}],"inLanguage":"hu"},{"@type":"Organization","@id":"https:\/\/amb.hu\/hu\/#organization","name":"Art Market Budapest","url":"https:\/\/amb.hu\/hu\/","logo":{"@type":"ImageObject","inLanguage":"hu","@id":"https:\/\/amb.hu\/hu\/#\/schema\/logo\/image\/","url":"https:\/\/amb.hu\/wp-content\/uploads\/2022\/08\/logo-art-market-budapest.svg","contentUrl":"https:\/\/amb.hu\/wp-content\/uploads\/2022\/08\/logo-art-market-budapest.svg","width":159,"height":63,"caption":"Art Market Budapest"},"image":{"@id":"https:\/\/amb.hu\/hu\/#\/schema\/logo\/image\/"},"sameAs":["https:\/\/www.facebook.com\/ArtMarketBudapest\/","https:\/\/www.instagram.com\/artmarketbudapest\/"]}]}},"_links":{"self":[{"href":"https:\/\/amb.hu\/hu\/wp-json\/wp\/v2\/pages\/2615","targetHints":{"allow":["GET"]}}],"collection":[{"href":"https:\/\/amb.hu\/hu\/wp-json\/wp\/v2\/pages"}],"about":[{"href":"https:\/\/amb.hu\/hu\/wp-json\/wp\/v2\/types\/page"}],"author":[{"embeddable":true,"href":"https:\/\/amb.hu\/hu\/wp-json\/wp\/v2\/users\/5"}],"replies":[{"embeddable":true,"href":"https:\/\/amb.hu\/hu\/wp-json\/wp\/v2\/comments?post=2615"}],"version-history":[{"count":0,"href":"https:\/\/amb.hu\/hu\/wp-json\/wp\/v2\/pages\/2615\/revisions"}],"up":[{"embeddable":true,"href":"https:\/\/amb.hu\/hu\/wp-json\/wp\/v2\/pages\/2703"}],"wp:attachment":[{"href":"https:\/\/amb.hu\/hu\/wp-json\/wp\/v2\/media?parent=2615"}],"curies":[{"name":"wp","href":"https:\/\/api.w.org\/{rel}","templated":true}]}}