{"id":2687,"date":"2022-12-22T17:52:35","date_gmt":"2022-12-22T16:52:35","guid":{"rendered":"https:\/\/amb.hu\/programs-2022\/art-photo-budapest\/"},"modified":"2025-02-11T10:18:24","modified_gmt":"2025-02-11T09:18:24","slug":"art-photo-budapest","status":"publish","type":"page","link":"https:\/\/amb.hu\/hu\/art-photo-budapest\/","title":{"rendered":"Art Photo Budapest"},"content":{"rendered":"<p><strong>ART PHOTO BUDAPEST<br \/><\/strong><\/p>\n<p>Az ART MARKET BUDAPEST \u00e1ltal 2014-ben alap\u00edtott ART PHOTO BUDAPEST az idei \u00e9vben is a k\u00f6z\u00e9p- \u00e9s kelet-eur\u00f3pai r\u00e9gi\u00f3 egyetlen nemzetk\u00f6zi fot\u00f3m\u0171v\u00e9szeti v\u00e1s\u00e1rak\u00e9nt ny\u00edlik meg a n\u00e9pszer\u0171 m\u0171v\u00e9szeti \u00e1g ir\u00e1nt \u00e9rdekl\u0151d\u0151 k\u00f6z\u00f6ns\u00e9g el\u0151tt. Az esem\u00e9ny az ART MARKET BUDAPEST id\u0151pontj\u00e1ban, helysz\u00edn\u00e9n \u00e9s az arra megv\u00e1ltott bel\u00e9p\u0151jeggyel l\u00e1togathat\u00f3.<\/p>\n<p>Az ART PHOTO BUDAPEST a fot\u00f3m\u0171v\u00e9szet vonz\u00f3 tal\u00e1lkoz\u00e1si pontja, a helysz\u00ednen ki\u00e1ll\u00edt\u00e1sra ker\u00fcl\u0151 fot\u00f3m\u0171v\u00e9szeti anyag ez\u00fattal is szatellit ki\u00e1ll\u00edt\u00e1sokkal \u00e9s szakmai esem\u00e9nyekkel eg\u00e9sz\u00fcl ki, amelyek k\u00f6z\u00fcl kiemelkedik az INSIDE ART nemzetk\u00f6zi konferencia fot\u00f3 tematik\u00e1j\u00fa napja \u00e9s k\u00f6z\u00f6ns\u00e9gtal\u00e1lkoz\u00f3ja.<\/p>\n<p>\t\t\t\t\t\t\t\t\t\t\t\t\t\t\t<img fetchpriority=\"high\" decoding=\"async\" width=\"800\" height=\"534\" src=\"https:\/\/amb.hu\/wp-content\/uploads\/2022\/12\/2nd-day-fair-vibes-Herman-Fanni-12-800x534-1.webp\" alt=\"\" srcset=\"https:\/\/amb.hu\/wp-content\/uploads\/2022\/12\/2nd-day-fair-vibes-Herman-Fanni-12-800x534-1.webp 800w, https:\/\/amb.hu\/wp-content\/uploads\/2022\/12\/2nd-day-fair-vibes-Herman-Fanni-12-800x534-1-300x200.webp 300w, https:\/\/amb.hu\/wp-content\/uploads\/2022\/12\/2nd-day-fair-vibes-Herman-Fanni-12-800x534-1-768x513.webp 768w\" sizes=\"(max-width: 800px) 100vw, 800px\" \/><\/p>\n","protected":false},"excerpt":{"rendered":"<p>ART PHOTO BUDAPEST Az ART MARKET BUDAPEST \u00e1ltal 2014-ben alap\u00edtott ART PHOTO BUDAPEST az idei \u00e9vben is a k\u00f6z\u00e9p- \u00e9s kelet-eur\u00f3pai r\u00e9gi\u00f3 egyetlen nemzetk\u00f6zi fot\u00f3m\u0171v\u00e9szeti v\u00e1s\u00e1rak\u00e9nt ny\u00edlik meg a n\u00e9pszer\u0171 m\u0171v\u00e9szeti \u00e1g ir\u00e1nt \u00e9rdekl\u0151d\u0151 k\u00f6z\u00f6ns\u00e9g el\u0151tt. Az esem\u00e9ny az ART MARKET BUDAPEST id\u0151pontj\u00e1ban, helysz\u00edn\u00e9n \u00e9s az arra megv\u00e1ltott bel\u00e9p\u0151jeggyel l\u00e1togathat\u00f3. Az ART PHOTO BUDAPEST a [&hellip;]<\/p>\n","protected":false},"author":5,"featured_media":0,"parent":0,"menu_order":0,"comment_status":"closed","ping_status":"closed","template":"","meta":{"footnotes":""},"class_list":["post-2687","page","type-page","status-publish","hentry"],"yoast_head":"<!-- This site is optimized with the Yoast SEO plugin v27.2 - https:\/\/yoast.com\/product\/yoast-seo-wordpress\/ -->\n<title>Art Photo Budapest - Art Market Budapest<\/title>\n<meta name=\"robots\" content=\"index, follow, max-snippet:-1, max-image-preview:large, max-video-preview:-1\" \/>\n<link rel=\"canonical\" href=\"https:\/\/amb.hu\/hu\/art-photo-budapest\/\" \/>\n<meta property=\"og:locale\" content=\"hu_HU\" \/>\n<meta property=\"og:type\" content=\"article\" \/>\n<meta property=\"og:title\" content=\"Art Photo Budapest - Art Market Budapest\" \/>\n<meta property=\"og:description\" content=\"ART PHOTO BUDAPEST Az ART MARKET BUDAPEST \u00e1ltal 2014-ben alap\u00edtott ART PHOTO BUDAPEST az idei \u00e9vben is a k\u00f6z\u00e9p- \u00e9s kelet-eur\u00f3pai r\u00e9gi\u00f3 egyetlen nemzetk\u00f6zi fot\u00f3m\u0171v\u00e9szeti v\u00e1s\u00e1rak\u00e9nt ny\u00edlik meg a n\u00e9pszer\u0171 m\u0171v\u00e9szeti \u00e1g ir\u00e1nt \u00e9rdekl\u0151d\u0151 k\u00f6z\u00f6ns\u00e9g el\u0151tt. Az esem\u00e9ny az ART MARKET BUDAPEST id\u0151pontj\u00e1ban, helysz\u00edn\u00e9n \u00e9s az arra megv\u00e1ltott bel\u00e9p\u0151jeggyel l\u00e1togathat\u00f3. Az ART PHOTO BUDAPEST a [&hellip;]\" \/>\n<meta property=\"og:url\" content=\"https:\/\/amb.hu\/hu\/art-photo-budapest\/\" \/>\n<meta property=\"og:site_name\" content=\"Art Market Budapest\" \/>\n<meta property=\"article:publisher\" content=\"https:\/\/www.facebook.com\/ArtMarketBudapest\/\" \/>\n<meta property=\"article:modified_time\" content=\"2025-02-11T09:18:24+00:00\" \/>\n<meta property=\"og:image\" content=\"https:\/\/amb.hu\/wp-content\/uploads\/2022\/12\/2nd-day-fair-vibes-Herman-Fanni-12-800x534-1.webp\" \/>\n<meta name=\"twitter:card\" content=\"summary_large_image\" \/>\n<meta name=\"twitter:label1\" content=\"Becs\u00fclt olvas\u00e1si id\u0151\" \/>\n\t<meta name=\"twitter:data1\" content=\"1 perc\" \/>\n<script type=\"application\/ld+json\" class=\"yoast-schema-graph\">{\"@context\":\"https:\/\/schema.org\",\"@graph\":[{\"@type\":\"WebPage\",\"@id\":\"https:\/\/amb.hu\/hu\/art-photo-budapest\/\",\"url\":\"https:\/\/amb.hu\/hu\/art-photo-budapest\/\",\"name\":\"Art Photo Budapest - Art Market Budapest\",\"isPartOf\":{\"@id\":\"https:\/\/amb.hu\/hu\/#website\"},\"primaryImageOfPage\":{\"@id\":\"https:\/\/amb.hu\/hu\/art-photo-budapest\/#primaryimage\"},\"image\":{\"@id\":\"https:\/\/amb.hu\/hu\/art-photo-budapest\/#primaryimage\"},\"thumbnailUrl\":\"https:\/\/amb.hu\/wp-content\/uploads\/2022\/12\/2nd-day-fair-vibes-Herman-Fanni-12-800x534-1.webp\",\"datePublished\":\"2022-12-22T16:52:35+00:00\",\"dateModified\":\"2025-02-11T09:18:24+00:00\",\"breadcrumb\":{\"@id\":\"https:\/\/amb.hu\/hu\/art-photo-budapest\/#breadcrumb\"},\"inLanguage\":\"hu\",\"potentialAction\":[{\"@type\":\"ReadAction\",\"target\":[\"https:\/\/amb.hu\/hu\/art-photo-budapest\/\"]}]},{\"@type\":\"ImageObject\",\"inLanguage\":\"hu\",\"@id\":\"https:\/\/amb.hu\/hu\/art-photo-budapest\/#primaryimage\",\"url\":\"https:\/\/amb.hu\/wp-content\/uploads\/2022\/12\/2nd-day-fair-vibes-Herman-Fanni-12-800x534-1.webp\",\"contentUrl\":\"https:\/\/amb.hu\/wp-content\/uploads\/2022\/12\/2nd-day-fair-vibes-Herman-Fanni-12-800x534-1.webp\"},{\"@type\":\"BreadcrumbList\",\"@id\":\"https:\/\/amb.hu\/hu\/art-photo-budapest\/#breadcrumb\",\"itemListElement\":[{\"@type\":\"ListItem\",\"position\":1,\"name\":\"Kezd\u0151lap\",\"item\":\"https:\/\/amb.hu\/hu\/\"},{\"@type\":\"ListItem\",\"position\":2,\"name\":\"Art Photo Budapest\"}]},{\"@type\":\"WebSite\",\"@id\":\"https:\/\/amb.hu\/hu\/#website\",\"url\":\"https:\/\/amb.hu\/hu\/\",\"name\":\"Art Market Budapest\",\"description\":\"International Contemporary Art Fair\",\"publisher\":{\"@id\":\"https:\/\/amb.hu\/hu\/#organization\"},\"potentialAction\":[{\"@type\":\"SearchAction\",\"target\":{\"@type\":\"EntryPoint\",\"urlTemplate\":\"https:\/\/amb.hu\/hu\/?s={search_term_string}\"},\"query-input\":{\"@type\":\"PropertyValueSpecification\",\"valueRequired\":true,\"valueName\":\"search_term_string\"}}],\"inLanguage\":\"hu\"},{\"@type\":\"Organization\",\"@id\":\"https:\/\/amb.hu\/hu\/#organization\",\"name\":\"Art Market Budapest\",\"url\":\"https:\/\/amb.hu\/hu\/\",\"logo\":{\"@type\":\"ImageObject\",\"inLanguage\":\"hu\",\"@id\":\"https:\/\/amb.hu\/hu\/#\/schema\/logo\/image\/\",\"url\":\"https:\/\/amb.hu\/wp-content\/uploads\/2022\/08\/logo-art-market-budapest.svg\",\"contentUrl\":\"https:\/\/amb.hu\/wp-content\/uploads\/2022\/08\/logo-art-market-budapest.svg\",\"width\":159,\"height\":63,\"caption\":\"Art Market Budapest\"},\"image\":{\"@id\":\"https:\/\/amb.hu\/hu\/#\/schema\/logo\/image\/\"},\"sameAs\":[\"https:\/\/www.facebook.com\/ArtMarketBudapest\/\",\"https:\/\/www.instagram.com\/artmarketbudapest\/\"]}]}<\/script>\n<!-- \/ Yoast SEO plugin. -->","yoast_head_json":{"title":"Art Photo Budapest - Art Market Budapest","robots":{"index":"index","follow":"follow","max-snippet":"max-snippet:-1","max-image-preview":"max-image-preview:large","max-video-preview":"max-video-preview:-1"},"canonical":"https:\/\/amb.hu\/hu\/art-photo-budapest\/","og_locale":"hu_HU","og_type":"article","og_title":"Art Photo Budapest - Art Market Budapest","og_description":"ART PHOTO BUDAPEST Az ART MARKET BUDAPEST \u00e1ltal 2014-ben alap\u00edtott ART PHOTO BUDAPEST az idei \u00e9vben is a k\u00f6z\u00e9p- \u00e9s kelet-eur\u00f3pai r\u00e9gi\u00f3 egyetlen nemzetk\u00f6zi fot\u00f3m\u0171v\u00e9szeti v\u00e1s\u00e1rak\u00e9nt ny\u00edlik meg a n\u00e9pszer\u0171 m\u0171v\u00e9szeti \u00e1g ir\u00e1nt \u00e9rdekl\u0151d\u0151 k\u00f6z\u00f6ns\u00e9g el\u0151tt. Az esem\u00e9ny az ART MARKET BUDAPEST id\u0151pontj\u00e1ban, helysz\u00edn\u00e9n \u00e9s az arra megv\u00e1ltott bel\u00e9p\u0151jeggyel l\u00e1togathat\u00f3. Az ART PHOTO BUDAPEST a [&hellip;]","og_url":"https:\/\/amb.hu\/hu\/art-photo-budapest\/","og_site_name":"Art Market Budapest","article_publisher":"https:\/\/www.facebook.com\/ArtMarketBudapest\/","article_modified_time":"2025-02-11T09:18:24+00:00","og_image":[{"url":"https:\/\/amb.hu\/wp-content\/uploads\/2022\/12\/2nd-day-fair-vibes-Herman-Fanni-12-800x534-1.webp","type":"","width":"","height":""}],"twitter_card":"summary_large_image","twitter_misc":{"Becs\u00fclt olvas\u00e1si id\u0151":"1 perc"},"schema":{"@context":"https:\/\/schema.org","@graph":[{"@type":"WebPage","@id":"https:\/\/amb.hu\/hu\/art-photo-budapest\/","url":"https:\/\/amb.hu\/hu\/art-photo-budapest\/","name":"Art Photo Budapest - Art Market Budapest","isPartOf":{"@id":"https:\/\/amb.hu\/hu\/#website"},"primaryImageOfPage":{"@id":"https:\/\/amb.hu\/hu\/art-photo-budapest\/#primaryimage"},"image":{"@id":"https:\/\/amb.hu\/hu\/art-photo-budapest\/#primaryimage"},"thumbnailUrl":"https:\/\/amb.hu\/wp-content\/uploads\/2022\/12\/2nd-day-fair-vibes-Herman-Fanni-12-800x534-1.webp","datePublished":"2022-12-22T16:52:35+00:00","dateModified":"2025-02-11T09:18:24+00:00","breadcrumb":{"@id":"https:\/\/amb.hu\/hu\/art-photo-budapest\/#breadcrumb"},"inLanguage":"hu","potentialAction":[{"@type":"ReadAction","target":["https:\/\/amb.hu\/hu\/art-photo-budapest\/"]}]},{"@type":"ImageObject","inLanguage":"hu","@id":"https:\/\/amb.hu\/hu\/art-photo-budapest\/#primaryimage","url":"https:\/\/amb.hu\/wp-content\/uploads\/2022\/12\/2nd-day-fair-vibes-Herman-Fanni-12-800x534-1.webp","contentUrl":"https:\/\/amb.hu\/wp-content\/uploads\/2022\/12\/2nd-day-fair-vibes-Herman-Fanni-12-800x534-1.webp"},{"@type":"BreadcrumbList","@id":"https:\/\/amb.hu\/hu\/art-photo-budapest\/#breadcrumb","itemListElement":[{"@type":"ListItem","position":1,"name":"Kezd\u0151lap","item":"https:\/\/amb.hu\/hu\/"},{"@type":"ListItem","position":2,"name":"Art Photo Budapest"}]},{"@type":"WebSite","@id":"https:\/\/amb.hu\/hu\/#website","url":"https:\/\/amb.hu\/hu\/","name":"Art Market Budapest","description":"International Contemporary Art Fair","publisher":{"@id":"https:\/\/amb.hu\/hu\/#organization"},"potentialAction":[{"@type":"SearchAction","target":{"@type":"EntryPoint","urlTemplate":"https:\/\/amb.hu\/hu\/?s={search_term_string}"},"query-input":{"@type":"PropertyValueSpecification","valueRequired":true,"valueName":"search_term_string"}}],"inLanguage":"hu"},{"@type":"Organization","@id":"https:\/\/amb.hu\/hu\/#organization","name":"Art Market Budapest","url":"https:\/\/amb.hu\/hu\/","logo":{"@type":"ImageObject","inLanguage":"hu","@id":"https:\/\/amb.hu\/hu\/#\/schema\/logo\/image\/","url":"https:\/\/amb.hu\/wp-content\/uploads\/2022\/08\/logo-art-market-budapest.svg","contentUrl":"https:\/\/amb.hu\/wp-content\/uploads\/2022\/08\/logo-art-market-budapest.svg","width":159,"height":63,"caption":"Art Market Budapest"},"image":{"@id":"https:\/\/amb.hu\/hu\/#\/schema\/logo\/image\/"},"sameAs":["https:\/\/www.facebook.com\/ArtMarketBudapest\/","https:\/\/www.instagram.com\/artmarketbudapest\/"]}]}},"_links":{"self":[{"href":"https:\/\/amb.hu\/hu\/wp-json\/wp\/v2\/pages\/2687","targetHints":{"allow":["GET"]}}],"collection":[{"href":"https:\/\/amb.hu\/hu\/wp-json\/wp\/v2\/pages"}],"about":[{"href":"https:\/\/amb.hu\/hu\/wp-json\/wp\/v2\/types\/page"}],"author":[{"embeddable":true,"href":"https:\/\/amb.hu\/hu\/wp-json\/wp\/v2\/users\/5"}],"replies":[{"embeddable":true,"href":"https:\/\/amb.hu\/hu\/wp-json\/wp\/v2\/comments?post=2687"}],"version-history":[{"count":0,"href":"https:\/\/amb.hu\/hu\/wp-json\/wp\/v2\/pages\/2687\/revisions"}],"wp:attachment":[{"href":"https:\/\/amb.hu\/hu\/wp-json\/wp\/v2\/media?parent=2687"}],"curies":[{"name":"wp","href":"https:\/\/api.w.org\/{rel}","templated":true}]}}