{"id":2703,"date":"2022-12-22T15:42:58","date_gmt":"2022-12-22T14:42:58","guid":{"rendered":"https:\/\/amb.hu\/rolunk\/"},"modified":"2026-04-01T14:25:32","modified_gmt":"2026-04-01T12:25:32","slug":"rolunk","status":"publish","type":"page","link":"https:\/\/amb.hu\/hu\/rolunk\/","title":{"rendered":"R\u00f3lunk"},"content":{"rendered":"<p><img fetchpriority=\"high\" decoding=\"async\" src=\"https:\/\/amb.hu\/wp-content\/uploads\/2025\/10\/amb25_partneri_logok_web-1.jpg\" sizes=\"(max-width: 800px) 100vw, 800px\" srcset=\"https:\/\/amb.hu\/wp-content\/uploads\/2025\/10\/amb25_partneri_logok_web-1.jpg 924w, https:\/\/amb.hu\/wp-content\/uploads\/2025\/10\/amb25_partneri_logok_web-1-300x177.jpg 300w, https:\/\/amb.hu\/wp-content\/uploads\/2025\/10\/amb25_partneri_logok_web-1-768x453.jpg 768w\" alt=\"\" width=\"800\" height=\"472\" \/><\/p>\n<p><strong>V\u00c1S\u00c1R MENEDZSMENT<\/strong><\/p>\n<p><strong>LED\u00c9NYI Attila<\/strong><br \/>\nv\u00e1s\u00e1r igazgat\u00f3<\/p>\n<p><strong>BAR\u00c1NKA Eszter<\/strong><br \/>\n\u00e1ltal\u00e1nos vezet\u0151<\/p>\n<p><strong>KOV\u00c1CS \u00c9va<\/strong><br \/>\noperat\u00edv vezet\u0151<\/p>\n<p><b>CSERP\u00c1K Martin<br \/>\n<\/b>ki\u00e1ll\u00edt\u00e1si vezet\u0151<\/p>\n<p><strong>Dr. BARSI Zsuzsanna<\/strong><br \/>\npartners\u00e9g \u00e9s nemzetk\u00f6zi programok vezet\u0151<\/p>\n<p>SZERVEZ\u0150<br \/>\n<strong>ART TODAY Kft.<\/strong><\/p>\n<p>PROGRAMOK<\/p>\n<p>sCulture: <strong>MAKL\u00c1RY Lilla<br \/>\n<\/strong>Art Photo Budapest<strong>:\u00a0Dejan SLUGA, Photon<\/strong><\/p>\n<p>Heged\u0171 u. 9.<br \/>\n1061 Budapest<br \/>\n+36 1 239 0007<br \/>\n<a href=\"mailto:info@amb.hu\">info@amb.hu<br \/>\n<\/a><a href=\"http:\/\/www.amb.hu\/\">www.amb.hu<br \/>\n<\/a><a href=\"http:\/\/www.facebook.com\/ArtMarketBudapest\">www.facebook.com\/ArtMarketBudapest<\/a><br \/>\n<a href=\"https:\/\/www.youtube.com\/channel\/UCnQPOaCDPK7z-_6s-uv7xHQ\">https:\/\/www.youtube.com\/channel\/UCnQPOaCDPK7z-_6s-uv7xHQ<\/a><br \/>\n<a href=\"https:\/\/www.instagram.com\/ArtMarketBudapest\/\">https:\/\/www.instagram.com\/ArtMarketBudapest\/<\/a><\/p>\n<p><b>SZERVEZ\u0150K<\/b><\/p>\n<p>TERVEZ\u00c9S &amp; TECHNIKAI KOORDIN\u00c1CI\u00d3<br \/>\n(Chief Arcitect) <strong>RIMASZOMBATI Erika<\/strong><\/p>\n<p>NEMZETK\u00d6ZI KAPCSOLATOK (Consultant)<strong>\u00a0SOMHEGYI Zolt\u00e1n<\/strong><\/p>\n<p>M\u0170V\u00c9SZET PEDAG\u00d3GIA <strong style=\"color: var( --e-global-color-text );\">P\u00c9NZES Bor\u00f3ka<\/strong><\/p>\n<p>PR &amp; KOMMUNIK\u00c1CI\u00d3<br \/>\n<strong>FLORENCE LIFESTYLE AGENCY<\/strong><\/p>\n<p>\u00d6NK\u00c9NTES PROGRAM<br \/>\n<strong>\u0150RY Eszter<\/strong><\/p>\n<p>M\u0170V\u00c9SZETPEDAG\u00d3GIA<br \/>\n<strong>P\u00c9NZES Bor\u00f3ka<\/strong><\/p>\n<p>SZERVEZ\u0150PARTNER<br \/>\n<strong>EDGE Communications Kft.<\/strong><\/p>\n","protected":false},"excerpt":{"rendered":"<p>V\u00c1S\u00c1R MENEDZSMENT LED\u00c9NYI Attila v\u00e1s\u00e1r igazgat\u00f3 BAR\u00c1NKA Eszter \u00e1ltal\u00e1nos vezet\u0151 KOV\u00c1CS \u00c9va operat\u00edv vezet\u0151 CSERP\u00c1K Martin ki\u00e1ll\u00edt\u00e1si vezet\u0151 Dr. BARSI Zsuzsanna partners\u00e9g \u00e9s nemzetk\u00f6zi programok vezet\u0151 SZERVEZ\u0150 ART TODAY Kft. PROGRAMOK sCulture: MAKL\u00c1RY Lilla Art Photo Budapest:\u00a0Dejan SLUGA, Photon Heged\u0171 u. 9. 1061 Budapest +36 1 239 0007 info@amb.hu www.amb.hu www.facebook.com\/ArtMarketBudapest https:\/\/www.youtube.com\/channel\/UCnQPOaCDPK7z-_6s-uv7xHQ https:\/\/www.instagram.com\/ArtMarketBudapest\/ SZERVEZ\u0150K TERVEZ\u00c9S [&hellip;]<\/p>\n","protected":false},"author":5,"featured_media":0,"parent":0,"menu_order":0,"comment_status":"closed","ping_status":"closed","template":"","meta":{"footnotes":""},"class_list":["post-2703","page","type-page","status-publish","hentry"],"yoast_head":"<!-- This site is optimized with the Yoast SEO plugin v27.2 - https:\/\/yoast.com\/product\/yoast-seo-wordpress\/ -->\n<title>R\u00f3lunk - Art Market Budapest<\/title>\n<meta name=\"robots\" content=\"index, follow, max-snippet:-1, max-image-preview:large, max-video-preview:-1\" \/>\n<link rel=\"canonical\" href=\"https:\/\/amb.hu\/hu\/rolunk\/\" \/>\n<meta property=\"og:locale\" content=\"hu_HU\" \/>\n<meta property=\"og:type\" content=\"article\" \/>\n<meta property=\"og:title\" content=\"R\u00f3lunk - Art Market Budapest\" \/>\n<meta property=\"og:description\" content=\"V\u00c1S\u00c1R MENEDZSMENT LED\u00c9NYI Attila v\u00e1s\u00e1r igazgat\u00f3 BAR\u00c1NKA Eszter \u00e1ltal\u00e1nos vezet\u0151 KOV\u00c1CS \u00c9va operat\u00edv vezet\u0151 CSERP\u00c1K Martin ki\u00e1ll\u00edt\u00e1si vezet\u0151 Dr. BARSI Zsuzsanna partners\u00e9g \u00e9s nemzetk\u00f6zi programok vezet\u0151 SZERVEZ\u0150 ART TODAY Kft. PROGRAMOK sCulture: MAKL\u00c1RY Lilla Art Photo Budapest:\u00a0Dejan SLUGA, Photon Heged\u0171 u. 9. 1061 Budapest +36 1 239 0007 info@amb.hu www.amb.hu www.facebook.com\/ArtMarketBudapest https:\/\/www.youtube.com\/channel\/UCnQPOaCDPK7z-_6s-uv7xHQ https:\/\/www.instagram.com\/ArtMarketBudapest\/ SZERVEZ\u0150K TERVEZ\u00c9S [&hellip;]\" \/>\n<meta property=\"og:url\" content=\"https:\/\/amb.hu\/hu\/rolunk\/\" \/>\n<meta property=\"og:site_name\" content=\"Art Market Budapest\" \/>\n<meta property=\"article:publisher\" content=\"https:\/\/www.facebook.com\/ArtMarketBudapest\/\" \/>\n<meta property=\"article:modified_time\" content=\"2026-04-01T12:25:32+00:00\" \/>\n<meta property=\"og:image\" content=\"https:\/\/amb.hu\/wp-content\/uploads\/2025\/10\/amb25_partneri_logok_web-1.jpg\" \/>\n<meta name=\"twitter:card\" content=\"summary_large_image\" \/>\n<meta name=\"twitter:label1\" content=\"Becs\u00fclt olvas\u00e1si id\u0151\" \/>\n\t<meta name=\"twitter:data1\" content=\"1 perc\" \/>\n<script type=\"application\/ld+json\" class=\"yoast-schema-graph\">{\"@context\":\"https:\/\/schema.org\",\"@graph\":[{\"@type\":\"WebPage\",\"@id\":\"https:\/\/amb.hu\/hu\/rolunk\/\",\"url\":\"https:\/\/amb.hu\/hu\/rolunk\/\",\"name\":\"R\u00f3lunk - Art Market Budapest\",\"isPartOf\":{\"@id\":\"https:\/\/amb.hu\/hu\/#website\"},\"primaryImageOfPage\":{\"@id\":\"https:\/\/amb.hu\/hu\/rolunk\/#primaryimage\"},\"image\":{\"@id\":\"https:\/\/amb.hu\/hu\/rolunk\/#primaryimage\"},\"thumbnailUrl\":\"https:\/\/amb.hu\/wp-content\/uploads\/2025\/10\/amb25_partneri_logok_web-1.jpg\",\"datePublished\":\"2022-12-22T14:42:58+00:00\",\"dateModified\":\"2026-04-01T12:25:32+00:00\",\"breadcrumb\":{\"@id\":\"https:\/\/amb.hu\/hu\/rolunk\/#breadcrumb\"},\"inLanguage\":\"hu\",\"potentialAction\":[{\"@type\":\"ReadAction\",\"target\":[\"https:\/\/amb.hu\/hu\/rolunk\/\"]}]},{\"@type\":\"ImageObject\",\"inLanguage\":\"hu\",\"@id\":\"https:\/\/amb.hu\/hu\/rolunk\/#primaryimage\",\"url\":\"https:\/\/amb.hu\/wp-content\/uploads\/2025\/10\/amb25_partneri_logok_web-1.jpg\",\"contentUrl\":\"https:\/\/amb.hu\/wp-content\/uploads\/2025\/10\/amb25_partneri_logok_web-1.jpg\"},{\"@type\":\"BreadcrumbList\",\"@id\":\"https:\/\/amb.hu\/hu\/rolunk\/#breadcrumb\",\"itemListElement\":[{\"@type\":\"ListItem\",\"position\":1,\"name\":\"Kezd\u0151lap\",\"item\":\"https:\/\/amb.hu\/hu\/\"},{\"@type\":\"ListItem\",\"position\":2,\"name\":\"R\u00f3lunk\"}]},{\"@type\":\"WebSite\",\"@id\":\"https:\/\/amb.hu\/hu\/#website\",\"url\":\"https:\/\/amb.hu\/hu\/\",\"name\":\"Art Market Budapest\",\"description\":\"International Contemporary Art Fair\",\"publisher\":{\"@id\":\"https:\/\/amb.hu\/hu\/#organization\"},\"potentialAction\":[{\"@type\":\"SearchAction\",\"target\":{\"@type\":\"EntryPoint\",\"urlTemplate\":\"https:\/\/amb.hu\/hu\/?s={search_term_string}\"},\"query-input\":{\"@type\":\"PropertyValueSpecification\",\"valueRequired\":true,\"valueName\":\"search_term_string\"}}],\"inLanguage\":\"hu\"},{\"@type\":\"Organization\",\"@id\":\"https:\/\/amb.hu\/hu\/#organization\",\"name\":\"Art Market Budapest\",\"url\":\"https:\/\/amb.hu\/hu\/\",\"logo\":{\"@type\":\"ImageObject\",\"inLanguage\":\"hu\",\"@id\":\"https:\/\/amb.hu\/hu\/#\/schema\/logo\/image\/\",\"url\":\"https:\/\/amb.hu\/wp-content\/uploads\/2022\/08\/logo-art-market-budapest.svg\",\"contentUrl\":\"https:\/\/amb.hu\/wp-content\/uploads\/2022\/08\/logo-art-market-budapest.svg\",\"width\":159,\"height\":63,\"caption\":\"Art Market Budapest\"},\"image\":{\"@id\":\"https:\/\/amb.hu\/hu\/#\/schema\/logo\/image\/\"},\"sameAs\":[\"https:\/\/www.facebook.com\/ArtMarketBudapest\/\",\"https:\/\/www.instagram.com\/artmarketbudapest\/\"]}]}<\/script>\n<!-- \/ Yoast SEO plugin. -->","yoast_head_json":{"title":"R\u00f3lunk - Art Market Budapest","robots":{"index":"index","follow":"follow","max-snippet":"max-snippet:-1","max-image-preview":"max-image-preview:large","max-video-preview":"max-video-preview:-1"},"canonical":"https:\/\/amb.hu\/hu\/rolunk\/","og_locale":"hu_HU","og_type":"article","og_title":"R\u00f3lunk - Art Market Budapest","og_description":"V\u00c1S\u00c1R MENEDZSMENT LED\u00c9NYI Attila v\u00e1s\u00e1r igazgat\u00f3 BAR\u00c1NKA Eszter \u00e1ltal\u00e1nos vezet\u0151 KOV\u00c1CS \u00c9va operat\u00edv vezet\u0151 CSERP\u00c1K Martin ki\u00e1ll\u00edt\u00e1si vezet\u0151 Dr. BARSI Zsuzsanna partners\u00e9g \u00e9s nemzetk\u00f6zi programok vezet\u0151 SZERVEZ\u0150 ART TODAY Kft. PROGRAMOK sCulture: MAKL\u00c1RY Lilla Art Photo Budapest:\u00a0Dejan SLUGA, Photon Heged\u0171 u. 9. 1061 Budapest +36 1 239 0007 info@amb.hu www.amb.hu www.facebook.com\/ArtMarketBudapest https:\/\/www.youtube.com\/channel\/UCnQPOaCDPK7z-_6s-uv7xHQ https:\/\/www.instagram.com\/ArtMarketBudapest\/ SZERVEZ\u0150K TERVEZ\u00c9S [&hellip;]","og_url":"https:\/\/amb.hu\/hu\/rolunk\/","og_site_name":"Art Market Budapest","article_publisher":"https:\/\/www.facebook.com\/ArtMarketBudapest\/","article_modified_time":"2026-04-01T12:25:32+00:00","og_image":[{"url":"https:\/\/amb.hu\/wp-content\/uploads\/2025\/10\/amb25_partneri_logok_web-1.jpg","type":"","width":"","height":""}],"twitter_card":"summary_large_image","twitter_misc":{"Becs\u00fclt olvas\u00e1si id\u0151":"1 perc"},"schema":{"@context":"https:\/\/schema.org","@graph":[{"@type":"WebPage","@id":"https:\/\/amb.hu\/hu\/rolunk\/","url":"https:\/\/amb.hu\/hu\/rolunk\/","name":"R\u00f3lunk - Art Market Budapest","isPartOf":{"@id":"https:\/\/amb.hu\/hu\/#website"},"primaryImageOfPage":{"@id":"https:\/\/amb.hu\/hu\/rolunk\/#primaryimage"},"image":{"@id":"https:\/\/amb.hu\/hu\/rolunk\/#primaryimage"},"thumbnailUrl":"https:\/\/amb.hu\/wp-content\/uploads\/2025\/10\/amb25_partneri_logok_web-1.jpg","datePublished":"2022-12-22T14:42:58+00:00","dateModified":"2026-04-01T12:25:32+00:00","breadcrumb":{"@id":"https:\/\/amb.hu\/hu\/rolunk\/#breadcrumb"},"inLanguage":"hu","potentialAction":[{"@type":"ReadAction","target":["https:\/\/amb.hu\/hu\/rolunk\/"]}]},{"@type":"ImageObject","inLanguage":"hu","@id":"https:\/\/amb.hu\/hu\/rolunk\/#primaryimage","url":"https:\/\/amb.hu\/wp-content\/uploads\/2025\/10\/amb25_partneri_logok_web-1.jpg","contentUrl":"https:\/\/amb.hu\/wp-content\/uploads\/2025\/10\/amb25_partneri_logok_web-1.jpg"},{"@type":"BreadcrumbList","@id":"https:\/\/amb.hu\/hu\/rolunk\/#breadcrumb","itemListElement":[{"@type":"ListItem","position":1,"name":"Kezd\u0151lap","item":"https:\/\/amb.hu\/hu\/"},{"@type":"ListItem","position":2,"name":"R\u00f3lunk"}]},{"@type":"WebSite","@id":"https:\/\/amb.hu\/hu\/#website","url":"https:\/\/amb.hu\/hu\/","name":"Art Market Budapest","description":"International Contemporary Art Fair","publisher":{"@id":"https:\/\/amb.hu\/hu\/#organization"},"potentialAction":[{"@type":"SearchAction","target":{"@type":"EntryPoint","urlTemplate":"https:\/\/amb.hu\/hu\/?s={search_term_string}"},"query-input":{"@type":"PropertyValueSpecification","valueRequired":true,"valueName":"search_term_string"}}],"inLanguage":"hu"},{"@type":"Organization","@id":"https:\/\/amb.hu\/hu\/#organization","name":"Art Market Budapest","url":"https:\/\/amb.hu\/hu\/","logo":{"@type":"ImageObject","inLanguage":"hu","@id":"https:\/\/amb.hu\/hu\/#\/schema\/logo\/image\/","url":"https:\/\/amb.hu\/wp-content\/uploads\/2022\/08\/logo-art-market-budapest.svg","contentUrl":"https:\/\/amb.hu\/wp-content\/uploads\/2022\/08\/logo-art-market-budapest.svg","width":159,"height":63,"caption":"Art Market Budapest"},"image":{"@id":"https:\/\/amb.hu\/hu\/#\/schema\/logo\/image\/"},"sameAs":["https:\/\/www.facebook.com\/ArtMarketBudapest\/","https:\/\/www.instagram.com\/artmarketbudapest\/"]}]}},"_links":{"self":[{"href":"https:\/\/amb.hu\/hu\/wp-json\/wp\/v2\/pages\/2703","targetHints":{"allow":["GET"]}}],"collection":[{"href":"https:\/\/amb.hu\/hu\/wp-json\/wp\/v2\/pages"}],"about":[{"href":"https:\/\/amb.hu\/hu\/wp-json\/wp\/v2\/types\/page"}],"author":[{"embeddable":true,"href":"https:\/\/amb.hu\/hu\/wp-json\/wp\/v2\/users\/5"}],"replies":[{"embeddable":true,"href":"https:\/\/amb.hu\/hu\/wp-json\/wp\/v2\/comments?post=2703"}],"version-history":[{"count":0,"href":"https:\/\/amb.hu\/hu\/wp-json\/wp\/v2\/pages\/2703\/revisions"}],"wp:attachment":[{"href":"https:\/\/amb.hu\/hu\/wp-json\/wp\/v2\/media?parent=2703"}],"curies":[{"name":"wp","href":"https:\/\/api.w.org\/{rel}","templated":true}]}}