{"id":3303,"date":"2023-05-30T10:35:43","date_gmt":"2023-05-30T08:35:43","guid":{"rendered":"https:\/\/amb.hu\/programok-2022\/most-serbia\/"},"modified":"2026-03-04T13:40:01","modified_gmt":"2026-03-04T12:40:01","slug":"most-serbia","status":"publish","type":"page","link":"https:\/\/amb.hu\/hu\/programok-2022\/most-serbia\/","title":{"rendered":"MOST.SERBIA"},"content":{"rendered":"\t\t<div data-elementor-type=\"wp-page\" data-elementor-id=\"3303\" class=\"elementor elementor-3303 elementor-3296\" data-elementor-post-type=\"page\">\n\t\t\t\t\t\t<section class=\"elementor-section elementor-top-section elementor-element elementor-element-2bb86b8 elementor-section-boxed elementor-section-height-default elementor-section-height-default\" data-id=\"2bb86b8\" data-element_type=\"section\" data-e-type=\"section\">\n\t\t\t\t\t\t<div class=\"elementor-container elementor-column-gap-default\">\n\t\t\t\t\t<div class=\"elementor-column elementor-col-100 elementor-top-column elementor-element elementor-element-fd758f9\" data-id=\"fd758f9\" data-element_type=\"column\" data-e-type=\"column\">\n\t\t\t<div class=\"elementor-widget-wrap elementor-element-populated\">\n\t\t\t\t\t\t<div class=\"elementor-element elementor-element-2495188 elementor-widget elementor-widget-heading\" data-id=\"2495188\" data-element_type=\"widget\" data-e-type=\"widget\" data-widget_type=\"heading.default\">\n\t\t\t\t<div class=\"elementor-widget-container\">\n\t\t\t\t\t<h2 class=\"elementor-heading-title elementor-size-default\">MOST.SERBIA<\/h2>\t\t\t\t<\/div>\n\t\t\t\t<\/div>\n\t\t\t\t\t<\/div>\n\t\t<\/div>\n\t\t\t\t\t<\/div>\n\t\t<\/section>\n\t\t\t\t<section class=\"elementor-section elementor-top-section elementor-element elementor-element-2257975 elementor-section-boxed elementor-section-height-default elementor-section-height-default\" data-id=\"2257975\" data-element_type=\"section\" data-e-type=\"section\">\n\t\t\t\t\t\t<div class=\"elementor-container elementor-column-gap-default\">\n\t\t\t\t\t<div class=\"elementor-column elementor-col-50 elementor-top-column elementor-element elementor-element-d7fd8d3\" data-id=\"d7fd8d3\" data-element_type=\"column\" data-e-type=\"column\">\n\t\t\t<div class=\"elementor-widget-wrap elementor-element-populated\">\n\t\t\t\t\t\t<div class=\"elementor-element elementor-element-2f85638 elementor-widget elementor-widget-text-editor\" data-id=\"2f85638\" data-element_type=\"widget\" data-e-type=\"widget\" data-widget_type=\"text-editor.default\">\n\t\t\t\t<div class=\"elementor-widget-container\">\n\t\t\t\t\t\t\t\t\t<p>\u00a0<\/p><p>A MOST.SERBIA egy nagyszab\u00e1s\u00fa, nemzetk\u00f6zi f\u00f3kusz\u00fa m\u0171v\u00e9szeti fesztiv\u00e1l, amely Szerbia kort\u00e1rs kultur\u00e1lis \u00e9let\u00e9nek \u00e1tfog\u00f3 bemutat\u00e1s\u00e1ra j\u00f6tt l\u00e9tre. A program egy hosszabb t\u00e1v\u00fa, tudatosan \u00e9p\u00edtett nemzetk\u00f6zi fesztiv\u00e1lsorozat r\u00e9sze, amely k\u00fcl\u00f6nb\u00f6z\u0151 orsz\u00e1gok \u00e9s r\u00e9gi\u00f3k m\u0171v\u00e9szeti szc\u00e9n\u00e1j\u00e1t kapcsolja be a hazai kultur\u00e1lis v\u00e9rkering\u00e9sbe. A kezdem\u00e9nyez\u00e9s szervesen illeszkedik abba a t\u00f6bb\u00e9ves szakmai koncepci\u00f3ba, amelynek keret\u00e9ben \u00fcgyn\u00f6ks\u00e9g\u00fcnk kor\u00e1bban olyan v\u00e1rosok \u00e9s r\u00e9gi\u00f3k m\u0171v\u00e9szet\u00e9t mutatta be, mint Berlin, Kolozsv\u00e1r, a Nyugat-Balk\u00e1n t\u00e9rs\u00e9ge, Lengyelorsz\u00e1g, Izrael, Oroszorsz\u00e1g, valamint a Visegr\u00e1di Egy\u00fcttm\u0171k\u00f6d\u00e9s orsz\u00e1gai. A MOST.SERBIA ebbe a nemzetk\u00f6zi kultur\u00e1lis p\u00e1rbesz\u00e9dre \u00e9p\u00fcl\u0151 strukt\u00far\u00e1ba illeszkedve teremtett \u00e1tfog\u00f3 bemutatkoz\u00e1si lehet\u0151s\u00e9get Szerbia sz\u00e1m\u00e1ra. A fesztiv\u00e1l multidiszciplin\u00e1ris megk\u00f6zel\u00edt\u00e9st alkalmaz: a k\u00e9pz\u0151m\u0171v\u00e9szet mellett szakmai programok, k\u00eds\u00e9r\u0151esem\u00e9nyek \u00e9s kapcsol\u00f3d\u00f3 kultur\u00e1lis aktivit\u00e1sok j\u00e1rulnak hozz\u00e1 ahhoz, hogy a bemutatkoz\u00e1s komplex \u00e9s hiteles k\u00e9pet adjon az adott orsz\u00e1g kort\u00e1rs m\u0171v\u00e9szeti gondolkod\u00e1s\u00e1r\u00f3l. A c\u00e9l nem puszt\u00e1n a reprezent\u00e1ci\u00f3, hanem a tart\u00f3s szakmai kapcsolatok megalapoz\u00e1sa \u00e9s a k\u00f6z\u00f6s gondolkod\u00e1s \u00f6szt\u00f6nz\u00e9se. Egyszerre sz\u00f3l a hazai \u00e9s a nemzetk\u00f6zi k\u00f6z\u00f6ns\u00e9ghez, a magyar l\u00e1togat\u00f3k sz\u00e1m\u00e1ra magas sz\u00ednvonal\u00fa, gazdag m\u0171v\u00e9szeti k\u00edn\u00e1latot biztos\u00edt, mik\u00f6zben Budapestet a r\u00e9gi\u00f3 meghat\u00e1roz\u00f3, nyitott \u00e9s befogad\u00f3 kultur\u00e1lis k\u00f6zpontjak\u00e9nt pozicion\u00e1lja a k\u00fclf\u00f6ldi szakmai szerepl\u0151k \u00e9s vend\u00e9gek fel\u00e9. A fesztiv\u00e1l \u00edgy nem csup\u00e1n m\u0171v\u00e9szeti esem\u00e9ny, hanem strat\u00e9giai jelent\u0151s\u00e9g\u0171 kultur\u00e1lis platform is. Az ilyen t\u00edpus\u00fa vend\u00e9gfesztiv\u00e1lok kiemelt szerepet j\u00e1tszanak a nemzetk\u00f6zi kultur\u00e1lis kapcsolatok \u00e9p\u00edt\u00e9s\u00e9ben \u00e9s hozz\u00e1j\u00e1rulnak Magyarorsz\u00e1g \u00e9s a bemutatott orsz\u00e1gok k\u00f6z\u00f6tti szakmai \u00e9s t\u00e1rsadalmi p\u00e1rbesz\u00e9d er\u0151s\u00edt\u00e9s\u00e9hez, teret adnak intenz\u00edv kultur\u00e1lis diplom\u00e1ciai aktivit\u00e1snak, valamint t\u00e1mogatj\u00e1k a kultur\u00e1lis turizmus fejl\u0151d\u00e9s\u00e9t is. A MOST.SERBIA megval\u00f3s\u00edt\u00e1sa komplex szervez\u00e9si, kur\u00e1tori \u00e9s nemzetk\u00f6zi koordin\u00e1ci\u00f3s feladat, amely mag\u00e1ban foglalja a tartalomfejleszt\u00e9st, a partnerkapcsolatok menedzsel\u00e9s\u00e9t, a kommunik\u00e1ci\u00f3s strat\u00e9gia kialak\u00edt\u00e1s\u00e1t \u00e9s a magas sz\u00ednvonal\u00fa produkci\u00f3s megval\u00f3s\u00edt\u00e1st is. Nemzetk\u00f6zi f\u00f3kusz\u00fa kultur\u00e1lis program, amely egyszerre szolg\u00e1lja a szakmai min\u0151s\u00e9get, a strat\u00e9giai c\u00e9lokat \u00e9s a k\u00f6z\u00f6ns\u00e9g\u00e9lm\u00e9nyt.<\/p>\t\t\t\t\t\t\t\t<\/div>\n\t\t\t\t<\/div>\n\t\t\t\t\t<\/div>\n\t\t<\/div>\n\t\t\t\t<div class=\"elementor-column elementor-col-50 elementor-top-column elementor-element elementor-element-17df522\" data-id=\"17df522\" data-element_type=\"column\" data-e-type=\"column\">\n\t\t\t<div class=\"elementor-widget-wrap\">\n\t\t\t\t\t\t\t<\/div>\n\t\t<\/div>\n\t\t\t\t\t<\/div>\n\t\t<\/section>\n\t\t\t\t<\/div>\n\t\t","protected":false},"excerpt":{"rendered":"<p>MOST.SERBIA \u00a0 A MOST.SERBIA egy nagyszab\u00e1s\u00fa, nemzetk\u00f6zi f\u00f3kusz\u00fa m\u0171v\u00e9szeti fesztiv\u00e1l, amely Szerbia kort\u00e1rs kultur\u00e1lis \u00e9let\u00e9nek \u00e1tfog\u00f3 bemutat\u00e1s\u00e1ra j\u00f6tt l\u00e9tre. A program egy hosszabb t\u00e1v\u00fa, tudatosan \u00e9p\u00edtett nemzetk\u00f6zi fesztiv\u00e1lsorozat r\u00e9sze, amely k\u00fcl\u00f6nb\u00f6z\u0151 orsz\u00e1gok \u00e9s r\u00e9gi\u00f3k m\u0171v\u00e9szeti szc\u00e9n\u00e1j\u00e1t kapcsolja be a hazai kultur\u00e1lis v\u00e9rkering\u00e9sbe. A kezdem\u00e9nyez\u00e9s szervesen illeszkedik abba a t\u00f6bb\u00e9ves szakmai koncepci\u00f3ba, amelynek keret\u00e9ben \u00fcgyn\u00f6ks\u00e9g\u00fcnk kor\u00e1bban [&hellip;]<\/p>\n","protected":false},"author":1,"featured_media":0,"parent":2658,"menu_order":0,"comment_status":"closed","ping_status":"closed","template":"","meta":{"footnotes":""},"class_list":["post-3303","page","type-page","status-publish","hentry"],"yoast_head":"<!-- This site is optimized with the Yoast SEO plugin v27.3 - https:\/\/yoast.com\/product\/yoast-seo-wordpress\/ -->\n<title>MOST.SERBIA - Art Market Budapest<\/title>\n<meta name=\"robots\" content=\"index, follow, max-snippet:-1, max-image-preview:large, max-video-preview:-1\" \/>\n<link rel=\"canonical\" href=\"https:\/\/amb.hu\/hu\/programok-2022\/most-serbia\/\" \/>\n<meta property=\"og:locale\" content=\"hu_HU\" \/>\n<meta property=\"og:type\" content=\"article\" \/>\n<meta property=\"og:title\" content=\"MOST.SERBIA - Art Market Budapest\" \/>\n<meta property=\"og:description\" content=\"MOST.SERBIA \u00a0 A MOST.SERBIA egy nagyszab\u00e1s\u00fa, nemzetk\u00f6zi f\u00f3kusz\u00fa m\u0171v\u00e9szeti fesztiv\u00e1l, amely Szerbia kort\u00e1rs kultur\u00e1lis \u00e9let\u00e9nek \u00e1tfog\u00f3 bemutat\u00e1s\u00e1ra j\u00f6tt l\u00e9tre. A program egy hosszabb t\u00e1v\u00fa, tudatosan \u00e9p\u00edtett nemzetk\u00f6zi fesztiv\u00e1lsorozat r\u00e9sze, amely k\u00fcl\u00f6nb\u00f6z\u0151 orsz\u00e1gok \u00e9s r\u00e9gi\u00f3k m\u0171v\u00e9szeti szc\u00e9n\u00e1j\u00e1t kapcsolja be a hazai kultur\u00e1lis v\u00e9rkering\u00e9sbe. A kezdem\u00e9nyez\u00e9s szervesen illeszkedik abba a t\u00f6bb\u00e9ves szakmai koncepci\u00f3ba, amelynek keret\u00e9ben \u00fcgyn\u00f6ks\u00e9g\u00fcnk kor\u00e1bban [&hellip;]\" \/>\n<meta property=\"og:url\" content=\"https:\/\/amb.hu\/hu\/programok-2022\/most-serbia\/\" \/>\n<meta property=\"og:site_name\" content=\"Art Market Budapest\" \/>\n<meta property=\"article:publisher\" content=\"https:\/\/www.facebook.com\/ArtMarketBudapest\/\" \/>\n<meta property=\"article:modified_time\" content=\"2026-03-04T12:40:01+00:00\" \/>\n<meta property=\"og:image\" content=\"https:\/\/amb.hu\/wp-content\/uploads\/2023\/01\/amb-facebook.png\" \/>\n\t<meta property=\"og:image:width\" content=\"1200\" \/>\n\t<meta property=\"og:image:height\" content=\"630\" \/>\n\t<meta property=\"og:image:type\" content=\"image\/png\" \/>\n<meta name=\"twitter:card\" content=\"summary_large_image\" \/>\n<meta name=\"twitter:label1\" content=\"Becs\u00fclt olvas\u00e1si id\u0151\" \/>\n\t<meta name=\"twitter:data1\" content=\"2 perc\" \/>\n<script type=\"application\/ld+json\" class=\"yoast-schema-graph\">{\"@context\":\"https:\\\/\\\/schema.org\",\"@graph\":[{\"@type\":\"WebPage\",\"@id\":\"https:\\\/\\\/amb.hu\\\/hu\\\/programok-2022\\\/most-serbia\\\/\",\"url\":\"https:\\\/\\\/amb.hu\\\/hu\\\/programok-2022\\\/most-serbia\\\/\",\"name\":\"MOST.SERBIA - Art Market Budapest\",\"isPartOf\":{\"@id\":\"https:\\\/\\\/amb.hu\\\/hu\\\/#website\"},\"datePublished\":\"2023-05-30T08:35:43+00:00\",\"dateModified\":\"2026-03-04T12:40:01+00:00\",\"breadcrumb\":{\"@id\":\"https:\\\/\\\/amb.hu\\\/hu\\\/programok-2022\\\/most-serbia\\\/#breadcrumb\"},\"inLanguage\":\"hu\",\"potentialAction\":[{\"@type\":\"ReadAction\",\"target\":[\"https:\\\/\\\/amb.hu\\\/hu\\\/programok-2022\\\/most-serbia\\\/\"]}]},{\"@type\":\"BreadcrumbList\",\"@id\":\"https:\\\/\\\/amb.hu\\\/hu\\\/programok-2022\\\/most-serbia\\\/#breadcrumb\",\"itemListElement\":[{\"@type\":\"ListItem\",\"position\":1,\"name\":\"Kezd\u0151lap\",\"item\":\"https:\\\/\\\/amb.hu\\\/hu\\\/\"},{\"@type\":\"ListItem\",\"position\":2,\"name\":\"Programs 2022\",\"item\":\"https:\\\/\\\/amb.hu\\\/hu\\\/programok-2022\\\/\"},{\"@type\":\"ListItem\",\"position\":3,\"name\":\"MOST.SERBIA\"}]},{\"@type\":\"WebSite\",\"@id\":\"https:\\\/\\\/amb.hu\\\/hu\\\/#website\",\"url\":\"https:\\\/\\\/amb.hu\\\/hu\\\/\",\"name\":\"Art Market Budapest\",\"description\":\"International Contemporary Art Fair\",\"publisher\":{\"@id\":\"https:\\\/\\\/amb.hu\\\/hu\\\/#organization\"},\"potentialAction\":[{\"@type\":\"SearchAction\",\"target\":{\"@type\":\"EntryPoint\",\"urlTemplate\":\"https:\\\/\\\/amb.hu\\\/hu\\\/?s={search_term_string}\"},\"query-input\":{\"@type\":\"PropertyValueSpecification\",\"valueRequired\":true,\"valueName\":\"search_term_string\"}}],\"inLanguage\":\"hu\"},{\"@type\":\"Organization\",\"@id\":\"https:\\\/\\\/amb.hu\\\/hu\\\/#organization\",\"name\":\"Art Market Budapest\",\"url\":\"https:\\\/\\\/amb.hu\\\/hu\\\/\",\"logo\":{\"@type\":\"ImageObject\",\"inLanguage\":\"hu\",\"@id\":\"https:\\\/\\\/amb.hu\\\/hu\\\/#\\\/schema\\\/logo\\\/image\\\/\",\"url\":\"https:\\\/\\\/amb.hu\\\/wp-content\\\/uploads\\\/2022\\\/08\\\/logo-art-market-budapest.svg\",\"contentUrl\":\"https:\\\/\\\/amb.hu\\\/wp-content\\\/uploads\\\/2022\\\/08\\\/logo-art-market-budapest.svg\",\"width\":159,\"height\":63,\"caption\":\"Art Market Budapest\"},\"image\":{\"@id\":\"https:\\\/\\\/amb.hu\\\/hu\\\/#\\\/schema\\\/logo\\\/image\\\/\"},\"sameAs\":[\"https:\\\/\\\/www.facebook.com\\\/ArtMarketBudapest\\\/\",\"https:\\\/\\\/www.instagram.com\\\/artmarketbudapest\\\/\"]}]}<\/script>\n<!-- \/ Yoast SEO plugin. -->","yoast_head_json":{"title":"MOST.SERBIA - Art Market Budapest","robots":{"index":"index","follow":"follow","max-snippet":"max-snippet:-1","max-image-preview":"max-image-preview:large","max-video-preview":"max-video-preview:-1"},"canonical":"https:\/\/amb.hu\/hu\/programok-2022\/most-serbia\/","og_locale":"hu_HU","og_type":"article","og_title":"MOST.SERBIA - Art Market Budapest","og_description":"MOST.SERBIA \u00a0 A MOST.SERBIA egy nagyszab\u00e1s\u00fa, nemzetk\u00f6zi f\u00f3kusz\u00fa m\u0171v\u00e9szeti fesztiv\u00e1l, amely Szerbia kort\u00e1rs kultur\u00e1lis \u00e9let\u00e9nek \u00e1tfog\u00f3 bemutat\u00e1s\u00e1ra j\u00f6tt l\u00e9tre. A program egy hosszabb t\u00e1v\u00fa, tudatosan \u00e9p\u00edtett nemzetk\u00f6zi fesztiv\u00e1lsorozat r\u00e9sze, amely k\u00fcl\u00f6nb\u00f6z\u0151 orsz\u00e1gok \u00e9s r\u00e9gi\u00f3k m\u0171v\u00e9szeti szc\u00e9n\u00e1j\u00e1t kapcsolja be a hazai kultur\u00e1lis v\u00e9rkering\u00e9sbe. A kezdem\u00e9nyez\u00e9s szervesen illeszkedik abba a t\u00f6bb\u00e9ves szakmai koncepci\u00f3ba, amelynek keret\u00e9ben \u00fcgyn\u00f6ks\u00e9g\u00fcnk kor\u00e1bban [&hellip;]","og_url":"https:\/\/amb.hu\/hu\/programok-2022\/most-serbia\/","og_site_name":"Art Market Budapest","article_publisher":"https:\/\/www.facebook.com\/ArtMarketBudapest\/","article_modified_time":"2026-03-04T12:40:01+00:00","og_image":[{"width":1200,"height":630,"url":"https:\/\/amb.hu\/wp-content\/uploads\/2023\/01\/amb-facebook.png","type":"image\/png"}],"twitter_card":"summary_large_image","twitter_misc":{"Becs\u00fclt olvas\u00e1si id\u0151":"2 perc"},"schema":{"@context":"https:\/\/schema.org","@graph":[{"@type":"WebPage","@id":"https:\/\/amb.hu\/hu\/programok-2022\/most-serbia\/","url":"https:\/\/amb.hu\/hu\/programok-2022\/most-serbia\/","name":"MOST.SERBIA - Art Market Budapest","isPartOf":{"@id":"https:\/\/amb.hu\/hu\/#website"},"datePublished":"2023-05-30T08:35:43+00:00","dateModified":"2026-03-04T12:40:01+00:00","breadcrumb":{"@id":"https:\/\/amb.hu\/hu\/programok-2022\/most-serbia\/#breadcrumb"},"inLanguage":"hu","potentialAction":[{"@type":"ReadAction","target":["https:\/\/amb.hu\/hu\/programok-2022\/most-serbia\/"]}]},{"@type":"BreadcrumbList","@id":"https:\/\/amb.hu\/hu\/programok-2022\/most-serbia\/#breadcrumb","itemListElement":[{"@type":"ListItem","position":1,"name":"Kezd\u0151lap","item":"https:\/\/amb.hu\/hu\/"},{"@type":"ListItem","position":2,"name":"Programs 2022","item":"https:\/\/amb.hu\/hu\/programok-2022\/"},{"@type":"ListItem","position":3,"name":"MOST.SERBIA"}]},{"@type":"WebSite","@id":"https:\/\/amb.hu\/hu\/#website","url":"https:\/\/amb.hu\/hu\/","name":"Art Market Budapest","description":"International Contemporary Art Fair","publisher":{"@id":"https:\/\/amb.hu\/hu\/#organization"},"potentialAction":[{"@type":"SearchAction","target":{"@type":"EntryPoint","urlTemplate":"https:\/\/amb.hu\/hu\/?s={search_term_string}"},"query-input":{"@type":"PropertyValueSpecification","valueRequired":true,"valueName":"search_term_string"}}],"inLanguage":"hu"},{"@type":"Organization","@id":"https:\/\/amb.hu\/hu\/#organization","name":"Art Market Budapest","url":"https:\/\/amb.hu\/hu\/","logo":{"@type":"ImageObject","inLanguage":"hu","@id":"https:\/\/amb.hu\/hu\/#\/schema\/logo\/image\/","url":"https:\/\/amb.hu\/wp-content\/uploads\/2022\/08\/logo-art-market-budapest.svg","contentUrl":"https:\/\/amb.hu\/wp-content\/uploads\/2022\/08\/logo-art-market-budapest.svg","width":159,"height":63,"caption":"Art Market Budapest"},"image":{"@id":"https:\/\/amb.hu\/hu\/#\/schema\/logo\/image\/"},"sameAs":["https:\/\/www.facebook.com\/ArtMarketBudapest\/","https:\/\/www.instagram.com\/artmarketbudapest\/"]}]}},"_links":{"self":[{"href":"https:\/\/amb.hu\/hu\/wp-json\/wp\/v2\/pages\/3303","targetHints":{"allow":["GET"]}}],"collection":[{"href":"https:\/\/amb.hu\/hu\/wp-json\/wp\/v2\/pages"}],"about":[{"href":"https:\/\/amb.hu\/hu\/wp-json\/wp\/v2\/types\/page"}],"author":[{"embeddable":true,"href":"https:\/\/amb.hu\/hu\/wp-json\/wp\/v2\/users\/1"}],"replies":[{"embeddable":true,"href":"https:\/\/amb.hu\/hu\/wp-json\/wp\/v2\/comments?post=3303"}],"version-history":[{"count":0,"href":"https:\/\/amb.hu\/hu\/wp-json\/wp\/v2\/pages\/3303\/revisions"}],"up":[{"embeddable":true,"href":"https:\/\/amb.hu\/hu\/wp-json\/wp\/v2\/pages\/2658"}],"wp:attachment":[{"href":"https:\/\/amb.hu\/hu\/wp-json\/wp\/v2\/media?parent=3303"}],"curies":[{"name":"wp","href":"https:\/\/api.w.org\/{rel}","templated":true}]}}