{"id":4339,"date":"2023-10-02T14:54:04","date_gmt":"2023-10-02T12:54:04","guid":{"rendered":"https:\/\/amb.hu\/?page_id=4339"},"modified":"2023-10-06T11:39:03","modified_gmt":"2023-10-06T09:39:03","slug":"shukar-t","status":"publish","type":"page","link":"https:\/\/amb.hu\/hu\/shukar-t\/","title":{"rendered":"Shukar.t"},"content":{"rendered":"\t\t<div data-elementor-type=\"wp-post\" data-elementor-id=\"4339\" class=\"elementor elementor-4339\" data-elementor-post-type=\"page\">\n\t\t\t\t\t\t<section class=\"elementor-section elementor-top-section elementor-element elementor-element-6c10d40 elementor-section-boxed elementor-section-height-default elementor-section-height-default\" data-id=\"6c10d40\" data-element_type=\"section\" data-e-type=\"section\">\n\t\t\t\t\t\t<div class=\"elementor-container elementor-column-gap-default\">\n\t\t\t\t\t<div class=\"elementor-column elementor-col-50 elementor-top-column elementor-element elementor-element-cec0899\" data-id=\"cec0899\" data-element_type=\"column\" data-e-type=\"column\">\n\t\t\t<div class=\"elementor-widget-wrap elementor-element-populated\">\n\t\t\t\t\t\t<div class=\"elementor-element elementor-element-1356564 elementor-widget elementor-widget-text-editor\" data-id=\"1356564\" data-element_type=\"widget\" data-e-type=\"widget\" data-widget_type=\"text-editor.default\">\n\t\t\t\t<div class=\"elementor-widget-container\">\n\t\t\t\t\t\t\t\t\t<h2><strong>SHUKAR.T <\/strong><\/h2><p><strong>NEMZETK\u00d6ZI ROMA M\u0170V\u00c9SZETI FESZTIV\u00c1L<\/strong><\/p><p><strong>Budapest<\/strong><\/p><p><strong>2023. okt\u00f3ber\u00a0<\/strong><\/p><p>Az ART MARKET BUDAPEST egyik alappill\u00e9re teret biztos\u00edtani \u00e9s kiemelt figyelmet ford\u00edtani olyan m\u0171v\u00e9szeti szerepl\u0151k \u00e9s produkci\u00f3k bemutat\u00e1s\u00e1ra, amelyek nem, vagy csak kev\u00e9ss\u00e9 kapj\u00e1k meg az \u00e1ltaluk k\u00e9pviselt sz\u00ednvonal \u00e1ltal ki\u00e9rdemelt nemzetk\u00f6zi figyelmet, \u00e9s amelyek inspir\u00e1ci\u00f3k\u00e9nt szolg\u00e1lhatnak a sz\u00e9lesebb m\u0171v\u00e9szeti k\u00f6zeg sz\u00e1m\u00e1ra. A v\u00e1s\u00e1r kiemelt m\u0171v\u00e9szeti komponensek\u00e9nt ez\u00fattal a kort\u00e1rs roma k\u00e9pz\u0151m\u0171v\u00e9szet ker\u00fcl az \u00e9rdekl\u0151d\u00e9s f\u00f3kusz\u00e1ba, 2023 okt\u00f3ber\u00e9ben az ART MARKET BUDAPEST kezdem\u00e9nyez\u00e9s\u00e9re \u00e9s annak k\u00eds\u00e9r\u0151esem\u00e9nyek\u00e9nt SHUKAR.T n\u00e9ven a kort\u00e1rs roma k\u00e9pz\u0151m\u0171v\u00e9szetet a figyelem k\u00f6z\u00e9ppontj\u00e1ba \u00e1ll\u00edt\u00f3 programsorozat j\u00f6n l\u00e9tre Budapesten. Az ART MARKET BUDAPEST k\u00f6zponti ki\u00e1ll\u00edt\u00f3ter\u00e9ben \u00e9s k\u00fcls\u0151 budapesti helysz\u00edneken bemutatott sz\u00e9les nemzetk\u00f6zi k\u00e9pz\u0151m\u0171v\u00e9szeti v\u00e1laszt\u00e9k mellett a SHUKAR.T Nemzetk\u00f6zi Roma M\u0171v\u00e9szeti Fesztiv\u00e1l sz\u00e1mtalan k\u00eds\u00e9r\u0151esem\u00e9nnyel, szakmai, t\u00e1rsm\u0171v\u00e9szeti \u00e9s t\u00e1rsas\u00e1gi rendezv\u00e9nyekkel a hazai \u00e9s a Budapestre l\u00e1togat\u00f3 nemzetk\u00f6zi k\u00f6z\u00f6ns\u00e9g sz\u00e1m\u00e1ra is k\u00f6zvetlen\u00fcl hozz\u00e1f\u00e9rhet\u0151v\u00e9 teszi a kort\u00e1rs roma kultur\u00e1lis \u00e9rt\u00e9keket, az azokat l\u00e9trehoz\u00f3 alkot\u00f3kat. Az ART MARKET BUDAPEST \u00e9s a SHUKAR.T fesztiv\u00e1l c\u00e9lja, hogy hozz\u00e1j\u00e1ruljon a roma m\u0171v\u00e9szet k\u00fcl\u00f6nleges \u00e9rt\u00e9keinek megismertet\u00e9s\u00e9hez \u00e9s a roma alkot\u00f3knak a sz\u00e9lesebb m\u0171v\u00e9szeti k\u00f6zeghez, int\u00e9zm\u00e9nyrendszerhez \u00e9s k\u00f6z\u00f6ns\u00e9ghez val\u00f3 kapcsol\u00f3d\u00e1s\u00e1hoz.<\/p>\t\t\t\t\t\t\t\t<\/div>\n\t\t\t\t<\/div>\n\t\t\t\t\t<\/div>\n\t\t<\/div>\n\t\t\t\t<div class=\"elementor-column elementor-col-50 elementor-top-column elementor-element elementor-element-8773086\" data-id=\"8773086\" data-element_type=\"column\" data-e-type=\"column\">\n\t\t\t<div class=\"elementor-widget-wrap elementor-element-populated\">\n\t\t\t\t\t\t<div class=\"elementor-element elementor-element-63305c1 elementor-widget elementor-widget-image\" data-id=\"63305c1\" data-element_type=\"widget\" data-e-type=\"widget\" data-widget_type=\"image.default\">\n\t\t\t\t<div class=\"elementor-widget-container\">\n\t\t\t\t\t\t\t\t\t\t\t\t\t\t\t<img fetchpriority=\"high\" decoding=\"async\" width=\"800\" height=\"147\" src=\"https:\/\/amb.hu\/wp-content\/uploads\/2023\/10\/SHOUKAR.T_Logo_TYPO-1024x188.png\" class=\"attachment-large size-large wp-image-4504\" alt=\"\" srcset=\"https:\/\/amb.hu\/wp-content\/uploads\/2023\/10\/SHOUKAR.T_Logo_TYPO-1024x188.png 1024w, https:\/\/amb.hu\/wp-content\/uploads\/2023\/10\/SHOUKAR.T_Logo_TYPO-300x55.png 300w, https:\/\/amb.hu\/wp-content\/uploads\/2023\/10\/SHOUKAR.T_Logo_TYPO-768x141.png 768w, https:\/\/amb.hu\/wp-content\/uploads\/2023\/10\/SHOUKAR.T_Logo_TYPO-1536x281.png 1536w, https:\/\/amb.hu\/wp-content\/uploads\/2023\/10\/SHOUKAR.T_Logo_TYPO-2048x375.png 2048w\" sizes=\"(max-width: 800px) 100vw, 800px\" \/>\t\t\t\t\t\t\t\t\t\t\t\t\t\t\t<\/div>\n\t\t\t\t<\/div>\n\t\t\t\t\t<\/div>\n\t\t<\/div>\n\t\t\t\t\t<\/div>\n\t\t<\/section>\n\t\t\t\t<section class=\"elementor-section elementor-top-section elementor-element elementor-element-0213e46 elementor-section-boxed elementor-section-height-default elementor-section-height-default\" data-id=\"0213e46\" data-element_type=\"section\" data-e-type=\"section\">\n\t\t\t\t\t\t<div class=\"elementor-container elementor-column-gap-default\">\n\t\t\t\t\t<div class=\"elementor-column elementor-col-100 elementor-top-column elementor-element elementor-element-b5271e9\" data-id=\"b5271e9\" data-element_type=\"column\" data-e-type=\"column\">\n\t\t\t<div class=\"elementor-widget-wrap elementor-element-populated\">\n\t\t\t\t\t\t<div class=\"elementor-element elementor-element-74bbe99 elementor-widget elementor-widget-shortcode\" data-id=\"74bbe99\" data-element_type=\"widget\" data-e-type=\"widget\" data-widget_type=\"shortcode.default\">\n\t\t\t\t<div class=\"elementor-widget-container\">\n\t\t\t\t\t\t\t<div class=\"elementor-shortcode\"><div class=\"_3d-flip-book  fb3d-fullscreen-mode full-size\" data-id=\"4502\" data-mode=\"fullscreen\" data-title=\"false\" data-template=\"short-white-book-view\" data-lightbox=\"dark-shadow\" data-urlparam=\"fb3d-page\" data-page-n=\"0\" data-pdf=\"\" data-tax=\"null\" data-thumbnail=\"\" data-cols=\"3\" data-book-template=\"default\" data-trigger=\"\"><\/div><script type=\"text\/javascript\">window.FB3D_CLIENT_DATA = window.FB3D_CLIENT_DATA || [];FB3D_CLIENT_DATA.push('eyJwb3N0cyI6eyI0NTAyIjp7IklEIjo0NTAyLCJ0aXRsZSI6IlNIVUtBUi5UIHByb2dyYW1vayIsInR5cGUiOiJwZGYiLCJyZWFkeV9mdW5jdGlvbiI6IiIsImJvb2tfc3R5bGUiOiJmbGF0IiwiYm9va190ZW1wbGF0ZSI6Im5vbmUiLCJvdXRsaW5lIjpbXSwiZGF0YSI6eyJwb3N0X0lEIjoiLTEiLCJndWlkIjoiaHR0cHM6XC9cL2FtYi5odVwvd3AtY29udGVudFwvdXBsb2Fkc1wvMjAyM1wvMTBcL0FNQjIzX1BST0dSQU1GVVpFVF9TaHVrYXIudC5wZGYiLCJwZGZfcGFnZXMiOiI2IiwicGFnZXNfY3VzdG9taXphdGlvbiI6Im5vbmUifSwidGh1bWJuYWlsIjp7ImRhdGEiOnsicG9zdF9JRCI6IjAifSwidHlwZSI6ImF1dG8ifSwicHJvcHMiOnsiYmFja2dyb3VuZENvbG9yIjoiYXV0byIsImJhY2tncm91bmRJbWFnZSI6ImF1dG8iLCJiYWNrZ3JvdW5kU3R5bGUiOiJhdXRvIiwiaGlnaGxpZ2h0TGlua3MiOiJhdXRvIiwibGlnaHRpbmciOiJhdXRvIiwiY2FjaGVkUGFnZXMiOiJhdXRvIiwicmVuZGVySW5hY3RpdmVQYWdlcyI6ImF1dG8iLCJyZW5kZXJJbmFjdGl2ZVBhZ2VzT25Nb2JpbGUiOiJhdXRvIiwicmVuZGVyV2hpbGVGbGlwcGluZyI6ImF1dG8iLCJwcmVsb2FkUGFnZXMiOiJhdXRvIiwiYXV0b1BsYXlEdXJhdGlvbiI6ImF1dG8iLCJydGwiOiJhdXRvIiwiaW50ZXJhY3RpdmVDb3JuZXJzIjoiYXV0byIsIm1heERlcHRoIjoiYXV0byIsInNoZWV0Ijp7InN0YXJ0VmVsb2NpdHkiOiJhdXRvIiwid2F2ZSI6ImF1dG8iLCJzaGFwZSI6ImF1dG8iLCJ3aWR0aFRleGVscyI6ImF1dG8iLCJjb2xvciI6ImF1dG8iLCJzaWRlIjoiYXV0byIsImNvcm5lckRldmlhdGlvbiI6ImF1dG8iLCJmbGV4aWJpbGl0eSI6ImF1dG8iLCJmbGV4aWJsZUNvcm5lciI6ImF1dG8iLCJiZW5kaW5nIjoiYXV0byIsImhlaWdodFRleGVscyI6ImF1dG8ifSwiY292ZXIiOnsid2F2ZSI6ImF1dG8iLCJjb2xvciI6ImF1dG8iLCJzaWRlIjoiYXV0byIsImJpbmRlclRleHR1cmUiOiJhdXRvIiwiZGVwdGgiOiJhdXRvIiwicGFkZGluZyI6ImF1dG8iLCJzdGFydFZlbG9jaXR5IjoiYXV0byIsImZsZXhpYmlsaXR5IjoiYXV0byIsImZsZXhpYmxlQ29ybmVyIjoiYXV0byIsImJlbmRpbmciOiJhdXRvIiwid2lkdGhUZXhlbHMiOiJhdXRvIiwiaGVpZ2h0VGV4ZWxzIjoiYXV0byIsIm1hc3MiOiJhdXRvIiwic2hhcGUiOiJhdXRvIn0sInBhZ2UiOnsid2F2ZSI6ImF1dG8iLCJjb2xvciI6ImF1dG8iLCJzaWRlIjoiYXV0byIsImRlcHRoIjoiYXV0byIsInN0YXJ0VmVsb2NpdHkiOiJhdXRvIiwiZmxleGliaWxpdHkiOiJhdXRvIiwiZmxleGlibGVDb3JuZXIiOiJhdXRvIiwiYmVuZGluZyI6ImF1dG8iLCJ3aWR0aFRleGVscyI6ImF1dG8iLCJoZWlnaHRUZXhlbHMiOiJhdXRvIiwibWFzcyI6ImF1dG8iLCJzaGFwZSI6ImF1dG8ifSwiaGVpZ2h0IjoiYXV0byIsIndpZHRoIjoiYXV0byIsImdyYXZpdHkiOiJhdXRvIiwicGFnZXNGb3JQcmVkaWN0aW5nIjoiYXV0byJ9LCJjb250cm9sUHJvcHMiOnsiYWN0aW9ucyI6eyJjbWRUb2MiOnsiZW5hYmxlZCI6ImF1dG8iLCJlbmFibGVkSW5OYXJyb3ciOiJhdXRvIiwiYWN0aXZlIjoiYXV0byIsImRlZmF1bHRUYWIiOiJhdXRvIn0sImNtZEF1dG9QbGF5Ijp7ImVuYWJsZWQiOiJhdXRvIiwiZW5hYmxlZEluTmFycm93IjoiYXV0byIsImFjdGl2ZSI6ImF1dG8ifSwiY21kU2F2ZSI6eyJlbmFibGVkIjoiYXV0byIsImVuYWJsZWRJbk5hcnJvdyI6ImF1dG8ifSwiY21kUHJpbnQiOnsiZW5hYmxlZCI6ImF1dG8iLCJlbmFibGVkSW5OYXJyb3ciOiJhdXRvIn0sImNtZFNpbmdsZVBhZ2UiOnsiZW5hYmxlZCI6ImF1dG8iLCJlbmFibGVkSW5OYXJyb3ciOiJhdXRvIiwiYWN0aXZlIjoiYXV0byIsImFjdGl2ZUZvck1vYmlsZSI6ImF1dG8ifSwid2lkVG9vbGJhciI6eyJlbmFibGVkIjoiYXV0byIsImVuYWJsZWRJbk5hcnJvdyI6ImF1dG8ifX19LCJhdXRvVGh1bWJuYWlsIjoiaHR0cHM6XC9cL2FtYi5odVwvd3AtY29udGVudFwvdXBsb2Fkc1wvM2QtZmxpcC1ib29rXC9hdXRvLXRodW1ibmFpbHNcLzQ1MDIucG5nIiwicG9zdF9uYW1lIjoic2h1a2FyLXQtcHJvZ3JhbW9rIiwicG9zdF90eXBlIjoiM2QtZmxpcC1ib29rIn19LCJwYWdlcyI6W10sImZpcnN0UGFnZXMiOltdfQ==');window.FB3D_CLIENT_LOCALE && FB3D_CLIENT_LOCALE.render && FB3D_CLIENT_LOCALE.render();<\/script><\/div>\n\t\t\t\t\t\t<\/div>\n\t\t\t\t<\/div>\n\t\t\t\t\t<\/div>\n\t\t<\/div>\n\t\t\t\t\t<\/div>\n\t\t<\/section>\n\t\t\t\t<\/div>\n\t\t","protected":false},"excerpt":{"rendered":"<p>SHUKAR.T NEMZETK\u00d6ZI ROMA M\u0170V\u00c9SZETI FESZTIV\u00c1L Budapest 2023. okt\u00f3ber\u00a0 Az ART MARKET BUDAPEST egyik alappill\u00e9re teret biztos\u00edtani \u00e9s kiemelt figyelmet ford\u00edtani olyan m\u0171v\u00e9szeti szerepl\u0151k \u00e9s produkci\u00f3k bemutat\u00e1s\u00e1ra, amelyek nem, vagy csak kev\u00e9ss\u00e9 kapj\u00e1k meg az \u00e1ltaluk k\u00e9pviselt sz\u00ednvonal \u00e1ltal ki\u00e9rdemelt nemzetk\u00f6zi figyelmet, \u00e9s amelyek inspir\u00e1ci\u00f3k\u00e9nt szolg\u00e1lhatnak a sz\u00e9lesebb m\u0171v\u00e9szeti k\u00f6zeg sz\u00e1m\u00e1ra. A v\u00e1s\u00e1r kiemelt m\u0171v\u00e9szeti komponensek\u00e9nt [&hellip;]<\/p>\n","protected":false},"author":7,"featured_media":0,"parent":0,"menu_order":0,"comment_status":"closed","ping_status":"closed","template":"","meta":{"footnotes":""},"class_list":["post-4339","page","type-page","status-publish","hentry"],"yoast_head":"<!-- This site is optimized with the Yoast SEO plugin v27.3 - https:\/\/yoast.com\/product\/yoast-seo-wordpress\/ -->\n<title>Shukar.t - Art Market Budapest<\/title>\n<meta name=\"robots\" content=\"index, follow, max-snippet:-1, max-image-preview:large, max-video-preview:-1\" \/>\n<link rel=\"canonical\" href=\"https:\/\/amb.hu\/hu\/shukar-t\/\" \/>\n<meta property=\"og:locale\" content=\"hu_HU\" \/>\n<meta property=\"og:type\" content=\"article\" \/>\n<meta property=\"og:title\" content=\"Shukar.t - Art Market Budapest\" \/>\n<meta property=\"og:description\" content=\"SHUKAR.T NEMZETK\u00d6ZI ROMA M\u0170V\u00c9SZETI FESZTIV\u00c1L Budapest 2023. okt\u00f3ber\u00a0 Az ART MARKET BUDAPEST egyik alappill\u00e9re teret biztos\u00edtani \u00e9s kiemelt figyelmet ford\u00edtani olyan m\u0171v\u00e9szeti szerepl\u0151k \u00e9s produkci\u00f3k bemutat\u00e1s\u00e1ra, amelyek nem, vagy csak kev\u00e9ss\u00e9 kapj\u00e1k meg az \u00e1ltaluk k\u00e9pviselt sz\u00ednvonal \u00e1ltal ki\u00e9rdemelt nemzetk\u00f6zi figyelmet, \u00e9s amelyek inspir\u00e1ci\u00f3k\u00e9nt szolg\u00e1lhatnak a sz\u00e9lesebb m\u0171v\u00e9szeti k\u00f6zeg sz\u00e1m\u00e1ra. A v\u00e1s\u00e1r kiemelt m\u0171v\u00e9szeti komponensek\u00e9nt [&hellip;]\" \/>\n<meta property=\"og:url\" content=\"https:\/\/amb.hu\/hu\/shukar-t\/\" \/>\n<meta property=\"og:site_name\" content=\"Art Market Budapest\" \/>\n<meta property=\"article:publisher\" content=\"https:\/\/www.facebook.com\/ArtMarketBudapest\/\" \/>\n<meta property=\"article:modified_time\" content=\"2023-10-06T09:39:03+00:00\" \/>\n<meta property=\"og:image\" content=\"https:\/\/amb.hu\/wp-content\/uploads\/2023\/10\/SHOUKAR.T_Logo_TYPO-1024x188.png\" \/>\n<meta name=\"twitter:card\" content=\"summary_large_image\" \/>\n<meta name=\"twitter:label1\" content=\"Becs\u00fclt olvas\u00e1si id\u0151\" \/>\n\t<meta name=\"twitter:data1\" content=\"2 perc\" \/>\n<script type=\"application\/ld+json\" class=\"yoast-schema-graph\">{\"@context\":\"https:\\\/\\\/schema.org\",\"@graph\":[{\"@type\":\"WebPage\",\"@id\":\"https:\\\/\\\/amb.hu\\\/hu\\\/shukar-t\\\/\",\"url\":\"https:\\\/\\\/amb.hu\\\/hu\\\/shukar-t\\\/\",\"name\":\"Shukar.t - Art Market Budapest\",\"isPartOf\":{\"@id\":\"https:\\\/\\\/amb.hu\\\/hu\\\/#website\"},\"primaryImageOfPage\":{\"@id\":\"https:\\\/\\\/amb.hu\\\/hu\\\/shukar-t\\\/#primaryimage\"},\"image\":{\"@id\":\"https:\\\/\\\/amb.hu\\\/hu\\\/shukar-t\\\/#primaryimage\"},\"thumbnailUrl\":\"https:\\\/\\\/amb.hu\\\/wp-content\\\/uploads\\\/2023\\\/10\\\/SHOUKAR.T_Logo_TYPO-1024x188.png\",\"datePublished\":\"2023-10-02T12:54:04+00:00\",\"dateModified\":\"2023-10-06T09:39:03+00:00\",\"breadcrumb\":{\"@id\":\"https:\\\/\\\/amb.hu\\\/hu\\\/shukar-t\\\/#breadcrumb\"},\"inLanguage\":\"hu\",\"potentialAction\":[{\"@type\":\"ReadAction\",\"target\":[\"https:\\\/\\\/amb.hu\\\/hu\\\/shukar-t\\\/\"]}]},{\"@type\":\"ImageObject\",\"inLanguage\":\"hu\",\"@id\":\"https:\\\/\\\/amb.hu\\\/hu\\\/shukar-t\\\/#primaryimage\",\"url\":\"https:\\\/\\\/amb.hu\\\/wp-content\\\/uploads\\\/2023\\\/10\\\/SHOUKAR.T_Logo_TYPO-1024x188.png\",\"contentUrl\":\"https:\\\/\\\/amb.hu\\\/wp-content\\\/uploads\\\/2023\\\/10\\\/SHOUKAR.T_Logo_TYPO-1024x188.png\"},{\"@type\":\"BreadcrumbList\",\"@id\":\"https:\\\/\\\/amb.hu\\\/hu\\\/shukar-t\\\/#breadcrumb\",\"itemListElement\":[{\"@type\":\"ListItem\",\"position\":1,\"name\":\"Kezd\u0151lap\",\"item\":\"https:\\\/\\\/amb.hu\\\/hu\\\/\"},{\"@type\":\"ListItem\",\"position\":2,\"name\":\"Shukar.t\"}]},{\"@type\":\"WebSite\",\"@id\":\"https:\\\/\\\/amb.hu\\\/hu\\\/#website\",\"url\":\"https:\\\/\\\/amb.hu\\\/hu\\\/\",\"name\":\"Art Market Budapest\",\"description\":\"International Contemporary Art Fair\",\"publisher\":{\"@id\":\"https:\\\/\\\/amb.hu\\\/hu\\\/#organization\"},\"potentialAction\":[{\"@type\":\"SearchAction\",\"target\":{\"@type\":\"EntryPoint\",\"urlTemplate\":\"https:\\\/\\\/amb.hu\\\/hu\\\/?s={search_term_string}\"},\"query-input\":{\"@type\":\"PropertyValueSpecification\",\"valueRequired\":true,\"valueName\":\"search_term_string\"}}],\"inLanguage\":\"hu\"},{\"@type\":\"Organization\",\"@id\":\"https:\\\/\\\/amb.hu\\\/hu\\\/#organization\",\"name\":\"Art Market Budapest\",\"url\":\"https:\\\/\\\/amb.hu\\\/hu\\\/\",\"logo\":{\"@type\":\"ImageObject\",\"inLanguage\":\"hu\",\"@id\":\"https:\\\/\\\/amb.hu\\\/hu\\\/#\\\/schema\\\/logo\\\/image\\\/\",\"url\":\"https:\\\/\\\/amb.hu\\\/wp-content\\\/uploads\\\/2022\\\/08\\\/logo-art-market-budapest.svg\",\"contentUrl\":\"https:\\\/\\\/amb.hu\\\/wp-content\\\/uploads\\\/2022\\\/08\\\/logo-art-market-budapest.svg\",\"width\":159,\"height\":63,\"caption\":\"Art Market Budapest\"},\"image\":{\"@id\":\"https:\\\/\\\/amb.hu\\\/hu\\\/#\\\/schema\\\/logo\\\/image\\\/\"},\"sameAs\":[\"https:\\\/\\\/www.facebook.com\\\/ArtMarketBudapest\\\/\",\"https:\\\/\\\/www.instagram.com\\\/artmarketbudapest\\\/\"]}]}<\/script>\n<!-- \/ Yoast SEO plugin. -->","yoast_head_json":{"title":"Shukar.t - Art Market Budapest","robots":{"index":"index","follow":"follow","max-snippet":"max-snippet:-1","max-image-preview":"max-image-preview:large","max-video-preview":"max-video-preview:-1"},"canonical":"https:\/\/amb.hu\/hu\/shukar-t\/","og_locale":"hu_HU","og_type":"article","og_title":"Shukar.t - Art Market Budapest","og_description":"SHUKAR.T NEMZETK\u00d6ZI ROMA M\u0170V\u00c9SZETI FESZTIV\u00c1L Budapest 2023. okt\u00f3ber\u00a0 Az ART MARKET BUDAPEST egyik alappill\u00e9re teret biztos\u00edtani \u00e9s kiemelt figyelmet ford\u00edtani olyan m\u0171v\u00e9szeti szerepl\u0151k \u00e9s produkci\u00f3k bemutat\u00e1s\u00e1ra, amelyek nem, vagy csak kev\u00e9ss\u00e9 kapj\u00e1k meg az \u00e1ltaluk k\u00e9pviselt sz\u00ednvonal \u00e1ltal ki\u00e9rdemelt nemzetk\u00f6zi figyelmet, \u00e9s amelyek inspir\u00e1ci\u00f3k\u00e9nt szolg\u00e1lhatnak a sz\u00e9lesebb m\u0171v\u00e9szeti k\u00f6zeg sz\u00e1m\u00e1ra. A v\u00e1s\u00e1r kiemelt m\u0171v\u00e9szeti komponensek\u00e9nt [&hellip;]","og_url":"https:\/\/amb.hu\/hu\/shukar-t\/","og_site_name":"Art Market Budapest","article_publisher":"https:\/\/www.facebook.com\/ArtMarketBudapest\/","article_modified_time":"2023-10-06T09:39:03+00:00","og_image":[{"url":"https:\/\/amb.hu\/wp-content\/uploads\/2023\/10\/SHOUKAR.T_Logo_TYPO-1024x188.png","type":"","width":"","height":""}],"twitter_card":"summary_large_image","twitter_misc":{"Becs\u00fclt olvas\u00e1si id\u0151":"2 perc"},"schema":{"@context":"https:\/\/schema.org","@graph":[{"@type":"WebPage","@id":"https:\/\/amb.hu\/hu\/shukar-t\/","url":"https:\/\/amb.hu\/hu\/shukar-t\/","name":"Shukar.t - Art Market Budapest","isPartOf":{"@id":"https:\/\/amb.hu\/hu\/#website"},"primaryImageOfPage":{"@id":"https:\/\/amb.hu\/hu\/shukar-t\/#primaryimage"},"image":{"@id":"https:\/\/amb.hu\/hu\/shukar-t\/#primaryimage"},"thumbnailUrl":"https:\/\/amb.hu\/wp-content\/uploads\/2023\/10\/SHOUKAR.T_Logo_TYPO-1024x188.png","datePublished":"2023-10-02T12:54:04+00:00","dateModified":"2023-10-06T09:39:03+00:00","breadcrumb":{"@id":"https:\/\/amb.hu\/hu\/shukar-t\/#breadcrumb"},"inLanguage":"hu","potentialAction":[{"@type":"ReadAction","target":["https:\/\/amb.hu\/hu\/shukar-t\/"]}]},{"@type":"ImageObject","inLanguage":"hu","@id":"https:\/\/amb.hu\/hu\/shukar-t\/#primaryimage","url":"https:\/\/amb.hu\/wp-content\/uploads\/2023\/10\/SHOUKAR.T_Logo_TYPO-1024x188.png","contentUrl":"https:\/\/amb.hu\/wp-content\/uploads\/2023\/10\/SHOUKAR.T_Logo_TYPO-1024x188.png"},{"@type":"BreadcrumbList","@id":"https:\/\/amb.hu\/hu\/shukar-t\/#breadcrumb","itemListElement":[{"@type":"ListItem","position":1,"name":"Kezd\u0151lap","item":"https:\/\/amb.hu\/hu\/"},{"@type":"ListItem","position":2,"name":"Shukar.t"}]},{"@type":"WebSite","@id":"https:\/\/amb.hu\/hu\/#website","url":"https:\/\/amb.hu\/hu\/","name":"Art Market Budapest","description":"International Contemporary Art Fair","publisher":{"@id":"https:\/\/amb.hu\/hu\/#organization"},"potentialAction":[{"@type":"SearchAction","target":{"@type":"EntryPoint","urlTemplate":"https:\/\/amb.hu\/hu\/?s={search_term_string}"},"query-input":{"@type":"PropertyValueSpecification","valueRequired":true,"valueName":"search_term_string"}}],"inLanguage":"hu"},{"@type":"Organization","@id":"https:\/\/amb.hu\/hu\/#organization","name":"Art Market Budapest","url":"https:\/\/amb.hu\/hu\/","logo":{"@type":"ImageObject","inLanguage":"hu","@id":"https:\/\/amb.hu\/hu\/#\/schema\/logo\/image\/","url":"https:\/\/amb.hu\/wp-content\/uploads\/2022\/08\/logo-art-market-budapest.svg","contentUrl":"https:\/\/amb.hu\/wp-content\/uploads\/2022\/08\/logo-art-market-budapest.svg","width":159,"height":63,"caption":"Art Market Budapest"},"image":{"@id":"https:\/\/amb.hu\/hu\/#\/schema\/logo\/image\/"},"sameAs":["https:\/\/www.facebook.com\/ArtMarketBudapest\/","https:\/\/www.instagram.com\/artmarketbudapest\/"]}]}},"_links":{"self":[{"href":"https:\/\/amb.hu\/hu\/wp-json\/wp\/v2\/pages\/4339","targetHints":{"allow":["GET"]}}],"collection":[{"href":"https:\/\/amb.hu\/hu\/wp-json\/wp\/v2\/pages"}],"about":[{"href":"https:\/\/amb.hu\/hu\/wp-json\/wp\/v2\/types\/page"}],"author":[{"embeddable":true,"href":"https:\/\/amb.hu\/hu\/wp-json\/wp\/v2\/users\/7"}],"replies":[{"embeddable":true,"href":"https:\/\/amb.hu\/hu\/wp-json\/wp\/v2\/comments?post=4339"}],"version-history":[{"count":0,"href":"https:\/\/amb.hu\/hu\/wp-json\/wp\/v2\/pages\/4339\/revisions"}],"wp:attachment":[{"href":"https:\/\/amb.hu\/hu\/wp-json\/wp\/v2\/media?parent=4339"}],"curies":[{"name":"wp","href":"https:\/\/api.w.org\/{rel}","templated":true}]}}