{"id":4431,"date":"2022-12-22T22:54:00","date_gmt":"2022-12-22T21:54:00","guid":{"rendered":"https:\/\/amb.hu\/vip-szolgaltatasok\/"},"modified":"2025-10-09T10:22:59","modified_gmt":"2025-10-09T08:22:59","slug":"vip-szolgaltatasok","status":"publish","type":"page","link":"https:\/\/amb.hu\/hu\/vip\/vip-szolgaltatasok\/","title":{"rendered":"VIP szolg\u00e1ltat\u00e1sok"},"content":{"rendered":"\t\t<div data-elementor-type=\"wp-page\" data-elementor-id=\"4431\" class=\"elementor elementor-4431 elementor-1501\" data-elementor-post-type=\"page\">\n\t\t\t\t\t\t<section class=\"elementor-section elementor-top-section elementor-element elementor-element-11e6c796 elementor-section-boxed elementor-section-height-default elementor-section-height-default\" data-id=\"11e6c796\" data-element_type=\"section\" data-e-type=\"section\">\n\t\t\t\t\t\t<div class=\"elementor-container elementor-column-gap-default\">\n\t\t\t\t\t<div class=\"elementor-column elementor-col-100 elementor-top-column elementor-element elementor-element-4706c9f3\" data-id=\"4706c9f3\" data-element_type=\"column\" data-e-type=\"column\">\n\t\t\t<div class=\"elementor-widget-wrap elementor-element-populated\">\n\t\t\t\t\t\t<div class=\"elementor-element elementor-element-1c0d5bae elementor-widget__width-initial elementor-widget elementor-widget-text-editor\" data-id=\"1c0d5bae\" data-element_type=\"widget\" data-e-type=\"widget\" data-widget_type=\"text-editor.default\">\n\t\t\t\t<div class=\"elementor-widget-container\">\n\t\t\t\t\t\t\t\t\t<p><span style=\"font-weight: 400;\">VIP szolg\u00e1ltat\u00e1saink kidolgoz\u00e1sakor partnereinkkel k\u00f6z\u00f6sen arra t\u00f6rekedt\u00fcnk, hogy az \u00d6n r\u00e9szv\u00e9tel\u00e9t az <\/span><b>ART MARKET BUDAPEST 2025<\/b><span style=\"font-weight: 400;\"> v\u00e1s\u00e1ron k\u00e9nyelmess\u00e9 \u00e9s tartalmass\u00e1 tegy\u00fck. Kellemes \u00e9s sz\u00f3rakoztat\u00f3 id\u0151t\u00f6lt\u00e9st, \u00e9lvezetes v\u00e1s\u00e1rl\u00e1st \u00e9s eml\u00e9kezetes \u00e9lm\u00e9nyeket k\u00edv\u00e1nunk.<\/span><\/p><p>\u00a0<\/p><p><b>VIP K\u00c1RTY\u00c1J\u00c1VAL AZ AL\u00c1BBI SZOLG\u00c1LTAT\u00c1SOKAT VEHETI IG\u00c9NYBE<\/b><\/p><p><span style=\"font-weight: 400;\">R\u00e9szv\u00e9tel az Art Market Budapest valamennyi esem\u00e9ny\u00e9n.<\/span><\/p><p>\u00a0<\/p><p><span style=\"font-weight: 400;\">Ingyenes bel\u00e9p\u00e9s a <\/span><b>VIP LOUNGE <\/b><span style=\"font-weight: 400;\">ter\u00fclet\u00e9re a v\u00e1s\u00e1r helysz\u00edn\u00e9n, amely a <\/span><b>SOLINFO <\/b><span style=\"font-weight: 400;\">k\u00f6zrem\u0171k\u00f6d\u00e9s\u00e9nek k\u00f6sz\u00f6nhet\u0151en exkluz\u00edv, nyugodt \u00e9s k\u00e9nyelmes k\u00f6rnyezetet biztos\u00edt a tal\u00e1lkoz\u00e1sokhoz \u00e9s a kikapcsol\u00f3d\u00e1shoz, \u00e9s ahol vend\u00e9gszeretet\u00fcnket a <\/span><b>SPAR Magyarorsz\u00e1g<\/b><span style=\"font-weight: 400;\"> \u00e9s a <\/span><b>JANA <\/b><span style=\"font-weight: 400;\">gondoskod\u00e1s\u00e1nak k\u00f6sz\u00f6nhet\u0151en k\u00f6nny\u0171 harapnival\u00f3 \u00e9s friss\u00edt\u0151 \u00e1sv\u00e1nyv\u00edz teszi teljess\u00e9.<\/span><\/p><p>\u00a0<\/p><p><b>GASZTRON\u00d3MIA<\/b><\/p><p><span style=\"font-weight: 400;\">\u00d6r\u00f6mmel aj\u00e1nljuk figyelm\u00e9be kedvenc \u00e9ttermeink k\u00f6z\u00fcl n\u00e9h\u00e1nyat, amelyek a v\u00e1s\u00e1r napjain VIP k\u00e1rty\u00e1ja felmutat\u00e1s\u00e1val eb\u00e9dj\u00e9hez vagy vacsor\u00e1j\u00e1hoz egy poh\u00e1r \u00fcdv\u00f6zl\u0151 itallal kedveskednek:\u00a0<\/span><\/p><p><b>LE PETIT BEEFBAR <\/b><span style=\"font-weight: 400;\">(1061 Budapest, Andr\u00e1ssy \u00fat 25., <\/span><a href=\"https:\/\/beefbar.com\/petit-beefbar-budapest\/\"><span style=\"font-weight: 400;\">Le Petit Beefbar<\/span><\/a><span style=\"font-weight: 400;\">)<\/span><\/p><p><b>COSTES DOWNTOWN <\/b><span style=\"font-weight: 400;\">(1051 Budapest, Vigy\u00e1z\u00f3 Ferenc utca 5., <\/span><a href=\"https:\/\/costesdowntown.hu\/\"><span style=\"font-weight: 400;\">Costes Downtown<\/span><\/a><span style=\"font-weight: 400;\">)<\/span><\/p><p><b>RUMOUR BY R\u00c1CZ JEN\u0150 (<\/b><span style=\"font-weight: 400;\">1052 Budapest, Pet\u0151fi t\u00e9r 3-5., <\/span><a href=\"https:\/\/rumour.restaurant\/en\/\"><span style=\"font-weight: 400;\">Rumour by R\u00e1cz Jen\u0151<\/span><\/a><span style=\"font-weight: 400;\">)<\/span><\/p><p>\u00a0<\/p><p><b>HOTEL PARTNEREINK<\/b><\/p><p><span style=\"font-weight: 400;\">V\u00e1s\u00e1runk l\u00e1togat\u00e1sa k\u00fclf\u00f6ldr\u0151l \u00e9rkez\u0151 VIP vend\u00e9geink sz\u00e1m\u00e1ra is egyszer\u0171 \u00e9s k\u00e9nyelmes a sz\u00e1llodai partnereink \u00e1ltal biztos\u00edtott k\u00fcl\u00f6nleges kedvezm\u00e9nynek \u00e9s kit\u00fcntetett figyelemnek k\u00f6sz\u00f6nhet\u0151en, amelyben azok a vend\u00e9geink r\u00e9szes\u00fclhetnek, akik a v\u00e1s\u00e1r het\u00e9re id\u0151z\u00edtett foglal\u00e1sukn\u00e1l az AMB25 k\u00f3dot haszn\u00e1lj\u00e1k.<\/span><\/p><p><b>W BUDAPEST***** <\/b><span style=\"font-weight: 400;\">(1061 Budapest, Andr\u00e1ssy \u00fat 25., <\/span><a href=\"https:\/\/w-hotels.marriott.com\/destinations\/budapest\/\"><span style=\"font-weight: 400;\">W Budapest<\/span><\/a><span style=\"font-weight: 400;\">)<\/span><\/p><p><b>MERCURE BUDAPEST CASTLE HILL**** <\/b><span style=\"font-weight: 400;\">(1013 Budapest, Krisztina krt. 41-43., <\/span><a href=\"https:\/\/all.accor.com\/hotel\/1688\/index.en.shtml\"><span style=\"font-weight: 400;\">Mercure Budapest Castle Hill<\/span><\/a><\/p><p>\u00a0<\/p><p><b>M\u00daZEUMOK<\/b><\/p><p><span style=\"font-weight: 400;\">M\u00fazeumi partnereink<\/span> <span style=\"font-weight: 400;\">a VIP k\u00e1rtya felmutat\u00e1s\u00e1val 2025. okt\u00f3ber 15. \u00e9s 26. k\u00f6z\u00f6tt<\/span> <span style=\"font-weight: 400;\">az al\u00e1bbi ki\u00e1ll\u00edt\u00e1sokra biztos\u00edtanak ingyenes bel\u00e9p\u00e9st.<\/span><\/p><p><span style=\"font-weight: 400;\">ROBERT CAPA KORT\u00c1RS FOTOGR\u00c1FIAI K\u00d6ZPONT:\u00a0<\/span><span style=\"font-weight: 400;\"><br \/><\/span><i><span style=\"font-weight: 400;\">Lost and Found \u2013 Vallom\u00e1sok a f\u00fcgg\u0151s\u00e9gr\u0151l<\/span><\/i><\/p><p><i><span style=\"font-weight: 400;\">Tombor Zolt\u00e1n ki\u00e1ll\u00edt\u00e1sa<\/span><\/i><\/p><p><a href=\"https:\/\/capacenter.hu\/kiallitasok\/\"><span style=\"font-weight: 400;\">Capa Center &#8211; Ki\u00e1ll\u00edt\u00e1sok<\/span><\/a><\/p><p>\u00a0<\/p><p><span style=\"font-weight: 400;\">LUDWIG M\u00daZEUM: <\/span><span style=\"font-weight: 400;\"><br \/><\/span><i><span style=\"font-weight: 400;\">BIG BANG \u2013 T\u00e1gul\u00f3 gy\u0171jtem\u00e9nyi horizontok<\/span><\/i><i><span style=\"font-weight: 400;\"><br \/><\/span><\/i><a href=\"https:\/\/www.ludwigmuseum.hu\/kiallitas\/big-bang-tagulo-gyujtemenyi-horizontok\"><span style=\"font-weight: 400;\">Ludwig M\u00fazeum &#8211; Big Bang<\/span><\/a><\/p><p><b><br \/><\/b><span style=\"font-weight: 400;\">MAGYAR NEMZETI GAL\u00c9RIA:<\/span><b><br \/><\/b><i><span style=\"font-weight: 400;\">\u00c1rny\u00e9k N\u00e9lk\u00fcl \u2013 Czimra Gyula \u00e9letm\u0171-ki\u00e1ll\u00edt\u00e1sa<\/span><\/i><b>\u00a0<\/b><\/p><p><a href=\"https:\/\/mng.hu\/kiallitasok\/arnyek-nelkul-czimra-gyula-1901-1966-eletmu-kiallitasa\/\"><span style=\"font-weight: 400;\">MNG &#8211; Czimra Gyula<\/span><\/a><\/p><p><b><br \/><\/b><span style=\"font-weight: 400;\">M\u0170CSARNOK:\u00a0<\/span><\/p><p><i><span style=\"font-weight: 400;\">T\u00fal a l\u00e1that\u00f3n \u2013 P\u00e9reli Zsuzsa gy\u0171jtem\u00e9nyes ki\u00e1ll\u00edt\u00e1sa<\/span><\/i><\/p><p><i><span style=\"font-weight: 400;\">Anat\u00f3mia \u2013 Szunyoghy Andr\u00e1s ki\u00e1ll\u00edt\u00e1sa<\/span><\/i><\/p><p><i><span style=\"font-weight: 400;\">Csillagj\u00e1r\u00f3 \u2013 Keresztes D\u00f3ra ki\u00e1ll\u00edt\u00e1sa<\/span><\/i><\/p><p><i><span style=\"font-weight: 400;\">Sz\u0151cs Mikl\u00f3s Tui szoborki\u00e1ll\u00edt\u00e1sa<\/span><\/i><\/p><p><i><span style=\"font-weight: 400;\">Arcodat keresem \u2013 Olasz Ferenc fotogr\u00e1fi\u00e1i<\/span><\/i><\/p><p><i><span style=\"font-weight: 400;\">\u00c9p\u00edt\u00e9szet \u00e9s angyalok \u2013 Makovecz Imre eml\u00e9kki\u00e1ll\u00edt\u00e1sa<\/span><\/i><\/p><p><i><span style=\"font-weight: 400;\">K\u0151 P\u00e1l eml\u00e9kki\u00e1ll\u00edt\u00e1sa<\/span><\/i><\/p><p><a href=\"https:\/\/mucsarnok.hu\/kiallitasok\/index.php\"><span style=\"font-weight: 400;\">M\u0171csarnok &#8211; Ki\u00e1ll\u00edt\u00e1sok<\/span><\/a><\/p><p>\u00a0<\/p>\t\t\t\t\t\t\t\t<\/div>\n\t\t\t\t<\/div>\n\t\t\t\t\t<\/div>\n\t\t<\/div>\n\t\t\t\t\t<\/div>\n\t\t<\/section>\n\t\t\t\t<\/div>\n\t\t","protected":false},"excerpt":{"rendered":"<p>VIP szolg\u00e1ltat\u00e1saink kidolgoz\u00e1sakor partnereinkkel k\u00f6z\u00f6sen arra t\u00f6rekedt\u00fcnk, hogy az \u00d6n r\u00e9szv\u00e9tel\u00e9t az ART MARKET BUDAPEST 2025 v\u00e1s\u00e1ron k\u00e9nyelmess\u00e9 \u00e9s tartalmass\u00e1 tegy\u00fck. Kellemes \u00e9s sz\u00f3rakoztat\u00f3 id\u0151t\u00f6lt\u00e9st, \u00e9lvezetes v\u00e1s\u00e1rl\u00e1st \u00e9s eml\u00e9kezetes \u00e9lm\u00e9nyeket k\u00edv\u00e1nunk. \u00a0 VIP K\u00c1RTY\u00c1J\u00c1VAL AZ AL\u00c1BBI SZOLG\u00c1LTAT\u00c1SOKAT VEHETI IG\u00c9NYBE R\u00e9szv\u00e9tel az Art Market Budapest valamennyi esem\u00e9ny\u00e9n. \u00a0 Ingyenes bel\u00e9p\u00e9s a VIP LOUNGE ter\u00fclet\u00e9re a v\u00e1s\u00e1r [&hellip;]<\/p>\n","protected":false},"author":5,"featured_media":0,"parent":6133,"menu_order":0,"comment_status":"closed","ping_status":"closed","template":"","meta":{"footnotes":""},"class_list":["post-4431","page","type-page","status-publish","hentry"],"yoast_head":"<!-- This site is optimized with the Yoast SEO plugin v27.2 - https:\/\/yoast.com\/product\/yoast-seo-wordpress\/ -->\n<title>VIP szolg\u00e1ltat\u00e1sok - Art Market Budapest<\/title>\n<meta name=\"robots\" content=\"index, follow, max-snippet:-1, max-image-preview:large, max-video-preview:-1\" \/>\n<link rel=\"canonical\" href=\"https:\/\/amb.hu\/hu\/vip\/vip-szolgaltatasok\/\" \/>\n<meta property=\"og:locale\" content=\"hu_HU\" \/>\n<meta property=\"og:type\" content=\"article\" \/>\n<meta property=\"og:title\" content=\"VIP szolg\u00e1ltat\u00e1sok - Art Market Budapest\" \/>\n<meta property=\"og:description\" content=\"VIP szolg\u00e1ltat\u00e1saink kidolgoz\u00e1sakor partnereinkkel k\u00f6z\u00f6sen arra t\u00f6rekedt\u00fcnk, hogy az \u00d6n r\u00e9szv\u00e9tel\u00e9t az ART MARKET BUDAPEST 2025 v\u00e1s\u00e1ron k\u00e9nyelmess\u00e9 \u00e9s tartalmass\u00e1 tegy\u00fck. Kellemes \u00e9s sz\u00f3rakoztat\u00f3 id\u0151t\u00f6lt\u00e9st, \u00e9lvezetes v\u00e1s\u00e1rl\u00e1st \u00e9s eml\u00e9kezetes \u00e9lm\u00e9nyeket k\u00edv\u00e1nunk. \u00a0 VIP K\u00c1RTY\u00c1J\u00c1VAL AZ AL\u00c1BBI SZOLG\u00c1LTAT\u00c1SOKAT VEHETI IG\u00c9NYBE R\u00e9szv\u00e9tel az Art Market Budapest valamennyi esem\u00e9ny\u00e9n. \u00a0 Ingyenes bel\u00e9p\u00e9s a VIP LOUNGE ter\u00fclet\u00e9re a v\u00e1s\u00e1r [&hellip;]\" \/>\n<meta property=\"og:url\" content=\"https:\/\/amb.hu\/hu\/vip\/vip-szolgaltatasok\/\" \/>\n<meta property=\"og:site_name\" content=\"Art Market Budapest\" \/>\n<meta property=\"article:publisher\" content=\"https:\/\/www.facebook.com\/ArtMarketBudapest\/\" \/>\n<meta property=\"article:modified_time\" content=\"2025-10-09T08:22:59+00:00\" \/>\n<meta property=\"og:image\" content=\"https:\/\/amb.hu\/wp-content\/uploads\/2023\/01\/amb-facebook.png\" \/>\n\t<meta property=\"og:image:width\" content=\"1200\" \/>\n\t<meta property=\"og:image:height\" content=\"630\" \/>\n\t<meta property=\"og:image:type\" content=\"image\/png\" \/>\n<meta name=\"twitter:card\" content=\"summary_large_image\" \/>\n<meta name=\"twitter:label1\" content=\"Becs\u00fclt olvas\u00e1si id\u0151\" \/>\n\t<meta name=\"twitter:data1\" content=\"2 perc\" \/>\n<script type=\"application\/ld+json\" class=\"yoast-schema-graph\">{\"@context\":\"https:\/\/schema.org\",\"@graph\":[{\"@type\":\"WebPage\",\"@id\":\"https:\/\/amb.hu\/hu\/vip\/vip-szolgaltatasok\/\",\"url\":\"https:\/\/amb.hu\/hu\/vip\/vip-szolgaltatasok\/\",\"name\":\"VIP szolg\u00e1ltat\u00e1sok - Art Market Budapest\",\"isPartOf\":{\"@id\":\"https:\/\/amb.hu\/hu\/#website\"},\"datePublished\":\"2022-12-22T21:54:00+00:00\",\"dateModified\":\"2025-10-09T08:22:59+00:00\",\"breadcrumb\":{\"@id\":\"https:\/\/amb.hu\/hu\/vip\/vip-szolgaltatasok\/#breadcrumb\"},\"inLanguage\":\"hu\",\"potentialAction\":[{\"@type\":\"ReadAction\",\"target\":[\"https:\/\/amb.hu\/hu\/vip\/vip-szolgaltatasok\/\"]}]},{\"@type\":\"BreadcrumbList\",\"@id\":\"https:\/\/amb.hu\/hu\/vip\/vip-szolgaltatasok\/#breadcrumb\",\"itemListElement\":[{\"@type\":\"ListItem\",\"position\":1,\"name\":\"Kezd\u0151lap\",\"item\":\"https:\/\/amb.hu\/hu\/\"},{\"@type\":\"ListItem\",\"position\":2,\"name\":\"VIP\",\"item\":\"https:\/\/amb.hu\/hu\/vip\/\"},{\"@type\":\"ListItem\",\"position\":3,\"name\":\"VIP szolg\u00e1ltat\u00e1sok\"}]},{\"@type\":\"WebSite\",\"@id\":\"https:\/\/amb.hu\/hu\/#website\",\"url\":\"https:\/\/amb.hu\/hu\/\",\"name\":\"Art Market Budapest\",\"description\":\"International Contemporary Art Fair\",\"publisher\":{\"@id\":\"https:\/\/amb.hu\/hu\/#organization\"},\"potentialAction\":[{\"@type\":\"SearchAction\",\"target\":{\"@type\":\"EntryPoint\",\"urlTemplate\":\"https:\/\/amb.hu\/hu\/?s={search_term_string}\"},\"query-input\":{\"@type\":\"PropertyValueSpecification\",\"valueRequired\":true,\"valueName\":\"search_term_string\"}}],\"inLanguage\":\"hu\"},{\"@type\":\"Organization\",\"@id\":\"https:\/\/amb.hu\/hu\/#organization\",\"name\":\"Art Market Budapest\",\"url\":\"https:\/\/amb.hu\/hu\/\",\"logo\":{\"@type\":\"ImageObject\",\"inLanguage\":\"hu\",\"@id\":\"https:\/\/amb.hu\/hu\/#\/schema\/logo\/image\/\",\"url\":\"https:\/\/amb.hu\/wp-content\/uploads\/2022\/08\/logo-art-market-budapest.svg\",\"contentUrl\":\"https:\/\/amb.hu\/wp-content\/uploads\/2022\/08\/logo-art-market-budapest.svg\",\"width\":159,\"height\":63,\"caption\":\"Art Market Budapest\"},\"image\":{\"@id\":\"https:\/\/amb.hu\/hu\/#\/schema\/logo\/image\/\"},\"sameAs\":[\"https:\/\/www.facebook.com\/ArtMarketBudapest\/\",\"https:\/\/www.instagram.com\/artmarketbudapest\/\"]}]}<\/script>\n<!-- \/ Yoast SEO plugin. -->","yoast_head_json":{"title":"VIP szolg\u00e1ltat\u00e1sok - Art Market Budapest","robots":{"index":"index","follow":"follow","max-snippet":"max-snippet:-1","max-image-preview":"max-image-preview:large","max-video-preview":"max-video-preview:-1"},"canonical":"https:\/\/amb.hu\/hu\/vip\/vip-szolgaltatasok\/","og_locale":"hu_HU","og_type":"article","og_title":"VIP szolg\u00e1ltat\u00e1sok - Art Market Budapest","og_description":"VIP szolg\u00e1ltat\u00e1saink kidolgoz\u00e1sakor partnereinkkel k\u00f6z\u00f6sen arra t\u00f6rekedt\u00fcnk, hogy az \u00d6n r\u00e9szv\u00e9tel\u00e9t az ART MARKET BUDAPEST 2025 v\u00e1s\u00e1ron k\u00e9nyelmess\u00e9 \u00e9s tartalmass\u00e1 tegy\u00fck. Kellemes \u00e9s sz\u00f3rakoztat\u00f3 id\u0151t\u00f6lt\u00e9st, \u00e9lvezetes v\u00e1s\u00e1rl\u00e1st \u00e9s eml\u00e9kezetes \u00e9lm\u00e9nyeket k\u00edv\u00e1nunk. \u00a0 VIP K\u00c1RTY\u00c1J\u00c1VAL AZ AL\u00c1BBI SZOLG\u00c1LTAT\u00c1SOKAT VEHETI IG\u00c9NYBE R\u00e9szv\u00e9tel az Art Market Budapest valamennyi esem\u00e9ny\u00e9n. \u00a0 Ingyenes bel\u00e9p\u00e9s a VIP LOUNGE ter\u00fclet\u00e9re a v\u00e1s\u00e1r [&hellip;]","og_url":"https:\/\/amb.hu\/hu\/vip\/vip-szolgaltatasok\/","og_site_name":"Art Market Budapest","article_publisher":"https:\/\/www.facebook.com\/ArtMarketBudapest\/","article_modified_time":"2025-10-09T08:22:59+00:00","og_image":[{"width":1200,"height":630,"url":"https:\/\/amb.hu\/wp-content\/uploads\/2023\/01\/amb-facebook.png","type":"image\/png"}],"twitter_card":"summary_large_image","twitter_misc":{"Becs\u00fclt olvas\u00e1si id\u0151":"2 perc"},"schema":{"@context":"https:\/\/schema.org","@graph":[{"@type":"WebPage","@id":"https:\/\/amb.hu\/hu\/vip\/vip-szolgaltatasok\/","url":"https:\/\/amb.hu\/hu\/vip\/vip-szolgaltatasok\/","name":"VIP szolg\u00e1ltat\u00e1sok - Art Market Budapest","isPartOf":{"@id":"https:\/\/amb.hu\/hu\/#website"},"datePublished":"2022-12-22T21:54:00+00:00","dateModified":"2025-10-09T08:22:59+00:00","breadcrumb":{"@id":"https:\/\/amb.hu\/hu\/vip\/vip-szolgaltatasok\/#breadcrumb"},"inLanguage":"hu","potentialAction":[{"@type":"ReadAction","target":["https:\/\/amb.hu\/hu\/vip\/vip-szolgaltatasok\/"]}]},{"@type":"BreadcrumbList","@id":"https:\/\/amb.hu\/hu\/vip\/vip-szolgaltatasok\/#breadcrumb","itemListElement":[{"@type":"ListItem","position":1,"name":"Kezd\u0151lap","item":"https:\/\/amb.hu\/hu\/"},{"@type":"ListItem","position":2,"name":"VIP","item":"https:\/\/amb.hu\/hu\/vip\/"},{"@type":"ListItem","position":3,"name":"VIP szolg\u00e1ltat\u00e1sok"}]},{"@type":"WebSite","@id":"https:\/\/amb.hu\/hu\/#website","url":"https:\/\/amb.hu\/hu\/","name":"Art Market Budapest","description":"International Contemporary Art Fair","publisher":{"@id":"https:\/\/amb.hu\/hu\/#organization"},"potentialAction":[{"@type":"SearchAction","target":{"@type":"EntryPoint","urlTemplate":"https:\/\/amb.hu\/hu\/?s={search_term_string}"},"query-input":{"@type":"PropertyValueSpecification","valueRequired":true,"valueName":"search_term_string"}}],"inLanguage":"hu"},{"@type":"Organization","@id":"https:\/\/amb.hu\/hu\/#organization","name":"Art Market Budapest","url":"https:\/\/amb.hu\/hu\/","logo":{"@type":"ImageObject","inLanguage":"hu","@id":"https:\/\/amb.hu\/hu\/#\/schema\/logo\/image\/","url":"https:\/\/amb.hu\/wp-content\/uploads\/2022\/08\/logo-art-market-budapest.svg","contentUrl":"https:\/\/amb.hu\/wp-content\/uploads\/2022\/08\/logo-art-market-budapest.svg","width":159,"height":63,"caption":"Art Market Budapest"},"image":{"@id":"https:\/\/amb.hu\/hu\/#\/schema\/logo\/image\/"},"sameAs":["https:\/\/www.facebook.com\/ArtMarketBudapest\/","https:\/\/www.instagram.com\/artmarketbudapest\/"]}]}},"_links":{"self":[{"href":"https:\/\/amb.hu\/hu\/wp-json\/wp\/v2\/pages\/4431","targetHints":{"allow":["GET"]}}],"collection":[{"href":"https:\/\/amb.hu\/hu\/wp-json\/wp\/v2\/pages"}],"about":[{"href":"https:\/\/amb.hu\/hu\/wp-json\/wp\/v2\/types\/page"}],"author":[{"embeddable":true,"href":"https:\/\/amb.hu\/hu\/wp-json\/wp\/v2\/users\/5"}],"replies":[{"embeddable":true,"href":"https:\/\/amb.hu\/hu\/wp-json\/wp\/v2\/comments?post=4431"}],"version-history":[{"count":0,"href":"https:\/\/amb.hu\/hu\/wp-json\/wp\/v2\/pages\/4431\/revisions"}],"up":[{"embeddable":true,"href":"https:\/\/amb.hu\/hu\/wp-json\/wp\/v2\/pages\/6133"}],"wp:attachment":[{"href":"https:\/\/amb.hu\/hu\/wp-json\/wp\/v2\/media?parent=4431"}],"curies":[{"name":"wp","href":"https:\/\/api.w.org\/{rel}","templated":true}]}}