{"id":4821,"date":"2023-11-16T10:25:42","date_gmt":"2023-11-16T09:25:42","guid":{"rendered":"https:\/\/amb.hu\/?page_id=4821"},"modified":"2023-11-16T10:31:17","modified_gmt":"2023-11-16T09:31:17","slug":"katalogus-2023","status":"publish","type":"page","link":"https:\/\/amb.hu\/hu\/kiallitok\/katalogus-2023\/","title":{"rendered":"Katal\u00f3gus 2023"},"content":{"rendered":"\t\t<div data-elementor-type=\"wp-page\" data-elementor-id=\"4821\" class=\"elementor elementor-4821 elementor-4820\" data-elementor-post-type=\"page\">\n\t\t\t\t\t\t<section class=\"elementor-section elementor-top-section elementor-element elementor-element-95a531f elementor-section-boxed elementor-section-height-default elementor-section-height-default\" data-id=\"95a531f\" data-element_type=\"section\" data-e-type=\"section\">\n\t\t\t\t\t\t<div class=\"elementor-container elementor-column-gap-default\">\n\t\t\t\t\t<div class=\"elementor-column elementor-col-100 elementor-top-column elementor-element elementor-element-89d48b7\" data-id=\"89d48b7\" data-element_type=\"column\" data-e-type=\"column\">\n\t\t\t<div class=\"elementor-widget-wrap elementor-element-populated\">\n\t\t\t\t\t\t<div class=\"elementor-element elementor-element-27730ae elementor-widget elementor-widget-shortcode\" data-id=\"27730ae\" data-element_type=\"widget\" data-e-type=\"widget\" data-widget_type=\"shortcode.default\">\n\t\t\t\t<div class=\"elementor-widget-container\">\n\t\t\t\t\t\t\t<div class=\"elementor-shortcode\"><div class=\"_3d-flip-book  fb3d-fullscreen-mode full-size\" data-id=\"4819\" data-mode=\"fullscreen\" data-title=\"false\" data-template=\"short-white-book-view\" data-lightbox=\"dark-shadow\" data-urlparam=\"fb3d-page\" data-page-n=\"0\" data-pdf=\"\" data-tax=\"null\" data-thumbnail=\"\" data-cols=\"3\" data-book-template=\"default\" data-trigger=\"\"><\/div><script type=\"text\/javascript\">window.FB3D_CLIENT_DATA = window.FB3D_CLIENT_DATA || [];FB3D_CLIENT_DATA.push('eyJwb3N0cyI6eyI0ODE5Ijp7IklEIjo0ODE5LCJ0aXRsZSI6IjIwMjMgQ0FUQUxPR1VFIiwidHlwZSI6InBkZiIsInJlYWR5X2Z1bmN0aW9uIjoiIiwiYm9va19zdHlsZSI6ImZsYXQiLCJib29rX3RlbXBsYXRlIjoibm9uZSIsIm91dGxpbmUiOltdLCJkYXRhIjp7InBvc3RfSUQiOiItMSIsImd1aWQiOiJodHRwczpcL1wvYW1iLmh1XC93cC1jb250ZW50XC91cGxvYWRzXC8yMDIzXC8xMVwvQU1CMjNfQ0FUQUxPR1VFXzE0OHgyMTBtbV9PbmxpbmVfMTEuMTQucGRmIiwicGRmX3BhZ2VzIjoiMjk2IiwicGFnZXNfY3VzdG9taXphdGlvbiI6Im5vbmUifSwidGh1bWJuYWlsIjp7ImRhdGEiOnsicG9zdF9JRCI6IjAifSwidHlwZSI6ImF1dG8ifSwicHJvcHMiOnsiYmFja2dyb3VuZENvbG9yIjoiYXV0byIsImJhY2tncm91bmRJbWFnZSI6ImF1dG8iLCJiYWNrZ3JvdW5kU3R5bGUiOiJhdXRvIiwiaGlnaGxpZ2h0TGlua3MiOiJhdXRvIiwibGlnaHRpbmciOiJhdXRvIiwiY2FjaGVkUGFnZXMiOiJhdXRvIiwicmVuZGVySW5hY3RpdmVQYWdlcyI6ImF1dG8iLCJyZW5kZXJJbmFjdGl2ZVBhZ2VzT25Nb2JpbGUiOiJhdXRvIiwicmVuZGVyV2hpbGVGbGlwcGluZyI6ImF1dG8iLCJwcmVsb2FkUGFnZXMiOiJhdXRvIiwiYXV0b1BsYXlEdXJhdGlvbiI6ImF1dG8iLCJydGwiOiJhdXRvIiwiaW50ZXJhY3RpdmVDb3JuZXJzIjoiYXV0byIsIm1heERlcHRoIjoiYXV0byIsInNoZWV0Ijp7InN0YXJ0VmVsb2NpdHkiOiJhdXRvIiwid2F2ZSI6ImF1dG8iLCJzaGFwZSI6ImF1dG8iLCJ3aWR0aFRleGVscyI6ImF1dG8iLCJjb2xvciI6ImF1dG8iLCJzaWRlIjoiYXV0byIsImNvcm5lckRldmlhdGlvbiI6ImF1dG8iLCJmbGV4aWJpbGl0eSI6ImF1dG8iLCJmbGV4aWJsZUNvcm5lciI6ImF1dG8iLCJiZW5kaW5nIjoiYXV0byIsImhlaWdodFRleGVscyI6ImF1dG8ifSwiY292ZXIiOnsid2F2ZSI6ImF1dG8iLCJjb2xvciI6ImF1dG8iLCJzaWRlIjoiYXV0byIsImJpbmRlclRleHR1cmUiOiJhdXRvIiwiZGVwdGgiOiJhdXRvIiwicGFkZGluZyI6ImF1dG8iLCJzdGFydFZlbG9jaXR5IjoiYXV0byIsImZsZXhpYmlsaXR5IjoiYXV0byIsImZsZXhpYmxlQ29ybmVyIjoiYXV0byIsImJlbmRpbmciOiJhdXRvIiwid2lkdGhUZXhlbHMiOiJhdXRvIiwiaGVpZ2h0VGV4ZWxzIjoiYXV0byIsIm1hc3MiOiJhdXRvIiwic2hhcGUiOiJhdXRvIn0sInBhZ2UiOnsid2F2ZSI6ImF1dG8iLCJjb2xvciI6ImF1dG8iLCJzaWRlIjoiYXV0byIsImRlcHRoIjoiYXV0byIsInN0YXJ0VmVsb2NpdHkiOiJhdXRvIiwiZmxleGliaWxpdHkiOiJhdXRvIiwiZmxleGlibGVDb3JuZXIiOiJhdXRvIiwiYmVuZGluZyI6ImF1dG8iLCJ3aWR0aFRleGVscyI6ImF1dG8iLCJoZWlnaHRUZXhlbHMiOiJhdXRvIiwibWFzcyI6ImF1dG8iLCJzaGFwZSI6ImF1dG8ifSwiaGVpZ2h0IjoiYXV0byIsIndpZHRoIjoiYXV0byIsImdyYXZpdHkiOiJhdXRvIiwicGFnZXNGb3JQcmVkaWN0aW5nIjoiYXV0byJ9LCJjb250cm9sUHJvcHMiOnsiYWN0aW9ucyI6eyJjbWRUb2MiOnsiZW5hYmxlZCI6ImF1dG8iLCJlbmFibGVkSW5OYXJyb3ciOiJhdXRvIiwiYWN0aXZlIjoiYXV0byIsImRlZmF1bHRUYWIiOiJhdXRvIn0sImNtZEF1dG9QbGF5Ijp7ImVuYWJsZWQiOiJhdXRvIiwiZW5hYmxlZEluTmFycm93IjoiYXV0byIsImFjdGl2ZSI6ImF1dG8ifSwiY21kU2F2ZSI6eyJlbmFibGVkIjoiYXV0byIsImVuYWJsZWRJbk5hcnJvdyI6ImF1dG8ifSwiY21kUHJpbnQiOnsiZW5hYmxlZCI6ImF1dG8iLCJlbmFibGVkSW5OYXJyb3ciOiJhdXRvIn0sImNtZFNpbmdsZVBhZ2UiOnsiZW5hYmxlZCI6ImF1dG8iLCJlbmFibGVkSW5OYXJyb3ciOiJhdXRvIiwiYWN0aXZlIjoiYXV0byIsImFjdGl2ZUZvck1vYmlsZSI6ImF1dG8ifSwid2lkVG9vbGJhciI6eyJlbmFibGVkIjoiYXV0byIsImVuYWJsZWRJbk5hcnJvdyI6ImF1dG8ifX19LCJhdXRvVGh1bWJuYWlsIjoiaHR0cHM6XC9cL2FtYi5odVwvd3AtY29udGVudFwvdXBsb2Fkc1wvM2QtZmxpcC1ib29rXC9hdXRvLXRodW1ibmFpbHNcLzQ4MTkucG5nIiwicG9zdF9uYW1lIjoiMjAyMy1jYXRhbG9ndWUiLCJwb3N0X3R5cGUiOiIzZC1mbGlwLWJvb2sifX0sInBhZ2VzIjpbXSwiZmlyc3RQYWdlcyI6W119');window.FB3D_CLIENT_LOCALE && FB3D_CLIENT_LOCALE.render && FB3D_CLIENT_LOCALE.render();<\/script><\/div>\n\t\t\t\t\t\t<\/div>\n\t\t\t\t<\/div>\n\t\t\t\t\t<\/div>\n\t\t<\/div>\n\t\t\t\t\t<\/div>\n\t\t<\/section>\n\t\t\t\t<\/div>\n\t\t","protected":false},"excerpt":{"rendered":"","protected":false},"author":7,"featured_media":0,"parent":2652,"menu_order":0,"comment_status":"closed","ping_status":"closed","template":"","meta":{"footnotes":""},"class_list":["post-4821","page","type-page","status-publish","hentry"],"yoast_head":"<!-- This site is optimized with the Yoast SEO plugin v27.3 - https:\/\/yoast.com\/product\/yoast-seo-wordpress\/ -->\n<title>Katal\u00f3gus 2023 - Art Market Budapest<\/title>\n<meta name=\"robots\" content=\"index, follow, max-snippet:-1, max-image-preview:large, max-video-preview:-1\" \/>\n<link rel=\"canonical\" href=\"https:\/\/amb.hu\/hu\/kiallitok\/katalogus-2023\/\" \/>\n<meta property=\"og:locale\" content=\"hu_HU\" \/>\n<meta property=\"og:type\" content=\"article\" \/>\n<meta property=\"og:title\" content=\"Katal\u00f3gus 2023 - Art Market Budapest\" \/>\n<meta property=\"og:url\" content=\"https:\/\/amb.hu\/hu\/kiallitok\/katalogus-2023\/\" \/>\n<meta property=\"og:site_name\" content=\"Art Market Budapest\" \/>\n<meta property=\"article:publisher\" content=\"https:\/\/www.facebook.com\/ArtMarketBudapest\/\" \/>\n<meta property=\"article:modified_time\" content=\"2023-11-16T09:31:17+00:00\" \/>\n<meta property=\"og:image\" content=\"https:\/\/amb.hu\/wp-content\/uploads\/2023\/01\/amb-facebook.png\" \/>\n\t<meta property=\"og:image:width\" content=\"1200\" \/>\n\t<meta property=\"og:image:height\" content=\"630\" \/>\n\t<meta property=\"og:image:type\" content=\"image\/png\" \/>\n<meta name=\"twitter:card\" content=\"summary_large_image\" \/>\n<script type=\"application\/ld+json\" class=\"yoast-schema-graph\">{\"@context\":\"https:\\\/\\\/schema.org\",\"@graph\":[{\"@type\":\"WebPage\",\"@id\":\"https:\\\/\\\/amb.hu\\\/hu\\\/kiallitok\\\/katalogus-2023\\\/\",\"url\":\"https:\\\/\\\/amb.hu\\\/hu\\\/kiallitok\\\/katalogus-2023\\\/\",\"name\":\"Katal\u00f3gus 2023 - Art Market Budapest\",\"isPartOf\":{\"@id\":\"https:\\\/\\\/amb.hu\\\/hu\\\/#website\"},\"datePublished\":\"2023-11-16T09:25:42+00:00\",\"dateModified\":\"2023-11-16T09:31:17+00:00\",\"breadcrumb\":{\"@id\":\"https:\\\/\\\/amb.hu\\\/hu\\\/kiallitok\\\/katalogus-2023\\\/#breadcrumb\"},\"inLanguage\":\"hu\",\"potentialAction\":[{\"@type\":\"ReadAction\",\"target\":[\"https:\\\/\\\/amb.hu\\\/hu\\\/kiallitok\\\/katalogus-2023\\\/\"]}]},{\"@type\":\"BreadcrumbList\",\"@id\":\"https:\\\/\\\/amb.hu\\\/hu\\\/kiallitok\\\/katalogus-2023\\\/#breadcrumb\",\"itemListElement\":[{\"@type\":\"ListItem\",\"position\":1,\"name\":\"Kezd\u0151lap\",\"item\":\"https:\\\/\\\/amb.hu\\\/hu\\\/\"},{\"@type\":\"ListItem\",\"position\":2,\"name\":\"Ki\u00e1ll\u00edt\u00f3k\",\"item\":\"https:\\\/\\\/amb.hu\\\/hu\\\/exhibitor\\\/\"},{\"@type\":\"ListItem\",\"position\":3,\"name\":\"Katal\u00f3gus 2023\"}]},{\"@type\":\"WebSite\",\"@id\":\"https:\\\/\\\/amb.hu\\\/hu\\\/#website\",\"url\":\"https:\\\/\\\/amb.hu\\\/hu\\\/\",\"name\":\"Art Market Budapest\",\"description\":\"International Contemporary Art Fair\",\"publisher\":{\"@id\":\"https:\\\/\\\/amb.hu\\\/hu\\\/#organization\"},\"potentialAction\":[{\"@type\":\"SearchAction\",\"target\":{\"@type\":\"EntryPoint\",\"urlTemplate\":\"https:\\\/\\\/amb.hu\\\/hu\\\/?s={search_term_string}\"},\"query-input\":{\"@type\":\"PropertyValueSpecification\",\"valueRequired\":true,\"valueName\":\"search_term_string\"}}],\"inLanguage\":\"hu\"},{\"@type\":\"Organization\",\"@id\":\"https:\\\/\\\/amb.hu\\\/hu\\\/#organization\",\"name\":\"Art Market Budapest\",\"url\":\"https:\\\/\\\/amb.hu\\\/hu\\\/\",\"logo\":{\"@type\":\"ImageObject\",\"inLanguage\":\"hu\",\"@id\":\"https:\\\/\\\/amb.hu\\\/hu\\\/#\\\/schema\\\/logo\\\/image\\\/\",\"url\":\"https:\\\/\\\/amb.hu\\\/wp-content\\\/uploads\\\/2022\\\/08\\\/logo-art-market-budapest.svg\",\"contentUrl\":\"https:\\\/\\\/amb.hu\\\/wp-content\\\/uploads\\\/2022\\\/08\\\/logo-art-market-budapest.svg\",\"width\":159,\"height\":63,\"caption\":\"Art Market Budapest\"},\"image\":{\"@id\":\"https:\\\/\\\/amb.hu\\\/hu\\\/#\\\/schema\\\/logo\\\/image\\\/\"},\"sameAs\":[\"https:\\\/\\\/www.facebook.com\\\/ArtMarketBudapest\\\/\",\"https:\\\/\\\/www.instagram.com\\\/artmarketbudapest\\\/\"]}]}<\/script>\n<!-- \/ Yoast SEO plugin. -->","yoast_head_json":{"title":"Katal\u00f3gus 2023 - Art Market Budapest","robots":{"index":"index","follow":"follow","max-snippet":"max-snippet:-1","max-image-preview":"max-image-preview:large","max-video-preview":"max-video-preview:-1"},"canonical":"https:\/\/amb.hu\/hu\/kiallitok\/katalogus-2023\/","og_locale":"hu_HU","og_type":"article","og_title":"Katal\u00f3gus 2023 - Art Market Budapest","og_url":"https:\/\/amb.hu\/hu\/kiallitok\/katalogus-2023\/","og_site_name":"Art Market Budapest","article_publisher":"https:\/\/www.facebook.com\/ArtMarketBudapest\/","article_modified_time":"2023-11-16T09:31:17+00:00","og_image":[{"width":1200,"height":630,"url":"https:\/\/amb.hu\/wp-content\/uploads\/2023\/01\/amb-facebook.png","type":"image\/png"}],"twitter_card":"summary_large_image","schema":{"@context":"https:\/\/schema.org","@graph":[{"@type":"WebPage","@id":"https:\/\/amb.hu\/hu\/kiallitok\/katalogus-2023\/","url":"https:\/\/amb.hu\/hu\/kiallitok\/katalogus-2023\/","name":"Katal\u00f3gus 2023 - Art Market Budapest","isPartOf":{"@id":"https:\/\/amb.hu\/hu\/#website"},"datePublished":"2023-11-16T09:25:42+00:00","dateModified":"2023-11-16T09:31:17+00:00","breadcrumb":{"@id":"https:\/\/amb.hu\/hu\/kiallitok\/katalogus-2023\/#breadcrumb"},"inLanguage":"hu","potentialAction":[{"@type":"ReadAction","target":["https:\/\/amb.hu\/hu\/kiallitok\/katalogus-2023\/"]}]},{"@type":"BreadcrumbList","@id":"https:\/\/amb.hu\/hu\/kiallitok\/katalogus-2023\/#breadcrumb","itemListElement":[{"@type":"ListItem","position":1,"name":"Kezd\u0151lap","item":"https:\/\/amb.hu\/hu\/"},{"@type":"ListItem","position":2,"name":"Ki\u00e1ll\u00edt\u00f3k","item":"https:\/\/amb.hu\/hu\/exhibitor\/"},{"@type":"ListItem","position":3,"name":"Katal\u00f3gus 2023"}]},{"@type":"WebSite","@id":"https:\/\/amb.hu\/hu\/#website","url":"https:\/\/amb.hu\/hu\/","name":"Art Market Budapest","description":"International Contemporary Art Fair","publisher":{"@id":"https:\/\/amb.hu\/hu\/#organization"},"potentialAction":[{"@type":"SearchAction","target":{"@type":"EntryPoint","urlTemplate":"https:\/\/amb.hu\/hu\/?s={search_term_string}"},"query-input":{"@type":"PropertyValueSpecification","valueRequired":true,"valueName":"search_term_string"}}],"inLanguage":"hu"},{"@type":"Organization","@id":"https:\/\/amb.hu\/hu\/#organization","name":"Art Market Budapest","url":"https:\/\/amb.hu\/hu\/","logo":{"@type":"ImageObject","inLanguage":"hu","@id":"https:\/\/amb.hu\/hu\/#\/schema\/logo\/image\/","url":"https:\/\/amb.hu\/wp-content\/uploads\/2022\/08\/logo-art-market-budapest.svg","contentUrl":"https:\/\/amb.hu\/wp-content\/uploads\/2022\/08\/logo-art-market-budapest.svg","width":159,"height":63,"caption":"Art Market Budapest"},"image":{"@id":"https:\/\/amb.hu\/hu\/#\/schema\/logo\/image\/"},"sameAs":["https:\/\/www.facebook.com\/ArtMarketBudapest\/","https:\/\/www.instagram.com\/artmarketbudapest\/"]}]}},"_links":{"self":[{"href":"https:\/\/amb.hu\/hu\/wp-json\/wp\/v2\/pages\/4821","targetHints":{"allow":["GET"]}}],"collection":[{"href":"https:\/\/amb.hu\/hu\/wp-json\/wp\/v2\/pages"}],"about":[{"href":"https:\/\/amb.hu\/hu\/wp-json\/wp\/v2\/types\/page"}],"author":[{"embeddable":true,"href":"https:\/\/amb.hu\/hu\/wp-json\/wp\/v2\/users\/7"}],"replies":[{"embeddable":true,"href":"https:\/\/amb.hu\/hu\/wp-json\/wp\/v2\/comments?post=4821"}],"version-history":[{"count":0,"href":"https:\/\/amb.hu\/hu\/wp-json\/wp\/v2\/pages\/4821\/revisions"}],"up":[{"embeddable":true,"href":"https:\/\/amb.hu\/hu\/wp-json\/wp\/v2\/pages\/2652"}],"wp:attachment":[{"href":"https:\/\/amb.hu\/hu\/wp-json\/wp\/v2\/media?parent=4821"}],"curies":[{"name":"wp","href":"https:\/\/api.w.org\/{rel}","templated":true}]}}