{"id":5861,"date":"2025-01-29T13:14:18","date_gmt":"2025-01-29T12:14:18","guid":{"rendered":"https:\/\/amb.hu\/?page_id=5861"},"modified":"2026-01-12T15:06:17","modified_gmt":"2026-01-12T14:06:17","slug":"jelentkezes-2","status":"publish","type":"page","link":"https:\/\/amb.hu\/hu\/jelentkezes-2\/","title":{"rendered":"Jelentkez\u00e9s"},"content":{"rendered":"\t\t<div data-elementor-type=\"wp-page\" data-elementor-id=\"5861\" class=\"elementor elementor-5861\" data-elementor-post-type=\"page\">\n\t\t\t\t\t\t<section class=\"elementor-section elementor-top-section elementor-element elementor-element-e715e5b elementor-section-boxed elementor-section-height-default elementor-section-height-default\" data-id=\"e715e5b\" data-element_type=\"section\" data-e-type=\"section\">\n\t\t\t\t\t\t<div class=\"elementor-container elementor-column-gap-default\">\n\t\t\t\t\t<div class=\"elementor-column elementor-col-100 elementor-top-column elementor-element elementor-element-5785dc3\" data-id=\"5785dc3\" data-element_type=\"column\" data-e-type=\"column\">\n\t\t\t<div class=\"elementor-widget-wrap elementor-element-populated\">\n\t\t\t\t\t\t<div class=\"elementor-element elementor-element-5a86a78 elementor-widget elementor-widget-text-editor\" data-id=\"5a86a78\" data-element_type=\"widget\" data-e-type=\"widget\" data-widget_type=\"text-editor.default\">\n\t\t\t\t<div class=\"elementor-widget-container\">\n\t\t\t\t\t\t\t\t\t<p class=\"v1MsoNormal\"><b>K\u00d6SZ\u00d6NJ\u00dcK \u00c9RDEKL\u0150D\u00c9S\u00c9T, \u00d6R\u00d6MMEL V\u00c1RJUK JELENTKEZ\u00c9S\u00c9T AZ ART MARKET BUDAPEST 2026 KI\u00c1LL\u00cdT\u00d3JAK\u00c9NT.<\/b><\/p><p class=\"v1MsoNormal\"><b>\u00a0<\/b><\/p><p class=\"v1MsoNormal\"><b>Ki\u00e1ll\u00edt\u00f3i jelentkez\u00e9s\u00e9t\u00a0<\/b><a href=\"https:\/\/forms.gle\/pp7UHs6WbQUZbHeT8\"><b>ID<\/b><\/a><a href=\"https:\/\/forms.gle\/pp7UHs6WbQUZbHeT8\"><b>E KATTINTVA<\/b><\/a><b>\u00a0t\u00f6ltheti fel.<\/b><\/p><p class=\"v1MsoNormal\"><b>K\u00e9rj\u00fck, jelentkez\u00e9s\u00e9nek felt\u00f6lt\u00e9se el\u0151tt olvassa el <\/b><b>a <\/b><strong><a href=\"https:\/\/amb.hu\/wp-content\/uploads\/2026\/01\/AMB26_jelentkezes_informacio_feltetelek.pdf\">r\u00e9szv\u00e9teli felt\u00e9teleket \u00e9s tudnival\u00f3kat<\/a>.<\/strong><\/p><p class=\"v1MsoNormal\"><b>\u00a0<\/b><\/p><p class=\"v1MsoNormal\"><b>Ha a jelentkez\u00e9s kapcs\u00e1n b\u00e1rmilyen k\u00e9rd\u00e9se van, k\u00e9rj\u00fck, nyissa meg a\u00a0<\/b><a href=\"https:\/\/amb.hu\/wp-content\/uploads\/2026\/01\/EXHIBITORS-GUIDE-2026-1.pdf\"><b>Ki\u00e1ll\u00edt\u00f3i \u00fatmutat\u00f3t<\/b><\/a><b>, vagy vegye fel vel\u00fcnk a kapcsolatot.<\/b><\/p><p class=\"v1MsoNormal\"><b>A szem\u00e9lyes tal\u00e1lkoz\u00e1s rem\u00e9ny\u00e9ben \u00e9rdekl\u0151d\u00e9ssel v\u00e1rjuk jelentkez\u00e9s\u00e9t.<\/b><\/p>\t\t\t\t\t\t\t\t<\/div>\n\t\t\t\t<\/div>\n\t\t\t\t\t<\/div>\n\t\t<\/div>\n\t\t\t\t\t<\/div>\n\t\t<\/section>\n\t\t\t\t<\/div>\n\t\t","protected":false},"excerpt":{"rendered":"<p>K\u00d6SZ\u00d6NJ\u00dcK \u00c9RDEKL\u0150D\u00c9S\u00c9T, \u00d6R\u00d6MMEL V\u00c1RJUK JELENTKEZ\u00c9S\u00c9T AZ ART MARKET BUDAPEST 2026 KI\u00c1LL\u00cdT\u00d3JAK\u00c9NT. \u00a0 Ki\u00e1ll\u00edt\u00f3i jelentkez\u00e9s\u00e9t\u00a0IDE KATTINTVA\u00a0t\u00f6ltheti fel. K\u00e9rj\u00fck, jelentkez\u00e9s\u00e9nek felt\u00f6lt\u00e9se el\u0151tt olvassa el a r\u00e9szv\u00e9teli felt\u00e9teleket \u00e9s tudnival\u00f3kat. \u00a0 Ha a jelentkez\u00e9s kapcs\u00e1n b\u00e1rmilyen k\u00e9rd\u00e9se van, k\u00e9rj\u00fck, nyissa meg a\u00a0Ki\u00e1ll\u00edt\u00f3i \u00fatmutat\u00f3t, vagy vegye fel vel\u00fcnk a kapcsolatot. A szem\u00e9lyes tal\u00e1lkoz\u00e1s rem\u00e9ny\u00e9ben \u00e9rdekl\u0151d\u00e9ssel v\u00e1rjuk jelentkez\u00e9s\u00e9t.<\/p>\n","protected":false},"author":6,"featured_media":0,"parent":0,"menu_order":0,"comment_status":"closed","ping_status":"closed","template":"","meta":{"footnotes":""},"class_list":["post-5861","page","type-page","status-publish","hentry"],"yoast_head":"<!-- This site is optimized with the Yoast SEO plugin v27.3 - https:\/\/yoast.com\/product\/yoast-seo-wordpress\/ -->\n<title>Jelentkez\u00e9s - Art Market Budapest<\/title>\n<meta name=\"robots\" content=\"index, follow, max-snippet:-1, max-image-preview:large, max-video-preview:-1\" \/>\n<link rel=\"canonical\" href=\"https:\/\/amb.hu\/hu\/jelentkezes-2\/\" \/>\n<meta property=\"og:locale\" content=\"hu_HU\" \/>\n<meta property=\"og:type\" content=\"article\" \/>\n<meta property=\"og:title\" content=\"Jelentkez\u00e9s - Art Market Budapest\" \/>\n<meta property=\"og:description\" content=\"K\u00d6SZ\u00d6NJ\u00dcK \u00c9RDEKL\u0150D\u00c9S\u00c9T, \u00d6R\u00d6MMEL V\u00c1RJUK JELENTKEZ\u00c9S\u00c9T AZ ART MARKET BUDAPEST 2026 KI\u00c1LL\u00cdT\u00d3JAK\u00c9NT. \u00a0 Ki\u00e1ll\u00edt\u00f3i jelentkez\u00e9s\u00e9t\u00a0IDE KATTINTVA\u00a0t\u00f6ltheti fel. K\u00e9rj\u00fck, jelentkez\u00e9s\u00e9nek felt\u00f6lt\u00e9se el\u0151tt olvassa el a r\u00e9szv\u00e9teli felt\u00e9teleket \u00e9s tudnival\u00f3kat. \u00a0 Ha a jelentkez\u00e9s kapcs\u00e1n b\u00e1rmilyen k\u00e9rd\u00e9se van, k\u00e9rj\u00fck, nyissa meg a\u00a0Ki\u00e1ll\u00edt\u00f3i \u00fatmutat\u00f3t, vagy vegye fel vel\u00fcnk a kapcsolatot. A szem\u00e9lyes tal\u00e1lkoz\u00e1s rem\u00e9ny\u00e9ben \u00e9rdekl\u0151d\u00e9ssel v\u00e1rjuk jelentkez\u00e9s\u00e9t.\" \/>\n<meta property=\"og:url\" content=\"https:\/\/amb.hu\/hu\/jelentkezes-2\/\" \/>\n<meta property=\"og:site_name\" content=\"Art Market Budapest\" \/>\n<meta property=\"article:publisher\" content=\"https:\/\/www.facebook.com\/ArtMarketBudapest\/\" \/>\n<meta property=\"article:modified_time\" content=\"2026-01-12T14:06:17+00:00\" \/>\n<meta property=\"og:image\" content=\"https:\/\/amb.hu\/wp-content\/uploads\/2023\/01\/amb-facebook.png\" \/>\n\t<meta property=\"og:image:width\" content=\"1200\" \/>\n\t<meta property=\"og:image:height\" content=\"630\" \/>\n\t<meta property=\"og:image:type\" content=\"image\/png\" \/>\n<meta name=\"twitter:card\" content=\"summary_large_image\" \/>\n<meta name=\"twitter:label1\" content=\"Becs\u00fclt olvas\u00e1si id\u0151\" \/>\n\t<meta name=\"twitter:data1\" content=\"1 perc\" \/>\n<script type=\"application\/ld+json\" class=\"yoast-schema-graph\">{\"@context\":\"https:\\\/\\\/schema.org\",\"@graph\":[{\"@type\":\"WebPage\",\"@id\":\"https:\\\/\\\/amb.hu\\\/hu\\\/jelentkezes-2\\\/\",\"url\":\"https:\\\/\\\/amb.hu\\\/hu\\\/jelentkezes-2\\\/\",\"name\":\"Jelentkez\u00e9s - Art Market Budapest\",\"isPartOf\":{\"@id\":\"https:\\\/\\\/amb.hu\\\/hu\\\/#website\"},\"datePublished\":\"2025-01-29T12:14:18+00:00\",\"dateModified\":\"2026-01-12T14:06:17+00:00\",\"breadcrumb\":{\"@id\":\"https:\\\/\\\/amb.hu\\\/hu\\\/jelentkezes-2\\\/#breadcrumb\"},\"inLanguage\":\"hu\",\"potentialAction\":[{\"@type\":\"ReadAction\",\"target\":[\"https:\\\/\\\/amb.hu\\\/hu\\\/jelentkezes-2\\\/\"]}]},{\"@type\":\"BreadcrumbList\",\"@id\":\"https:\\\/\\\/amb.hu\\\/hu\\\/jelentkezes-2\\\/#breadcrumb\",\"itemListElement\":[{\"@type\":\"ListItem\",\"position\":1,\"name\":\"Kezd\u0151lap\",\"item\":\"https:\\\/\\\/amb.hu\\\/hu\\\/\"},{\"@type\":\"ListItem\",\"position\":2,\"name\":\"Jelentkez\u00e9s\"}]},{\"@type\":\"WebSite\",\"@id\":\"https:\\\/\\\/amb.hu\\\/hu\\\/#website\",\"url\":\"https:\\\/\\\/amb.hu\\\/hu\\\/\",\"name\":\"Art Market Budapest\",\"description\":\"International Contemporary Art Fair\",\"publisher\":{\"@id\":\"https:\\\/\\\/amb.hu\\\/hu\\\/#organization\"},\"potentialAction\":[{\"@type\":\"SearchAction\",\"target\":{\"@type\":\"EntryPoint\",\"urlTemplate\":\"https:\\\/\\\/amb.hu\\\/hu\\\/?s={search_term_string}\"},\"query-input\":{\"@type\":\"PropertyValueSpecification\",\"valueRequired\":true,\"valueName\":\"search_term_string\"}}],\"inLanguage\":\"hu\"},{\"@type\":\"Organization\",\"@id\":\"https:\\\/\\\/amb.hu\\\/hu\\\/#organization\",\"name\":\"Art Market Budapest\",\"url\":\"https:\\\/\\\/amb.hu\\\/hu\\\/\",\"logo\":{\"@type\":\"ImageObject\",\"inLanguage\":\"hu\",\"@id\":\"https:\\\/\\\/amb.hu\\\/hu\\\/#\\\/schema\\\/logo\\\/image\\\/\",\"url\":\"https:\\\/\\\/amb.hu\\\/wp-content\\\/uploads\\\/2022\\\/08\\\/logo-art-market-budapest.svg\",\"contentUrl\":\"https:\\\/\\\/amb.hu\\\/wp-content\\\/uploads\\\/2022\\\/08\\\/logo-art-market-budapest.svg\",\"width\":159,\"height\":63,\"caption\":\"Art Market Budapest\"},\"image\":{\"@id\":\"https:\\\/\\\/amb.hu\\\/hu\\\/#\\\/schema\\\/logo\\\/image\\\/\"},\"sameAs\":[\"https:\\\/\\\/www.facebook.com\\\/ArtMarketBudapest\\\/\",\"https:\\\/\\\/www.instagram.com\\\/artmarketbudapest\\\/\"]}]}<\/script>\n<!-- \/ Yoast SEO plugin. -->","yoast_head_json":{"title":"Jelentkez\u00e9s - Art Market Budapest","robots":{"index":"index","follow":"follow","max-snippet":"max-snippet:-1","max-image-preview":"max-image-preview:large","max-video-preview":"max-video-preview:-1"},"canonical":"https:\/\/amb.hu\/hu\/jelentkezes-2\/","og_locale":"hu_HU","og_type":"article","og_title":"Jelentkez\u00e9s - Art Market Budapest","og_description":"K\u00d6SZ\u00d6NJ\u00dcK \u00c9RDEKL\u0150D\u00c9S\u00c9T, \u00d6R\u00d6MMEL V\u00c1RJUK JELENTKEZ\u00c9S\u00c9T AZ ART MARKET BUDAPEST 2026 KI\u00c1LL\u00cdT\u00d3JAK\u00c9NT. \u00a0 Ki\u00e1ll\u00edt\u00f3i jelentkez\u00e9s\u00e9t\u00a0IDE KATTINTVA\u00a0t\u00f6ltheti fel. K\u00e9rj\u00fck, jelentkez\u00e9s\u00e9nek felt\u00f6lt\u00e9se el\u0151tt olvassa el a r\u00e9szv\u00e9teli felt\u00e9teleket \u00e9s tudnival\u00f3kat. \u00a0 Ha a jelentkez\u00e9s kapcs\u00e1n b\u00e1rmilyen k\u00e9rd\u00e9se van, k\u00e9rj\u00fck, nyissa meg a\u00a0Ki\u00e1ll\u00edt\u00f3i \u00fatmutat\u00f3t, vagy vegye fel vel\u00fcnk a kapcsolatot. A szem\u00e9lyes tal\u00e1lkoz\u00e1s rem\u00e9ny\u00e9ben \u00e9rdekl\u0151d\u00e9ssel v\u00e1rjuk jelentkez\u00e9s\u00e9t.","og_url":"https:\/\/amb.hu\/hu\/jelentkezes-2\/","og_site_name":"Art Market Budapest","article_publisher":"https:\/\/www.facebook.com\/ArtMarketBudapest\/","article_modified_time":"2026-01-12T14:06:17+00:00","og_image":[{"width":1200,"height":630,"url":"https:\/\/amb.hu\/wp-content\/uploads\/2023\/01\/amb-facebook.png","type":"image\/png"}],"twitter_card":"summary_large_image","twitter_misc":{"Becs\u00fclt olvas\u00e1si id\u0151":"1 perc"},"schema":{"@context":"https:\/\/schema.org","@graph":[{"@type":"WebPage","@id":"https:\/\/amb.hu\/hu\/jelentkezes-2\/","url":"https:\/\/amb.hu\/hu\/jelentkezes-2\/","name":"Jelentkez\u00e9s - Art Market Budapest","isPartOf":{"@id":"https:\/\/amb.hu\/hu\/#website"},"datePublished":"2025-01-29T12:14:18+00:00","dateModified":"2026-01-12T14:06:17+00:00","breadcrumb":{"@id":"https:\/\/amb.hu\/hu\/jelentkezes-2\/#breadcrumb"},"inLanguage":"hu","potentialAction":[{"@type":"ReadAction","target":["https:\/\/amb.hu\/hu\/jelentkezes-2\/"]}]},{"@type":"BreadcrumbList","@id":"https:\/\/amb.hu\/hu\/jelentkezes-2\/#breadcrumb","itemListElement":[{"@type":"ListItem","position":1,"name":"Kezd\u0151lap","item":"https:\/\/amb.hu\/hu\/"},{"@type":"ListItem","position":2,"name":"Jelentkez\u00e9s"}]},{"@type":"WebSite","@id":"https:\/\/amb.hu\/hu\/#website","url":"https:\/\/amb.hu\/hu\/","name":"Art Market Budapest","description":"International Contemporary Art Fair","publisher":{"@id":"https:\/\/amb.hu\/hu\/#organization"},"potentialAction":[{"@type":"SearchAction","target":{"@type":"EntryPoint","urlTemplate":"https:\/\/amb.hu\/hu\/?s={search_term_string}"},"query-input":{"@type":"PropertyValueSpecification","valueRequired":true,"valueName":"search_term_string"}}],"inLanguage":"hu"},{"@type":"Organization","@id":"https:\/\/amb.hu\/hu\/#organization","name":"Art Market Budapest","url":"https:\/\/amb.hu\/hu\/","logo":{"@type":"ImageObject","inLanguage":"hu","@id":"https:\/\/amb.hu\/hu\/#\/schema\/logo\/image\/","url":"https:\/\/amb.hu\/wp-content\/uploads\/2022\/08\/logo-art-market-budapest.svg","contentUrl":"https:\/\/amb.hu\/wp-content\/uploads\/2022\/08\/logo-art-market-budapest.svg","width":159,"height":63,"caption":"Art Market Budapest"},"image":{"@id":"https:\/\/amb.hu\/hu\/#\/schema\/logo\/image\/"},"sameAs":["https:\/\/www.facebook.com\/ArtMarketBudapest\/","https:\/\/www.instagram.com\/artmarketbudapest\/"]}]}},"_links":{"self":[{"href":"https:\/\/amb.hu\/hu\/wp-json\/wp\/v2\/pages\/5861","targetHints":{"allow":["GET"]}}],"collection":[{"href":"https:\/\/amb.hu\/hu\/wp-json\/wp\/v2\/pages"}],"about":[{"href":"https:\/\/amb.hu\/hu\/wp-json\/wp\/v2\/types\/page"}],"author":[{"embeddable":true,"href":"https:\/\/amb.hu\/hu\/wp-json\/wp\/v2\/users\/6"}],"replies":[{"embeddable":true,"href":"https:\/\/amb.hu\/hu\/wp-json\/wp\/v2\/comments?post=5861"}],"version-history":[{"count":0,"href":"https:\/\/amb.hu\/hu\/wp-json\/wp\/v2\/pages\/5861\/revisions"}],"wp:attachment":[{"href":"https:\/\/amb.hu\/hu\/wp-json\/wp\/v2\/media?parent=5861"}],"curies":[{"name":"wp","href":"https:\/\/api.w.org\/{rel}","templated":true}]}}