{"id":6666,"date":"2025-10-14T13:08:40","date_gmt":"2025-10-14T11:08:40","guid":{"rendered":"https:\/\/amb.hu\/?page_id=6666"},"modified":"2025-10-16T14:13:03","modified_gmt":"2025-10-16T12:13:03","slug":"programok-2025","status":"publish","type":"page","link":"https:\/\/amb.hu\/hu\/programok-2025\/","title":{"rendered":"Programok 2025"},"content":{"rendered":"\t\t<div data-elementor-type=\"wp-page\" data-elementor-id=\"6666\" class=\"elementor elementor-6666\" data-elementor-post-type=\"page\">\n\t\t\t\t\t\t<section class=\"elementor-section elementor-top-section elementor-element elementor-element-a27a906 elementor-section-boxed elementor-section-height-default elementor-section-height-default\" data-id=\"a27a906\" data-element_type=\"section\" data-e-type=\"section\">\n\t\t\t\t\t\t<div class=\"elementor-container elementor-column-gap-default\">\n\t\t\t\t\t<div class=\"elementor-column elementor-col-100 elementor-top-column elementor-element elementor-element-eecef0b\" data-id=\"eecef0b\" data-element_type=\"column\" data-e-type=\"column\">\n\t\t\t<div class=\"elementor-widget-wrap elementor-element-populated\">\n\t\t\t\t\t\t<div class=\"elementor-element elementor-element-e69e6f4 elementor-widget elementor-widget-text-editor\" data-id=\"e69e6f4\" data-element_type=\"widget\" data-e-type=\"widget\" data-widget_type=\"text-editor.default\">\n\t\t\t\t<div class=\"elementor-widget-container\">\n\t\t\t\t\t\t\t\t\t<p><span style=\"color: #d81e55;\"><strong>2025. OKT\u00d3BER 16., CS\u00dcT\u00d6RT\u00d6K<\/strong><\/span><\/p>\n<p>11.00 \u2013 19.00 ART MARKET BUDAPEST<br>Nemzetk\u00f6zi k\u00e9pz\u0151m\u0171v\u00e9szeti v\u00e1s\u00e1r<\/p>\n<p>11.00 \u2013 19.00 ART PHOTO BUDAPEST<br>Nemzetk\u00f6zi fot\u00f3m\u0171v\u00e9szeti v\u00e1s\u00e1r<\/p>\n<p>11.00 \u2013 19.00 SCULTURE<br>K\u00f6zt\u00e9ri szoborpark<\/p>\n<p>15.30 \u2013 18.30 k\u00f6z\u00f6tt \u00f3r\u00e1nk\u00e9nt<br>ART OF CIRCUS<br>ART+ cirkusz el\u0151ad\u00e1s, Nagycsarnok<\/p>\n<p>17.00 \u2013 18.00<br>SZURCSIK J\u00d3ZSEF \u00c9S ISKI KOCSIS TIBOR T\u00c1RLATVEZET\u00c9SE A RASZTER \u2013 A MAGYAR M\u0170V\u00c9SZETI AKAD\u00c9MIA K\u00c9PZ\u0150- \u00c9S IPARM\u0170V\u00c9SZEINEK KI\u00c1LL\u00cdT\u00c1S\u00c1N<br>ART+ t\u00e1rlatvezet\u00e9s, PR303 stand<\/p>\n<p><\/p>\n<p><span style=\"color: #d81e55;\"><strong>2025. OKT\u00d3BER 17., P\u00c9NTEK<\/strong><\/span><\/p>\n<p>11.00 \u2013 21.00 ART MARKET BUDAPEST<br>Nemzetk\u00f6zi k\u00e9pz\u0151m\u0171v\u00e9szeti v\u00e1s\u00e1r<\/p>\n<p>11.00 \u2013 21.00 ART PHOTO BUDAPEST<br>Nemzetk\u00f6zi fot\u00f3m\u0171v\u00e9szeti v\u00e1s\u00e1r<\/p>\n<p>11.00 \u2013 21.00 SCULTURE<br>K\u00f6zt\u00e9ri szoborpark<\/p>\n<p>15.30 \u2013 20.30 k\u00f6z\u00f6tt \u00f3r\u00e1nk\u00e9nt<br>ART OF CIRCUS<br>ART+ cirkusz el\u0151ad\u00e1s, Nagycsarnok<\/p>\n<p>16.00 \u2013 16.30<br>SIFLIS ANDR\u00c1S FEST\u0150M\u0170V\u00c9SZ \u2018PERPETUAL OUTSIDER\u2019 C\u00cdM\u0170 K\u00d6NYV\u00c9NEK BEMUTAT\u00d3JA<br>ART+ k\u00f6nyvbemutat\u00f3, G403 stand<\/p>\n<p>16.30 &#8211; 17.00<br><span style=\"font-family: &quot;Times New Roman&quot;, serif; font-size: 16px;\">The&nbsp;<\/span><span style=\"font-family: &quot;Times New Roman&quot;, serif; font-size: 16px;\">Electro<\/span><span style=\"font-family: &quot;Times New Roman&quot;, serif; font-size: 16px;\">&nbsp;Art Guide prezent\u00e1ci\u00f3<br>G502 stand<\/span><\/p>\n<p>17.00 \u2013 18.00<br>CSEPELYI ADRIENN T\u00c1RLATVEZET\u00c9SE<br>ART+ t\u00e1rlatvezet\u00e9s, Meeting Point (el\u0151t\u00e9r)<br>A r\u00e9szv\u00e9tel regisztr\u00e1ci\u00f3hoz k\u00f6t\u00f6tt: info@amb.hu<\/p>\n<p>17.00 \u2013 18.00<br>CSAL\u00c1DI T\u00c1RLATVEZET\u00c9S (6\u201312 \u00c9VES KOR\u00da GYERMEKEKNEK)<br>ART+ m\u0171v\u00e9szetpedag\u00f3gia t\u00e1rlatvezet\u00e9s, Meeting Point (el\u0151t\u00e9r)<\/p>\n<p>18.30 \u2013 19.00<br>\u00c1CS DOMINIKA FUVOLA EL\u0150AD\u00c1SA<br>ART+ zene, G205 stand<\/p>\n<p>19.00 \u2013 19.30<br>KARAV\u00c1N FAM\u00cdLIA EL\u0150AD\u00c1SA<br>ART+ zene, Nagycsarnok<\/p>\n<p><\/p>\n<p><span style=\"color: #d81e55;\"><strong>2025. OKT\u00d3BER 18., SZOMBAT<\/strong><\/span><\/p>\n<p>11.00 \u2013 19.00 ART MARKET BUDAPEST<br>Nemzetk\u00f6zi k\u00e9pz\u0151m\u0171v\u00e9szeti v\u00e1s\u00e1r<\/p>\n<p>11.00 \u2013 19.00 ART PHOTO BUDAPEST<br>Nemzetk\u00f6zi fot\u00f3m\u0171v\u00e9szeti v\u00e1s\u00e1r<\/p>\n<p>11.00 \u2013 19.00 SCULTURE<br>K\u00f6zt\u00e9ri szoborpark<\/p>\n<p>11.00 \u2013 12.00<br>SZURCSIK J\u00d3ZSEF \u00c9S ISKI KOCSIS TIBOR T\u00c1RLATVEZET\u00c9S A RASZTER \u2013 A MAGYAR M\u0170V\u00c9SZETI AKAD\u00c9MIA K\u00c9PZ\u0150- \u00c9S IPARM\u0170V\u00c9SZEINEK KI\u00c1LL\u00cdT\u00c1S\u00c1N<br>ART+ t\u00e1rlatvezet\u00e9s, PR303 stand<\/p>\n<p>11.00 \u2013 12.00<br>CSAL\u00c1DI T\u00c1RLATVEZET\u00c9S (6\u201312 \u00c9VES KOR\u00da GYERMEKEKNEK)<br>ART+ m\u0171v\u00e9szetpedag\u00f3gia t\u00e1rlatvezet\u00e9s, Meeting Point (el\u0151t\u00e9r)<\/p>\n<p>12.00 \u2013 18.00 k\u00f6z\u00f6tt \u00f3r\u00e1nk\u00e9nt<br>ART OF CIRCUS<br>ART+ cirkusz el\u0151ad\u00e1s, Nagycsarnok<\/p>\n<p>15.00 \u2013 15.30<br>SZAB\u00d3 K\u00c1ROLY: AUTENTIKUS MISM\u00c1SOL\u00c1S \u2013 KORT\u00c1RS K\u00c9PZ\u0150M\u0170V\u00c9SZETI PERFORMANSZ<br>ART+ performansz, G505 stand<\/p>\n<p>16.00 \u2013 16.30<br>KUR\u00c1TORI KIR\u00c1NDUL\u00c1S UKR\u00c1N FIATAL, FELT\u00d6REKV\u0150 M\u0170V\u00c9SZEKKEL \u00c9S A \u201eKONCEPTU\u00c1LIS FOTOGR\u00c1FIA\u201d C\u00cdM\u0170 K\u00d6NYV BEMUTAT\u00d3JA<br>ART+ k\u00f6nyvbemutat\u00f3, AP201 stand<\/p>\n<p>17.00 \u2013 18.00<br>BECK ZOLT\u00c1N, EGYETEMI OKTAT\u00d3, DALSZERZ\u0150, \u00cdR\u00d3 T\u00c1RLATVEZET\u00c9SE \u00c9S P\u00d3DIUMBESZ\u00c9LGET\u00c9S A KI\u00c1LL\u00cdT\u00d3 M\u0170V\u00c9SZEKKEL<br>ART+ t\u00e1rlatvezet\u00e9s \u00e9s p\u00f3diumbesz\u00e9lget\u00e9s, G205 stand<\/p>\n<p><\/p>\n<p><span style=\"color: #d81e55;\"><strong>2025. OKT\u00d3BER 19., VAS\u00c1RNAP<\/strong><\/span><\/p>\n<p>11.00 \u2013 19.00 ART MARKET BUDAPEST<br>Nemzetk\u00f6zi k\u00e9pz\u0151m\u0171v\u00e9szeti v\u00e1s\u00e1r<\/p>\n<p>11.00 \u2013 19.00 ART PHOTO BUDAPEST<br>Nemzetk\u00f6zi fot\u00f3m\u0171v\u00e9szeti v\u00e1s\u00e1r<\/p>\n<p>11.00 \u2013 19.00 SCULTURE<br>K\u00f6zt\u00e9ri szoborpark<\/p>\n<p>11.00 \u2013 12.00<br>CSAL\u00c1DI T\u00c1RLATVEZET\u00c9S (6\u201312 \u00c9VES KOR\u00da GYERMEKEKNEK)<br>ART+ m\u0171v\u00e9szetpedag\u00f3gia t\u00e1rlatvezet\u00e9s, Meeting Point (el\u0151t\u00e9r)<\/p>\n<p>12.00 \u2013 17.00 k\u00f6z\u00f6tt \u00f3r\u00e1nk\u00e9nt<br>ART OF CIRCUS<br>ART+ cirkusz el\u0151ad\u00e1s, Nagycsarnok<\/p>\n<p>16.00 \u2013 17.00<br>BARANYAI ZOLT\u00c1N \u00c9S ZENEKARA<br>CONCERT OF ZOLT\u00c1N BARANYAI AND BAND<br>ART+ zene, G205 stand<\/p>\t\t\t\t\t\t\t\t<\/div>\n\t\t\t\t<\/div>\n\t\t\t\t\t<\/div>\n\t\t<\/div>\n\t\t\t\t\t<\/div>\n\t\t<\/section>\n\t\t\t\t<\/div>\n\t\t","protected":false},"excerpt":{"rendered":"<p>2025. OKT\u00d3BER 16., CS\u00dcT\u00d6RT\u00d6K 11.00 \u2013 19.00 ART MARKET BUDAPESTNemzetk\u00f6zi k\u00e9pz\u0151m\u0171v\u00e9szeti v\u00e1s\u00e1r 11.00 \u2013 19.00 ART PHOTO BUDAPESTNemzetk\u00f6zi fot\u00f3m\u0171v\u00e9szeti v\u00e1s\u00e1r 11.00 \u2013 19.00 SCULTUREK\u00f6zt\u00e9ri szoborpark 15.30 \u2013 18.30 k\u00f6z\u00f6tt \u00f3r\u00e1nk\u00e9ntART OF CIRCUSART+ cirkusz el\u0151ad\u00e1s, Nagycsarnok 17.00 \u2013 18.00SZURCSIK J\u00d3ZSEF \u00c9S ISKI KOCSIS TIBOR T\u00c1RLATVEZET\u00c9SE A RASZTER \u2013 A MAGYAR M\u0170V\u00c9SZETI AKAD\u00c9MIA K\u00c9PZ\u0150- \u00c9S IPARM\u0170V\u00c9SZEINEK KI\u00c1LL\u00cdT\u00c1S\u00c1NART+ [&hellip;]<\/p>\n","protected":false},"author":1,"featured_media":0,"parent":0,"menu_order":0,"comment_status":"closed","ping_status":"closed","template":"","meta":{"footnotes":""},"class_list":["post-6666","page","type-page","status-publish","hentry"],"yoast_head":"<!-- This site is optimized with the Yoast SEO plugin v27.2 - https:\/\/yoast.com\/product\/yoast-seo-wordpress\/ -->\n<title>Programok 2025 - Art Market Budapest<\/title>\n<meta name=\"robots\" content=\"index, follow, max-snippet:-1, max-image-preview:large, max-video-preview:-1\" \/>\n<link rel=\"canonical\" href=\"https:\/\/amb.hu\/hu\/programok-2025\/\" \/>\n<meta property=\"og:locale\" content=\"hu_HU\" \/>\n<meta property=\"og:type\" content=\"article\" \/>\n<meta property=\"og:title\" content=\"Programok 2025 - Art Market Budapest\" \/>\n<meta property=\"og:description\" content=\"2025. OKT\u00d3BER 16., CS\u00dcT\u00d6RT\u00d6K 11.00 \u2013 19.00 ART MARKET BUDAPESTNemzetk\u00f6zi k\u00e9pz\u0151m\u0171v\u00e9szeti v\u00e1s\u00e1r 11.00 \u2013 19.00 ART PHOTO BUDAPESTNemzetk\u00f6zi fot\u00f3m\u0171v\u00e9szeti v\u00e1s\u00e1r 11.00 \u2013 19.00 SCULTUREK\u00f6zt\u00e9ri szoborpark 15.30 \u2013 18.30 k\u00f6z\u00f6tt \u00f3r\u00e1nk\u00e9ntART OF CIRCUSART+ cirkusz el\u0151ad\u00e1s, Nagycsarnok 17.00 \u2013 18.00SZURCSIK J\u00d3ZSEF \u00c9S ISKI KOCSIS TIBOR T\u00c1RLATVEZET\u00c9SE A RASZTER \u2013 A MAGYAR M\u0170V\u00c9SZETI AKAD\u00c9MIA K\u00c9PZ\u0150- \u00c9S IPARM\u0170V\u00c9SZEINEK KI\u00c1LL\u00cdT\u00c1S\u00c1NART+ [&hellip;]\" \/>\n<meta property=\"og:url\" content=\"https:\/\/amb.hu\/hu\/programok-2025\/\" \/>\n<meta property=\"og:site_name\" content=\"Art Market Budapest\" \/>\n<meta property=\"article:publisher\" content=\"https:\/\/www.facebook.com\/ArtMarketBudapest\/\" \/>\n<meta property=\"article:modified_time\" content=\"2025-10-16T12:13:03+00:00\" \/>\n<meta property=\"og:image\" content=\"https:\/\/amb.hu\/wp-content\/uploads\/2023\/01\/amb-facebook.png\" \/>\n\t<meta property=\"og:image:width\" content=\"1200\" \/>\n\t<meta property=\"og:image:height\" content=\"630\" \/>\n\t<meta property=\"og:image:type\" content=\"image\/png\" \/>\n<meta name=\"twitter:card\" content=\"summary_large_image\" \/>\n<meta name=\"twitter:label1\" content=\"Becs\u00fclt olvas\u00e1si id\u0151\" \/>\n\t<meta name=\"twitter:data1\" content=\"2 perc\" \/>\n<script type=\"application\/ld+json\" class=\"yoast-schema-graph\">{\"@context\":\"https:\/\/schema.org\",\"@graph\":[{\"@type\":\"WebPage\",\"@id\":\"https:\/\/amb.hu\/hu\/programok-2025\/\",\"url\":\"https:\/\/amb.hu\/hu\/programok-2025\/\",\"name\":\"Programok 2025 - Art Market Budapest\",\"isPartOf\":{\"@id\":\"https:\/\/amb.hu\/hu\/#website\"},\"datePublished\":\"2025-10-14T11:08:40+00:00\",\"dateModified\":\"2025-10-16T12:13:03+00:00\",\"breadcrumb\":{\"@id\":\"https:\/\/amb.hu\/hu\/programok-2025\/#breadcrumb\"},\"inLanguage\":\"hu\",\"potentialAction\":[{\"@type\":\"ReadAction\",\"target\":[\"https:\/\/amb.hu\/hu\/programok-2025\/\"]}]},{\"@type\":\"BreadcrumbList\",\"@id\":\"https:\/\/amb.hu\/hu\/programok-2025\/#breadcrumb\",\"itemListElement\":[{\"@type\":\"ListItem\",\"position\":1,\"name\":\"Kezd\u0151lap\",\"item\":\"https:\/\/amb.hu\/hu\/\"},{\"@type\":\"ListItem\",\"position\":2,\"name\":\"Programok 2025\"}]},{\"@type\":\"WebSite\",\"@id\":\"https:\/\/amb.hu\/hu\/#website\",\"url\":\"https:\/\/amb.hu\/hu\/\",\"name\":\"Art Market Budapest\",\"description\":\"International Contemporary Art Fair\",\"publisher\":{\"@id\":\"https:\/\/amb.hu\/hu\/#organization\"},\"potentialAction\":[{\"@type\":\"SearchAction\",\"target\":{\"@type\":\"EntryPoint\",\"urlTemplate\":\"https:\/\/amb.hu\/hu\/?s={search_term_string}\"},\"query-input\":{\"@type\":\"PropertyValueSpecification\",\"valueRequired\":true,\"valueName\":\"search_term_string\"}}],\"inLanguage\":\"hu\"},{\"@type\":\"Organization\",\"@id\":\"https:\/\/amb.hu\/hu\/#organization\",\"name\":\"Art Market Budapest\",\"url\":\"https:\/\/amb.hu\/hu\/\",\"logo\":{\"@type\":\"ImageObject\",\"inLanguage\":\"hu\",\"@id\":\"https:\/\/amb.hu\/hu\/#\/schema\/logo\/image\/\",\"url\":\"https:\/\/amb.hu\/wp-content\/uploads\/2022\/08\/logo-art-market-budapest.svg\",\"contentUrl\":\"https:\/\/amb.hu\/wp-content\/uploads\/2022\/08\/logo-art-market-budapest.svg\",\"width\":159,\"height\":63,\"caption\":\"Art Market Budapest\"},\"image\":{\"@id\":\"https:\/\/amb.hu\/hu\/#\/schema\/logo\/image\/\"},\"sameAs\":[\"https:\/\/www.facebook.com\/ArtMarketBudapest\/\",\"https:\/\/www.instagram.com\/artmarketbudapest\/\"]}]}<\/script>\n<!-- \/ Yoast SEO plugin. -->","yoast_head_json":{"title":"Programok 2025 - Art Market Budapest","robots":{"index":"index","follow":"follow","max-snippet":"max-snippet:-1","max-image-preview":"max-image-preview:large","max-video-preview":"max-video-preview:-1"},"canonical":"https:\/\/amb.hu\/hu\/programok-2025\/","og_locale":"hu_HU","og_type":"article","og_title":"Programok 2025 - Art Market Budapest","og_description":"2025. OKT\u00d3BER 16., CS\u00dcT\u00d6RT\u00d6K 11.00 \u2013 19.00 ART MARKET BUDAPESTNemzetk\u00f6zi k\u00e9pz\u0151m\u0171v\u00e9szeti v\u00e1s\u00e1r 11.00 \u2013 19.00 ART PHOTO BUDAPESTNemzetk\u00f6zi fot\u00f3m\u0171v\u00e9szeti v\u00e1s\u00e1r 11.00 \u2013 19.00 SCULTUREK\u00f6zt\u00e9ri szoborpark 15.30 \u2013 18.30 k\u00f6z\u00f6tt \u00f3r\u00e1nk\u00e9ntART OF CIRCUSART+ cirkusz el\u0151ad\u00e1s, Nagycsarnok 17.00 \u2013 18.00SZURCSIK J\u00d3ZSEF \u00c9S ISKI KOCSIS TIBOR T\u00c1RLATVEZET\u00c9SE A RASZTER \u2013 A MAGYAR M\u0170V\u00c9SZETI AKAD\u00c9MIA K\u00c9PZ\u0150- \u00c9S IPARM\u0170V\u00c9SZEINEK KI\u00c1LL\u00cdT\u00c1S\u00c1NART+ [&hellip;]","og_url":"https:\/\/amb.hu\/hu\/programok-2025\/","og_site_name":"Art Market Budapest","article_publisher":"https:\/\/www.facebook.com\/ArtMarketBudapest\/","article_modified_time":"2025-10-16T12:13:03+00:00","og_image":[{"width":1200,"height":630,"url":"https:\/\/amb.hu\/wp-content\/uploads\/2023\/01\/amb-facebook.png","type":"image\/png"}],"twitter_card":"summary_large_image","twitter_misc":{"Becs\u00fclt olvas\u00e1si id\u0151":"2 perc"},"schema":{"@context":"https:\/\/schema.org","@graph":[{"@type":"WebPage","@id":"https:\/\/amb.hu\/hu\/programok-2025\/","url":"https:\/\/amb.hu\/hu\/programok-2025\/","name":"Programok 2025 - Art Market Budapest","isPartOf":{"@id":"https:\/\/amb.hu\/hu\/#website"},"datePublished":"2025-10-14T11:08:40+00:00","dateModified":"2025-10-16T12:13:03+00:00","breadcrumb":{"@id":"https:\/\/amb.hu\/hu\/programok-2025\/#breadcrumb"},"inLanguage":"hu","potentialAction":[{"@type":"ReadAction","target":["https:\/\/amb.hu\/hu\/programok-2025\/"]}]},{"@type":"BreadcrumbList","@id":"https:\/\/amb.hu\/hu\/programok-2025\/#breadcrumb","itemListElement":[{"@type":"ListItem","position":1,"name":"Kezd\u0151lap","item":"https:\/\/amb.hu\/hu\/"},{"@type":"ListItem","position":2,"name":"Programok 2025"}]},{"@type":"WebSite","@id":"https:\/\/amb.hu\/hu\/#website","url":"https:\/\/amb.hu\/hu\/","name":"Art Market Budapest","description":"International Contemporary Art Fair","publisher":{"@id":"https:\/\/amb.hu\/hu\/#organization"},"potentialAction":[{"@type":"SearchAction","target":{"@type":"EntryPoint","urlTemplate":"https:\/\/amb.hu\/hu\/?s={search_term_string}"},"query-input":{"@type":"PropertyValueSpecification","valueRequired":true,"valueName":"search_term_string"}}],"inLanguage":"hu"},{"@type":"Organization","@id":"https:\/\/amb.hu\/hu\/#organization","name":"Art Market Budapest","url":"https:\/\/amb.hu\/hu\/","logo":{"@type":"ImageObject","inLanguage":"hu","@id":"https:\/\/amb.hu\/hu\/#\/schema\/logo\/image\/","url":"https:\/\/amb.hu\/wp-content\/uploads\/2022\/08\/logo-art-market-budapest.svg","contentUrl":"https:\/\/amb.hu\/wp-content\/uploads\/2022\/08\/logo-art-market-budapest.svg","width":159,"height":63,"caption":"Art Market Budapest"},"image":{"@id":"https:\/\/amb.hu\/hu\/#\/schema\/logo\/image\/"},"sameAs":["https:\/\/www.facebook.com\/ArtMarketBudapest\/","https:\/\/www.instagram.com\/artmarketbudapest\/"]}]}},"_links":{"self":[{"href":"https:\/\/amb.hu\/hu\/wp-json\/wp\/v2\/pages\/6666","targetHints":{"allow":["GET"]}}],"collection":[{"href":"https:\/\/amb.hu\/hu\/wp-json\/wp\/v2\/pages"}],"about":[{"href":"https:\/\/amb.hu\/hu\/wp-json\/wp\/v2\/types\/page"}],"author":[{"embeddable":true,"href":"https:\/\/amb.hu\/hu\/wp-json\/wp\/v2\/users\/1"}],"replies":[{"embeddable":true,"href":"https:\/\/amb.hu\/hu\/wp-json\/wp\/v2\/comments?post=6666"}],"version-history":[{"count":0,"href":"https:\/\/amb.hu\/hu\/wp-json\/wp\/v2\/pages\/6666\/revisions"}],"wp:attachment":[{"href":"https:\/\/amb.hu\/hu\/wp-json\/wp\/v2\/media?parent=6666"}],"curies":[{"name":"wp","href":"https:\/\/api.w.org\/{rel}","templated":true}]}}