{"id":7261,"date":"2026-04-18T15:18:59","date_gmt":"2026-04-18T13:18:59","guid":{"rendered":"https:\/\/amb.hu\/?page_id=7261"},"modified":"2026-04-18T15:33:49","modified_gmt":"2026-04-18T13:33:49","slug":"vasar-menedzsment","status":"publish","type":"page","link":"https:\/\/amb.hu\/hu\/vasar-menedzsment\/","title":{"rendered":"V\u00e1s\u00e1r Menedzsment"},"content":{"rendered":"\t\t<div data-elementor-type=\"wp-page\" data-elementor-id=\"7261\" class=\"elementor elementor-7261\" data-elementor-post-type=\"page\">\n\t\t\t\t\t\t<section class=\"elementor-section elementor-top-section elementor-element elementor-element-86890f7 elementor-section-boxed elementor-section-height-default elementor-section-height-default\" data-id=\"86890f7\" data-element_type=\"section\" data-e-type=\"section\">\n\t\t\t\t\t\t<div class=\"elementor-container elementor-column-gap-default\">\n\t\t\t\t\t<div class=\"elementor-column elementor-col-100 elementor-top-column elementor-element elementor-element-334d905\" data-id=\"334d905\" data-element_type=\"column\" data-e-type=\"column\">\n\t\t\t<div class=\"elementor-widget-wrap elementor-element-populated\">\n\t\t\t\t\t\t<div class=\"elementor-element elementor-element-c5c4139 elementor-widget elementor-widget-text-editor\" data-id=\"c5c4139\" data-element_type=\"widget\" data-e-type=\"widget\" data-widget_type=\"text-editor.default\">\n\t\t\t\t<div class=\"elementor-widget-container\">\n\t\t\t\t\t\t\t\t\t<p><span style=\"font-weight: bolder;\">V\u00c1S\u00c1R MENEDZSMENT<\/span><\/p><p><span style=\"font-weight: bolder;\">LED\u00c9NYI Attila<\/span><br>v\u00e1s\u00e1r igazgat\u00f3<\/p><p><span style=\"font-weight: bolder;\">BAR\u00c1NKA Eszter<\/span><br>\u00e1ltal\u00e1nos vezet\u0151<\/p><p><span style=\"font-weight: bolder;\">KOV\u00c1CS \u00c9va<\/span><br>operat\u00edv vezet\u0151<\/p><p><span style=\"font-weight: bolder;\">CSERP\u00c1K Martin<br><\/span>ki\u00e1ll\u00edt\u00e1si vezet\u0151<\/p><p><span style=\"font-weight: bolder;\">Dr. BARSI Zsuzsanna<\/span><br>partners\u00e9g \u00e9s nemzetk\u00f6zi programok vezet\u0151<\/p><p>SZERVEZ\u0150<br><span style=\"font-weight: bolder;\">ART TODAY Kft.<\/span><\/p><p>PROGRAMOK<\/p><p>sCulture:&nbsp;<span style=\"font-weight: bolder;\">MAKL\u00c1RY Lilla<br><\/span>Art Photo Budapest<span style=\"font-weight: bolder;\">:&nbsp;Dejan SLUGA, Photon<\/span><\/p><p>Heged\u0171 u. 9.<br>1061 Budapest<br>+36 1 239 0007<br><a href=\"mailto:info@amb.hu\" target=\"_blank\" style=\"color: rgb(216, 30, 85);\">info@amb.hu<br><\/a><a href=\"http:\/\/www.amb.hu\/\" target=\"_blank\" data-saferedirecturl=\"https:\/\/www.google.com\/url?q=http:\/\/www.amb.hu\/&amp;source=gmail&amp;ust=1776604387650000&amp;usg=AOvVaw3L5CEgY_d6ZeiFJiofVEY2\" style=\"color: rgb(216, 30, 85);\">www.amb.hu<br><\/a><a href=\"http:\/\/www.facebook.com\/ArtMarketBudapest\" target=\"_blank\" data-saferedirecturl=\"https:\/\/www.google.com\/url?q=http:\/\/www.facebook.com\/ArtMarketBudapest&amp;source=gmail&amp;ust=1776604387650000&amp;usg=AOvVaw34RM_xe5E885pjMXHDp3_W\" style=\"color: rgb(216, 30, 85);\">www.facebook.com\/<wbr>ArtMarketBudapest<\/a><br><a href=\"https:\/\/www.youtube.com\/channel\/UCnQPOaCDPK7z-_6s-uv7xHQ\" target=\"_blank\" data-saferedirecturl=\"https:\/\/www.google.com\/url?q=https:\/\/www.youtube.com\/channel\/UCnQPOaCDPK7z-_6s-uv7xHQ&amp;source=gmail&amp;ust=1776604387650000&amp;usg=AOvVaw0L-YpwKUBWfFztfKV3qRlQ\" style=\"color: rgb(216, 30, 85);\">https:\/\/www.youtube.com\/<wbr>channel\/UCnQPOaCDPK7z-_6s-<wbr>uv7xHQ<\/a><br><a href=\"https:\/\/www.instagram.com\/ArtMarketBudapest\/\" target=\"_blank\" data-saferedirecturl=\"https:\/\/www.google.com\/url?q=https:\/\/www.instagram.com\/ArtMarketBudapest\/&amp;source=gmail&amp;ust=1776604387650000&amp;usg=AOvVaw04bPd08OhwGknAQ9Evt5LC\" style=\"color: rgb(216, 30, 85);\">https:\/\/www.instagram.com\/<wbr>ArtMarketBudapest\/<\/a><\/p>\t\t\t\t\t\t\t\t<\/div>\n\t\t\t\t<\/div>\n\t\t\t\t\t<\/div>\n\t\t<\/div>\n\t\t\t\t\t<\/div>\n\t\t<\/section>\n\t\t\t\t<\/div>\n\t\t","protected":false},"excerpt":{"rendered":"<p>V\u00c1S\u00c1R MENEDZSMENT LED\u00c9NYI Attilav\u00e1s\u00e1r igazgat\u00f3 BAR\u00c1NKA Eszter\u00e1ltal\u00e1nos vezet\u0151 KOV\u00c1CS \u00c9vaoperat\u00edv vezet\u0151 CSERP\u00c1K Martinki\u00e1ll\u00edt\u00e1si vezet\u0151 Dr. BARSI Zsuzsannapartners\u00e9g \u00e9s nemzetk\u00f6zi programok vezet\u0151 SZERVEZ\u0150ART TODAY Kft. PROGRAMOK sCulture:&nbsp;MAKL\u00c1RY LillaArt Photo Budapest:&nbsp;Dejan SLUGA, Photon Heged\u0171 u. 9.1061 Budapest+36 1 239 0007info@amb.huwww.amb.huwww.facebook.com\/ArtMarketBudapesthttps:\/\/www.youtube.com\/channel\/UCnQPOaCDPK7z-_6s-uv7xHQhttps:\/\/www.instagram.com\/ArtMarketBudapest\/<\/p>\n","protected":false},"author":6,"featured_media":0,"parent":0,"menu_order":0,"comment_status":"closed","ping_status":"closed","template":"","meta":{"footnotes":""},"class_list":["post-7261","page","type-page","status-publish","hentry"],"yoast_head":"<!-- This site is optimized with the Yoast SEO plugin v27.3 - https:\/\/yoast.com\/product\/yoast-seo-wordpress\/ -->\n<title>V\u00e1s\u00e1r Menedzsment - Art Market Budapest<\/title>\n<meta name=\"robots\" content=\"index, follow, max-snippet:-1, max-image-preview:large, max-video-preview:-1\" \/>\n<link rel=\"canonical\" href=\"https:\/\/amb.hu\/hu\/vasar-menedzsment\/\" \/>\n<meta property=\"og:locale\" content=\"hu_HU\" \/>\n<meta property=\"og:type\" content=\"article\" \/>\n<meta property=\"og:title\" content=\"V\u00e1s\u00e1r Menedzsment - Art Market Budapest\" \/>\n<meta property=\"og:description\" content=\"V\u00c1S\u00c1R MENEDZSMENT LED\u00c9NYI Attilav\u00e1s\u00e1r igazgat\u00f3 BAR\u00c1NKA Eszter\u00e1ltal\u00e1nos vezet\u0151 KOV\u00c1CS \u00c9vaoperat\u00edv vezet\u0151 CSERP\u00c1K Martinki\u00e1ll\u00edt\u00e1si vezet\u0151 Dr. BARSI Zsuzsannapartners\u00e9g \u00e9s nemzetk\u00f6zi programok vezet\u0151 SZERVEZ\u0150ART TODAY Kft. PROGRAMOK sCulture:&nbsp;MAKL\u00c1RY LillaArt Photo Budapest:&nbsp;Dejan SLUGA, Photon Heged\u0171 u. 9.1061 Budapest+36 1 239 0007info@amb.huwww.amb.huwww.facebook.com\/ArtMarketBudapesthttps:\/\/www.youtube.com\/channel\/UCnQPOaCDPK7z-_6s-uv7xHQhttps:\/\/www.instagram.com\/ArtMarketBudapest\/\" \/>\n<meta property=\"og:url\" content=\"https:\/\/amb.hu\/hu\/vasar-menedzsment\/\" \/>\n<meta property=\"og:site_name\" content=\"Art Market Budapest\" \/>\n<meta property=\"article:publisher\" content=\"https:\/\/www.facebook.com\/ArtMarketBudapest\/\" \/>\n<meta property=\"article:modified_time\" content=\"2026-04-18T13:33:49+00:00\" \/>\n<meta property=\"og:image\" content=\"https:\/\/amb.hu\/wp-content\/uploads\/2023\/01\/amb-facebook.png\" \/>\n\t<meta property=\"og:image:width\" content=\"1200\" \/>\n\t<meta property=\"og:image:height\" content=\"630\" \/>\n\t<meta property=\"og:image:type\" content=\"image\/png\" \/>\n<meta name=\"twitter:card\" content=\"summary_large_image\" \/>\n<meta name=\"twitter:label1\" content=\"Becs\u00fclt olvas\u00e1si id\u0151\" \/>\n\t<meta name=\"twitter:data1\" content=\"1 perc\" \/>\n<script type=\"application\/ld+json\" class=\"yoast-schema-graph\">{\"@context\":\"https:\\\/\\\/schema.org\",\"@graph\":[{\"@type\":\"WebPage\",\"@id\":\"https:\\\/\\\/amb.hu\\\/hu\\\/vasar-menedzsment\\\/\",\"url\":\"https:\\\/\\\/amb.hu\\\/hu\\\/vasar-menedzsment\\\/\",\"name\":\"V\u00e1s\u00e1r Menedzsment - Art Market Budapest\",\"isPartOf\":{\"@id\":\"https:\\\/\\\/amb.hu\\\/hu\\\/#website\"},\"datePublished\":\"2026-04-18T13:18:59+00:00\",\"dateModified\":\"2026-04-18T13:33:49+00:00\",\"breadcrumb\":{\"@id\":\"https:\\\/\\\/amb.hu\\\/hu\\\/vasar-menedzsment\\\/#breadcrumb\"},\"inLanguage\":\"hu\",\"potentialAction\":[{\"@type\":\"ReadAction\",\"target\":[\"https:\\\/\\\/amb.hu\\\/hu\\\/vasar-menedzsment\\\/\"]}]},{\"@type\":\"BreadcrumbList\",\"@id\":\"https:\\\/\\\/amb.hu\\\/hu\\\/vasar-menedzsment\\\/#breadcrumb\",\"itemListElement\":[{\"@type\":\"ListItem\",\"position\":1,\"name\":\"Kezd\u0151lap\",\"item\":\"https:\\\/\\\/amb.hu\\\/hu\\\/\"},{\"@type\":\"ListItem\",\"position\":2,\"name\":\"V\u00e1s\u00e1r Menedzsment\"}]},{\"@type\":\"WebSite\",\"@id\":\"https:\\\/\\\/amb.hu\\\/hu\\\/#website\",\"url\":\"https:\\\/\\\/amb.hu\\\/hu\\\/\",\"name\":\"Art Market Budapest\",\"description\":\"International Contemporary Art Fair\",\"publisher\":{\"@id\":\"https:\\\/\\\/amb.hu\\\/hu\\\/#organization\"},\"potentialAction\":[{\"@type\":\"SearchAction\",\"target\":{\"@type\":\"EntryPoint\",\"urlTemplate\":\"https:\\\/\\\/amb.hu\\\/hu\\\/?s={search_term_string}\"},\"query-input\":{\"@type\":\"PropertyValueSpecification\",\"valueRequired\":true,\"valueName\":\"search_term_string\"}}],\"inLanguage\":\"hu\"},{\"@type\":\"Organization\",\"@id\":\"https:\\\/\\\/amb.hu\\\/hu\\\/#organization\",\"name\":\"Art Market Budapest\",\"url\":\"https:\\\/\\\/amb.hu\\\/hu\\\/\",\"logo\":{\"@type\":\"ImageObject\",\"inLanguage\":\"hu\",\"@id\":\"https:\\\/\\\/amb.hu\\\/hu\\\/#\\\/schema\\\/logo\\\/image\\\/\",\"url\":\"https:\\\/\\\/amb.hu\\\/wp-content\\\/uploads\\\/2022\\\/08\\\/logo-art-market-budapest.svg\",\"contentUrl\":\"https:\\\/\\\/amb.hu\\\/wp-content\\\/uploads\\\/2022\\\/08\\\/logo-art-market-budapest.svg\",\"width\":159,\"height\":63,\"caption\":\"Art Market Budapest\"},\"image\":{\"@id\":\"https:\\\/\\\/amb.hu\\\/hu\\\/#\\\/schema\\\/logo\\\/image\\\/\"},\"sameAs\":[\"https:\\\/\\\/www.facebook.com\\\/ArtMarketBudapest\\\/\",\"https:\\\/\\\/www.instagram.com\\\/artmarketbudapest\\\/\"]}]}<\/script>\n<!-- \/ Yoast SEO plugin. -->","yoast_head_json":{"title":"V\u00e1s\u00e1r Menedzsment - Art Market Budapest","robots":{"index":"index","follow":"follow","max-snippet":"max-snippet:-1","max-image-preview":"max-image-preview:large","max-video-preview":"max-video-preview:-1"},"canonical":"https:\/\/amb.hu\/hu\/vasar-menedzsment\/","og_locale":"hu_HU","og_type":"article","og_title":"V\u00e1s\u00e1r Menedzsment - Art Market Budapest","og_description":"V\u00c1S\u00c1R MENEDZSMENT LED\u00c9NYI Attilav\u00e1s\u00e1r igazgat\u00f3 BAR\u00c1NKA Eszter\u00e1ltal\u00e1nos vezet\u0151 KOV\u00c1CS \u00c9vaoperat\u00edv vezet\u0151 CSERP\u00c1K Martinki\u00e1ll\u00edt\u00e1si vezet\u0151 Dr. BARSI Zsuzsannapartners\u00e9g \u00e9s nemzetk\u00f6zi programok vezet\u0151 SZERVEZ\u0150ART TODAY Kft. PROGRAMOK sCulture:&nbsp;MAKL\u00c1RY LillaArt Photo Budapest:&nbsp;Dejan SLUGA, Photon Heged\u0171 u. 9.1061 Budapest+36 1 239 0007info@amb.huwww.amb.huwww.facebook.com\/ArtMarketBudapesthttps:\/\/www.youtube.com\/channel\/UCnQPOaCDPK7z-_6s-uv7xHQhttps:\/\/www.instagram.com\/ArtMarketBudapest\/","og_url":"https:\/\/amb.hu\/hu\/vasar-menedzsment\/","og_site_name":"Art Market Budapest","article_publisher":"https:\/\/www.facebook.com\/ArtMarketBudapest\/","article_modified_time":"2026-04-18T13:33:49+00:00","og_image":[{"width":1200,"height":630,"url":"https:\/\/amb.hu\/wp-content\/uploads\/2023\/01\/amb-facebook.png","type":"image\/png"}],"twitter_card":"summary_large_image","twitter_misc":{"Becs\u00fclt olvas\u00e1si id\u0151":"1 perc"},"schema":{"@context":"https:\/\/schema.org","@graph":[{"@type":"WebPage","@id":"https:\/\/amb.hu\/hu\/vasar-menedzsment\/","url":"https:\/\/amb.hu\/hu\/vasar-menedzsment\/","name":"V\u00e1s\u00e1r Menedzsment - Art Market Budapest","isPartOf":{"@id":"https:\/\/amb.hu\/hu\/#website"},"datePublished":"2026-04-18T13:18:59+00:00","dateModified":"2026-04-18T13:33:49+00:00","breadcrumb":{"@id":"https:\/\/amb.hu\/hu\/vasar-menedzsment\/#breadcrumb"},"inLanguage":"hu","potentialAction":[{"@type":"ReadAction","target":["https:\/\/amb.hu\/hu\/vasar-menedzsment\/"]}]},{"@type":"BreadcrumbList","@id":"https:\/\/amb.hu\/hu\/vasar-menedzsment\/#breadcrumb","itemListElement":[{"@type":"ListItem","position":1,"name":"Kezd\u0151lap","item":"https:\/\/amb.hu\/hu\/"},{"@type":"ListItem","position":2,"name":"V\u00e1s\u00e1r Menedzsment"}]},{"@type":"WebSite","@id":"https:\/\/amb.hu\/hu\/#website","url":"https:\/\/amb.hu\/hu\/","name":"Art Market Budapest","description":"International Contemporary Art Fair","publisher":{"@id":"https:\/\/amb.hu\/hu\/#organization"},"potentialAction":[{"@type":"SearchAction","target":{"@type":"EntryPoint","urlTemplate":"https:\/\/amb.hu\/hu\/?s={search_term_string}"},"query-input":{"@type":"PropertyValueSpecification","valueRequired":true,"valueName":"search_term_string"}}],"inLanguage":"hu"},{"@type":"Organization","@id":"https:\/\/amb.hu\/hu\/#organization","name":"Art Market Budapest","url":"https:\/\/amb.hu\/hu\/","logo":{"@type":"ImageObject","inLanguage":"hu","@id":"https:\/\/amb.hu\/hu\/#\/schema\/logo\/image\/","url":"https:\/\/amb.hu\/wp-content\/uploads\/2022\/08\/logo-art-market-budapest.svg","contentUrl":"https:\/\/amb.hu\/wp-content\/uploads\/2022\/08\/logo-art-market-budapest.svg","width":159,"height":63,"caption":"Art Market Budapest"},"image":{"@id":"https:\/\/amb.hu\/hu\/#\/schema\/logo\/image\/"},"sameAs":["https:\/\/www.facebook.com\/ArtMarketBudapest\/","https:\/\/www.instagram.com\/artmarketbudapest\/"]}]}},"_links":{"self":[{"href":"https:\/\/amb.hu\/hu\/wp-json\/wp\/v2\/pages\/7261","targetHints":{"allow":["GET"]}}],"collection":[{"href":"https:\/\/amb.hu\/hu\/wp-json\/wp\/v2\/pages"}],"about":[{"href":"https:\/\/amb.hu\/hu\/wp-json\/wp\/v2\/types\/page"}],"author":[{"embeddable":true,"href":"https:\/\/amb.hu\/hu\/wp-json\/wp\/v2\/users\/6"}],"replies":[{"embeddable":true,"href":"https:\/\/amb.hu\/hu\/wp-json\/wp\/v2\/comments?post=7261"}],"version-history":[{"count":4,"href":"https:\/\/amb.hu\/hu\/wp-json\/wp\/v2\/pages\/7261\/revisions"}],"predecessor-version":[{"id":7276,"href":"https:\/\/amb.hu\/hu\/wp-json\/wp\/v2\/pages\/7261\/revisions\/7276"}],"wp:attachment":[{"href":"https:\/\/amb.hu\/hu\/wp-json\/wp\/v2\/media?parent=7261"}],"curies":[{"name":"wp","href":"https:\/\/api.w.org\/{rel}","templated":true}]}}